{"id":217558,"date":"2025-03-20T14:25:16","date_gmt":"2025-03-20T14:25:16","guid":{"rendered":"https:\/\/aromasentia.com\/product\/himalayan-salt-aroma-diffuser-night-light-usb-c-flame-effect-salt-included\/"},"modified":"2025-12-31T15:55:25","modified_gmt":"2025-12-31T15:55:25","slug":"himalayasalt-doftspridare-diffuser-nattlampa-usb-c-flameffekt-salt-ej-inkluderad","status":"publish","type":"product","link":"https:\/\/aromasentia.com\/sv\/himalayasalt-doftspridare-diffuser-nattlampa-usb-c-flameffekt-salt-ej-inkluderad\/","title":{"rendered":"Himalayasalt Doftspridare Diffuser &#8211; Nattlampa &#8211; USB-C &#8211; Flameffekt (Salt ej inkluderad)"},"content":{"rendered":"<p style=\"text-align: justify;\"><strong>Himalayasalt Doftspridare Diffuser<\/strong> skapar en brinnande l\u00e5geffekt fr\u00e5n kombinationen av ljus och dimma f\u00f6r att dofta ditt rum eller kontor.&nbsp;<\/p>\n<p style=\"text-align: justify;\">Tills\u00e4tt bara lite vatten och din favorit eterisk olja f\u00f6r en omedelbar aromupplevelse.&nbsp;<\/p>\n<p style=\"text-align: justify;\">Den anv\u00e4nder ultraljudsv\u00e5gor f\u00f6r att omedelbart f\u00f6r\u00e5nga vattnet och den eteriska oljan i tanken f\u00f6r att skapa en sval torr doftande dimma.&nbsp;<\/p>\n<p style=\"text-align: justify;\">Saltbitar ing\u00e5r.&nbsp;<\/p>\n<p style=\"text-align: justify;\">Tankvolym: 220 ml&nbsp;<\/p>\n<p style=\"text-align: justify;\">Drivs av USB (sladdens l\u00e4ngd: 100 cm)&nbsp;<\/p>\n<p style=\"text-align: justify;\">Timer: 1-3-6 timmar&nbsp;<\/p>\n<p style=\"text-align: justify;\">M\u00e5tt: h\u00f6jd &#8211; 12 cm, diameter &#8211; 10 cm&nbsp;<\/p>\n<p style=\"text-align: justify;\"><strong>Anv\u00e4nd endast med eteriska oljor blandade i vatten!&nbsp;<\/strong><\/p>\n<p style=\"text-align: justify;\"><strong><span style=\"color: rgb(84, 172, 210);\">Enheterna tar slut snabbt &#8211; Best\u00e4ll idag f\u00f6r att \u00f6ka din f\u00f6rs\u00e4ljning!<\/span><\/strong><\/p>\n","protected":false},"excerpt":{"rendered":"<p>Himalayasalt Doftspridare Diffuser skapar en brinnande l\u00e5geffekt fr\u00e5n kombinationen av ljus och dimma f\u00f6r att dofta ditt rum eller kontor.&nbsp; Tills\u00e4tt bara lite vatten och din favorit eterisk olja f\u00f6r en omedelbar aromupplevelse.&nbsp; Den anv\u00e4nder ultraljudsv\u00e5gor f\u00f6r att omedelbart f\u00f6r\u00e5nga vattnet och den eteriska oljan i tanken f\u00f6r att skapa en sval torr doftande dimma.&nbsp; [&hellip;]<\/p>\n","protected":false},"featured_media":254037,"comment_status":"closed","ping_status":"open","template":"","meta":{"_angie_page":false},"product_brand":[],"product_cat":[11868],"product_tag":[],"class_list":{"0":"post-217558","1":"product","2":"type-product","3":"status-publish","4":"has-post-thumbnail","6":"product_cat-aromaterapi-och-rumsdofter","7":"pa_collection-electronic-led-colour-aroma-diffusers-sv","8":"pa_made-in-kina","10":"first","11":"instock","12":"purchasable","13":"product-type-simple"},"supplier_id":null,"supplier_sku":"AATOM-27","barcode":null,"atum_controlled":true,"out_stock_date":null,"out_stock_threshold":null,"inheritable":false,"inbound_stock":null,"stock_on_hold":0,"sold_today":0,"sales_last_days":0,"reserved_stock":null,"customer_returns":null,"warehouse_damage":null,"lost_in_post":null,"other_logs":null,"out_stock_days":0,"lost_sales":0,"has_location":null,"update_date":"2026-04-27T06:48:41","atum_locations":[],"atum_stock_status":"instock","restock_status":false,"low_stock_amount":"","sales_update_date":"2025-10-09T03:22:16","calc_backorders":null,"_links":{"self":[{"href":"https:\/\/aromasentia.com\/sv\/wp-json\/wp\/v2\/product\/217558","targetHints":{"allow":["GET"]}}],"collection":[{"href":"https:\/\/aromasentia.com\/sv\/wp-json\/wp\/v2\/product"}],"about":[{"href":"https:\/\/aromasentia.com\/sv\/wp-json\/wp\/v2\/types\/product"}],"replies":[{"embeddable":true,"href":"https:\/\/aromasentia.com\/sv\/wp-json\/wp\/v2\/comments?post=217558"}],"version-history":[{"count":0,"href":"https:\/\/aromasentia.com\/sv\/wp-json\/wp\/v2\/product\/217558\/revisions"}],"wp:featuredmedia":[{"embeddable":true,"href":"https:\/\/aromasentia.com\/sv\/wp-json\/wp\/v2\/media\/254037"}],"wp:attachment":[{"href":"https:\/\/aromasentia.com\/sv\/wp-json\/wp\/v2\/media?parent=217558"}],"wp:term":[{"taxonomy":"product_brand","embeddable":true,"href":"https:\/\/aromasentia.com\/sv\/wp-json\/wp\/v2\/product_brand?post=217558"},{"taxonomy":"product_cat","embeddable":true,"href":"https:\/\/aromasentia.com\/sv\/wp-json\/wp\/v2\/product_cat?post=217558"},{"taxonomy":"product_tag","embeddable":true,"href":"https:\/\/aromasentia.com\/sv\/wp-json\/wp\/v2\/product_tag?post=217558"}],"curies":[{"name":"wp","href":"https:\/\/api.w.org\/{rel}","templated":true}]}}