{"id":217557,"date":"2025-03-20T14:25:16","date_gmt":"2025-03-20T14:25:16","guid":{"rendered":"https:\/\/aromasentia.com\/product\/modern-aroma-diffuser-led-clock-usb-c-flame-effect\/"},"modified":"2025-12-31T15:55:25","modified_gmt":"2025-12-31T15:55:25","slug":"modern-doftspridare-diffuser-led-klocka-usb-c-flameffekt","status":"publish","type":"product","link":"https:\/\/aromasentia.com\/sv\/modern-doftspridare-diffuser-led-klocka-usb-c-flameffekt\/","title":{"rendered":"Modern Doftspridare Diffuser &#8211; LED-klocka &#8211; USB-C &#8211; Flameffekt"},"content":{"rendered":"<p style=\"text-align: justify;\">Modern Doftspridare Diffuser med LED-klocka skapar en brinnande l\u00e5geffekt fr\u00e5n kombination av ljus och dimma f\u00f6r att dofta ditt rum eller kontor. Tills\u00e4tt bara lite vatten och din favorit eterisk olja f\u00f6r en omedelbar aromupplevelse. Den anv\u00e4nder ultraljudsv\u00e5gor f\u00f6r att omedelbart f\u00f6r\u00e5nga vattnet och den eteriska oljan i tanken f\u00f6r att skapa en sval torr doftande dimma.&nbsp;<\/p>\n<p style=\"text-align: justify;\">Denna aromspridare med dess inbyggda klocka l\u00e5ter dig koppla av genom att andas in din favoritdoft och vakna upp utvilad.&nbsp;<\/p>\n<p style=\"text-align: justify;\">Tankvolym: 180 ml&nbsp;<\/p>\n<p style=\"text-align: justify;\">LED-ljus: 7 varianter&nbsp;<\/p>\n<p style=\"text-align: justify;\">Drivs av USB (sladdens l\u00e4ngd: 100 cm)&nbsp;<\/p>\n<p style=\"text-align: justify;\">Timer: 1-2-3-6 timmar&nbsp;<\/p>\n<p style=\"text-align: justify;\">M\u00e5tt: h\u00f6jd &#8211; 11 cm, diameter &#8211; 19 cm&nbsp;<\/p>\n<p style=\"text-align: justify;\"><strong>Anv\u00e4nd endast med eteriska oljor blandade i vatten!&nbsp;<\/strong><\/p>\n<p style=\"text-align: justify;\"><strong><span style=\"color: rgb(84, 172, 210);\">Enheterna tar slut snabbt &#8211; Best\u00e4ll idag f\u00f6r att \u00f6ka din f\u00f6rs\u00e4ljning!<\/span><\/strong><\/p>\n","protected":false},"excerpt":{"rendered":"<p>Modern Doftspridare Diffuser med LED-klocka skapar en brinnande l\u00e5geffekt fr\u00e5n kombination av ljus och dimma f\u00f6r att dofta ditt rum eller kontor. Tills\u00e4tt bara lite vatten och din favorit eterisk olja f\u00f6r en omedelbar aromupplevelse. Den anv\u00e4nder ultraljudsv\u00e5gor f\u00f6r att omedelbart f\u00f6r\u00e5nga vattnet och den eteriska oljan i tanken f\u00f6r att skapa en sval torr [&hellip;]<\/p>\n","protected":false},"featured_media":254012,"comment_status":"closed","ping_status":"open","template":"","meta":[],"product_brand":[],"product_cat":[11868],"product_tag":[],"class_list":{"0":"post-217557","1":"product","2":"type-product","3":"status-publish","4":"has-post-thumbnail","6":"product_cat-aromaterapi-och-rumsdofter","7":"pa_collection-electronic-led-colour-aroma-diffusers-sv","8":"pa_made-in-kina","10":"first","11":"outofstock","12":"purchasable","13":"product-type-simple"},"supplier_id":null,"supplier_sku":"AATOM-26","barcode":null,"atum_controlled":true,"out_stock_date":"2025-10-08 11:19:40","out_stock_threshold":null,"inheritable":false,"inbound_stock":null,"stock_on_hold":0,"sold_today":0,"sales_last_days":0,"reserved_stock":null,"customer_returns":null,"warehouse_damage":null,"lost_in_post":null,"other_logs":null,"out_stock_days":120,"lost_sales":0,"has_location":null,"update_date":"2026-02-06T00:01:05","atum_locations":[],"atum_stock_status":"outofstock","restock_status":false,"low_stock_amount":"","sales_update_date":"2026-02-06T00:01:05","calc_backorders":null,"_links":{"self":[{"href":"https:\/\/aromasentia.com\/sv\/wp-json\/wp\/v2\/product\/217557","targetHints":{"allow":["GET"]}}],"collection":[{"href":"https:\/\/aromasentia.com\/sv\/wp-json\/wp\/v2\/product"}],"about":[{"href":"https:\/\/aromasentia.com\/sv\/wp-json\/wp\/v2\/types\/product"}],"replies":[{"embeddable":true,"href":"https:\/\/aromasentia.com\/sv\/wp-json\/wp\/v2\/comments?post=217557"}],"version-history":[{"count":0,"href":"https:\/\/aromasentia.com\/sv\/wp-json\/wp\/v2\/product\/217557\/revisions"}],"wp:featuredmedia":[{"embeddable":true,"href":"https:\/\/aromasentia.com\/sv\/wp-json\/wp\/v2\/media\/254012"}],"wp:attachment":[{"href":"https:\/\/aromasentia.com\/sv\/wp-json\/wp\/v2\/media?parent=217557"}],"wp:term":[{"taxonomy":"product_brand","embeddable":true,"href":"https:\/\/aromasentia.com\/sv\/wp-json\/wp\/v2\/product_brand?post=217557"},{"taxonomy":"product_cat","embeddable":true,"href":"https:\/\/aromasentia.com\/sv\/wp-json\/wp\/v2\/product_cat?post=217557"},{"taxonomy":"product_tag","embeddable":true,"href":"https:\/\/aromasentia.com\/sv\/wp-json\/wp\/v2\/product_tag?post=217557"}],"curies":[{"name":"wp","href":"https:\/\/api.w.org\/{rel}","templated":true}]}}