{"id":217556,"date":"2025-03-20T14:25:16","date_gmt":"2025-03-20T14:25:16","guid":{"rendered":"https:\/\/aromasentia.com\/product\/blaze-aroma-diffuser-himalayan-salt-chamber-usb-c-flame-effect-salt-included\/"},"modified":"2025-12-31T15:55:18","modified_gmt":"2025-12-31T15:55:18","slug":"doftspridare-diffuser-med-vit-flamma-himalayasalt-kammare-usb-c-flameffekt","status":"publish","type":"product","link":"https:\/\/aromasentia.com\/sv\/doftspridare-diffuser-med-vit-flamma-himalayasalt-kammare-usb-c-flameffekt\/","title":{"rendered":"Doftspridare Diffuser med Vit Flamma &#8211; Himalayasalt-kammare &#8211; USB-C &#8211; Flameffekt"},"content":{"rendered":"<p style=\"text-align: justify;\"><strong>Doftspridare Diffuser med Vit Flamma<\/strong> skapar en brinnande l\u00e5geffekt fr\u00e5n kombinationen av ljus och dimma f\u00f6r att dofta ditt rum eller kontor.&nbsp;<\/p>\n<p style=\"text-align: justify;\">Tills\u00e4tt bara lite vatten och din favorit eterisk olja f\u00f6r en omedelbar aromupplevelse.&nbsp;<\/p>\n<p style=\"text-align: justify;\">Den anv\u00e4nder ultraljudsv\u00e5gor f\u00f6r att omedelbart f\u00f6r\u00e5nga vattnet och den eteriska oljan i tanken f\u00f6r att skapa en sval torr doftande dimma.&nbsp;<\/p>\n<p style=\"text-align: justify;\">Saltbitar ing\u00e5r.<\/p>\n<p style=\"text-align: justify;\">Tankvolym: 250 ml&nbsp;<\/p>\n<p style=\"text-align: justify;\">Drivs av USB (sladdens l\u00e4ngd: 100 cm)&nbsp;<\/p>\n<p style=\"text-align: justify;\">Timer: 3-6 timmar&nbsp;<\/p>\n<p style=\"text-align: justify;\">M\u00e5tt: h\u00f6jd &#8211; 23 cm, diameter &#8211; 19 cm&nbsp;<\/p>\n<p style=\"text-align: justify;\"><strong>Anv\u00e4nd endast med eteriska oljor blandade i vatten!&nbsp;<\/strong><\/p>\n<p style=\"text-align: justify;\"><strong><span style=\"color: rgb(84, 172, 210);\">Enheterna tar slut snabbt &#8211; Best\u00e4ll idag f\u00f6r att \u00f6ka din f\u00f6rs\u00e4ljning!<\/span><\/strong><\/p>\n","protected":false},"excerpt":{"rendered":"<p>Doftspridare Diffuser med Vit Flamma skapar en brinnande l\u00e5geffekt fr\u00e5n kombinationen av ljus och dimma f\u00f6r att dofta ditt rum eller kontor.&nbsp; Tills\u00e4tt bara lite vatten och din favorit eterisk olja f\u00f6r en omedelbar aromupplevelse.&nbsp; Den anv\u00e4nder ultraljudsv\u00e5gor f\u00f6r att omedelbart f\u00f6r\u00e5nga vattnet och den eteriska oljan i tanken f\u00f6r att skapa en sval torr [&hellip;]<\/p>\n","protected":false},"featured_media":253987,"comment_status":"closed","ping_status":"open","template":"","meta":[],"product_brand":[],"product_cat":[11868],"product_tag":[],"class_list":{"0":"post-217556","1":"product","2":"type-product","3":"status-publish","4":"has-post-thumbnail","6":"product_cat-aromaterapi-och-rumsdofter","7":"pa_collection-electronic-led-colour-aroma-diffusers-sv","8":"pa_made-in-kina","10":"first","11":"instock","12":"purchasable","13":"product-type-simple"},"supplier_id":null,"supplier_sku":"AATOM-25","barcode":null,"atum_controlled":true,"out_stock_date":null,"out_stock_threshold":null,"inheritable":false,"inbound_stock":0,"stock_on_hold":0,"sold_today":0,"sales_last_days":0,"reserved_stock":0,"customer_returns":0,"warehouse_damage":0,"lost_in_post":0,"other_logs":0,"out_stock_days":0,"lost_sales":0,"has_location":false,"update_date":"2026-02-08T14:32:19","atum_locations":[],"atum_stock_status":"instock","restock_status":false,"low_stock_amount":"","sales_update_date":"2025-10-09T03:22:16","calc_backorders":null,"_links":{"self":[{"href":"https:\/\/aromasentia.com\/sv\/wp-json\/wp\/v2\/product\/217556","targetHints":{"allow":["GET"]}}],"collection":[{"href":"https:\/\/aromasentia.com\/sv\/wp-json\/wp\/v2\/product"}],"about":[{"href":"https:\/\/aromasentia.com\/sv\/wp-json\/wp\/v2\/types\/product"}],"replies":[{"embeddable":true,"href":"https:\/\/aromasentia.com\/sv\/wp-json\/wp\/v2\/comments?post=217556"}],"version-history":[{"count":0,"href":"https:\/\/aromasentia.com\/sv\/wp-json\/wp\/v2\/product\/217556\/revisions"}],"wp:featuredmedia":[{"embeddable":true,"href":"https:\/\/aromasentia.com\/sv\/wp-json\/wp\/v2\/media\/253987"}],"wp:attachment":[{"href":"https:\/\/aromasentia.com\/sv\/wp-json\/wp\/v2\/media?parent=217556"}],"wp:term":[{"taxonomy":"product_brand","embeddable":true,"href":"https:\/\/aromasentia.com\/sv\/wp-json\/wp\/v2\/product_brand?post=217556"},{"taxonomy":"product_cat","embeddable":true,"href":"https:\/\/aromasentia.com\/sv\/wp-json\/wp\/v2\/product_cat?post=217556"},{"taxonomy":"product_tag","embeddable":true,"href":"https:\/\/aromasentia.com\/sv\/wp-json\/wp\/v2\/product_tag?post=217556"}],"curies":[{"name":"wp","href":"https:\/\/api.w.org\/{rel}","templated":true}]}}