{"id":217553,"date":"2025-03-20T14:25:16","date_gmt":"2025-03-20T14:25:16","guid":{"rendered":"https:\/\/aromasentia.com\/product\/copenhagen-atomiser-usb-colour-change-timer\/"},"modified":"2025-12-31T15:55:18","modified_gmt":"2025-12-31T15:55:18","slug":"kopenhamn-doftspridare-diffuser-usb-andrar-farg-timer","status":"publish","type":"product","link":"https:\/\/aromasentia.com\/sv\/kopenhamn-doftspridare-diffuser-usb-andrar-farg-timer\/","title":{"rendered":"K\u00f6penhamn Doftspridare Diffuser &#8211; USB &#8211; \u00c4ndrar F\u00e4rg &#8211; Timer"},"content":{"rendered":"<p><strong>K\u00f6penhamn Doftspridare Diffuser<\/strong> \u00e4r tidl\u00f6s och elegant, och den ger ett flamfritt och r\u00f6kfritt s\u00e4tt att dofta ditt rum eller kontor. Tills\u00e4tt bara lite vatten och en din favorit eterisk olja f\u00f6r en omedelbar aromupplevelse.&nbsp;<\/p>\n<p>Den anv\u00e4nder ultraljudsv\u00e5gor f\u00f6r att omedelbart f\u00f6r\u00e5nga vattnet och den eteriska oljan i tanken f\u00f6r att skapa en sval torr doftande dimma.&nbsp;<\/p>\n<p>Tankvolym: 120 ml&nbsp;<\/p>\n<p>LED-ljus: 4 f\u00e4rger&nbsp;<\/p>\n<p>Drivs av USB (sladdens l\u00e4ngd: 100 cm)&nbsp;<\/p>\n<p>Automatisk avst\u00e4ngning n\u00e4r vattnet tar slut&nbsp;<\/p>\n<p>Timer: 1-3-6 timmar&nbsp;<\/p>\n<p>H\u00f6jd: 14 cm, Diameter: 10,5 cm, Vikt: 0,400 kg&nbsp;<\/p>\n<p>Bruksanvisning inkluderad.&nbsp;<\/p>\n<p><strong>Anv\u00e4nd endast med eteriska oljor blandade i vatten!<\/strong><\/p>\n","protected":false},"excerpt":{"rendered":"<p>K\u00f6penhamn Doftspridare Diffuser \u00e4r tidl\u00f6s och elegant, och den ger ett flamfritt och r\u00f6kfritt s\u00e4tt att dofta ditt rum eller kontor. Tills\u00e4tt bara lite vatten och en din favorit eterisk olja f\u00f6r en omedelbar aromupplevelse.&nbsp; Den anv\u00e4nder ultraljudsv\u00e5gor f\u00f6r att omedelbart f\u00f6r\u00e5nga vattnet och den eteriska oljan i tanken f\u00f6r att skapa en sval torr [&hellip;]<\/p>\n","protected":false},"featured_media":253896,"comment_status":"closed","ping_status":"open","template":"","meta":[],"product_brand":[],"product_cat":[11884,13976],"product_tag":[],"class_list":{"0":"post-217553","1":"product","2":"type-product","3":"status-publish","4":"has-post-thumbnail","6":"product_cat-aromalampor-diffusers-och-doftpinnar","7":"product_cat-diffusers-och-doftspridare","8":"pa_collection-electronic-led-colour-aroma-diffusers-sv","9":"pa_made-in-kina","11":"first","12":"instock","13":"purchasable","14":"product-type-simple"},"supplier_id":null,"supplier_sku":"AATOM-19","barcode":null,"atum_controlled":true,"out_stock_date":null,"out_stock_threshold":null,"inheritable":false,"inbound_stock":null,"stock_on_hold":0,"sold_today":0,"sales_last_days":0,"reserved_stock":null,"customer_returns":null,"warehouse_damage":null,"lost_in_post":null,"other_logs":null,"out_stock_days":0,"lost_sales":0,"has_location":null,"update_date":"2026-02-12T05:52:45","atum_locations":[],"atum_stock_status":"instock","restock_status":false,"low_stock_amount":"","sales_update_date":"2025-10-09T03:22:15","calc_backorders":null,"_links":{"self":[{"href":"https:\/\/aromasentia.com\/sv\/wp-json\/wp\/v2\/product\/217553","targetHints":{"allow":["GET"]}}],"collection":[{"href":"https:\/\/aromasentia.com\/sv\/wp-json\/wp\/v2\/product"}],"about":[{"href":"https:\/\/aromasentia.com\/sv\/wp-json\/wp\/v2\/types\/product"}],"replies":[{"embeddable":true,"href":"https:\/\/aromasentia.com\/sv\/wp-json\/wp\/v2\/comments?post=217553"}],"version-history":[{"count":0,"href":"https:\/\/aromasentia.com\/sv\/wp-json\/wp\/v2\/product\/217553\/revisions"}],"wp:featuredmedia":[{"embeddable":true,"href":"https:\/\/aromasentia.com\/sv\/wp-json\/wp\/v2\/media\/253896"}],"wp:attachment":[{"href":"https:\/\/aromasentia.com\/sv\/wp-json\/wp\/v2\/media?parent=217553"}],"wp:term":[{"taxonomy":"product_brand","embeddable":true,"href":"https:\/\/aromasentia.com\/sv\/wp-json\/wp\/v2\/product_brand?post=217553"},{"taxonomy":"product_cat","embeddable":true,"href":"https:\/\/aromasentia.com\/sv\/wp-json\/wp\/v2\/product_cat?post=217553"},{"taxonomy":"product_tag","embeddable":true,"href":"https:\/\/aromasentia.com\/sv\/wp-json\/wp\/v2\/product_tag?post=217553"}],"curies":[{"name":"wp","href":"https:\/\/api.w.org\/{rel}","templated":true}]}}