{"id":217544,"date":"2025-03-20T14:25:16","date_gmt":"2025-03-20T14:25:16","guid":{"rendered":"https:\/\/aromasentia.com\/product\/ibiza-atomiser-infinity-lights-usb-colour-change\/"},"modified":"2025-12-31T15:55:10","modified_gmt":"2025-12-31T15:55:10","slug":"ibiza-doftspridare-diffuser-infinity-ljus-usb-andrar-farg","status":"publish","type":"product","link":"https:\/\/aromasentia.com\/sv\/ibiza-doftspridare-diffuser-infinity-ljus-usb-andrar-farg\/","title":{"rendered":"Ibiza Doftspridare Diffuser &#8211; Infinity-ljus &#8211; USB &#8211; \u00c4ndrar F\u00e4rg"},"content":{"rendered":"<p style=\"text-align: justify;\">Ibiza Doftspridare Diffuser med infinity-ljus \u00e4r tidl\u00f6s och elegant, och den ger ett flamfritt och r\u00f6kfritt s\u00e4tt att dofta ditt rum eller kontor. Tills\u00e4tt bara lite vatten och din favorit eterisk olja f\u00f6r en omedelbar aromupplevelse.&nbsp;<\/p>\n<p style=\"text-align: justify;\">Den anv\u00e4nder ultraljudsv\u00e5gor f\u00f6r att omedelbart f\u00f6r\u00e5nga vattnet och den eteriska oljan i tanken f\u00f6r att skapa en sval torr doftande dimma.&nbsp;<\/p>\n<p style=\"text-align: justify;\">Tankkapacitet: 100 ml&nbsp;<\/p>\n<p style=\"text-align: justify;\">LED-ljus: 7 f\u00e4rger&nbsp;<\/p>\n<p style=\"text-align: justify;\">Drivs av USB (sladdens l\u00e4ngd: 100 cm)&nbsp;<\/p>\n<p style=\"text-align: justify;\">Automatisk avst\u00e4ngning n\u00e4r vattnet tar slut&nbsp;<\/p>\n<p style=\"text-align: justify;\">Timer: 3-6 timmar&nbsp;<\/p>\n<p style=\"text-align: justify;\">H\u00f6jd: 23,5 cm, Diameter: 12,5 cm, Vikt: 500 g&nbsp;<\/p>\n<p style=\"text-align: justify;\"><strong>Anv\u00e4nd endast med eteriska oljor blandade i vatten!<\/strong><\/p>\n","protected":false},"excerpt":{"rendered":"<p>Ibiza Doftspridare Diffuser med infinity-ljus \u00e4r tidl\u00f6s och elegant, och den ger ett flamfritt och r\u00f6kfritt s\u00e4tt att dofta ditt rum eller kontor. Tills\u00e4tt bara lite vatten och din favorit eterisk olja f\u00f6r en omedelbar aromupplevelse.&nbsp; Den anv\u00e4nder ultraljudsv\u00e5gor f\u00f6r att omedelbart f\u00f6r\u00e5nga vattnet och den eteriska oljan i tanken f\u00f6r att skapa en sval [&hellip;]<\/p>\n","protected":false},"featured_media":253783,"comment_status":"closed","ping_status":"open","template":"","meta":[],"product_brand":[],"product_cat":[11884,13976],"product_tag":[],"class_list":{"0":"post-217544","1":"product","2":"type-product","3":"status-publish","4":"has-post-thumbnail","6":"product_cat-aromalampor-diffusers-och-doftpinnar","7":"product_cat-diffusers-och-doftspridare","8":"pa_collection-electronic-led-colour-aroma-diffusers-sv","9":"pa_made-in-kina","11":"first","12":"outofstock","13":"purchasable","14":"product-type-simple"},"supplier_id":null,"supplier_sku":"AATOM-13","barcode":null,"atum_controlled":true,"out_stock_date":"2025-10-09 15:16:57","out_stock_threshold":null,"inheritable":false,"inbound_stock":null,"stock_on_hold":0,"sold_today":0,"sales_last_days":0,"reserved_stock":null,"customer_returns":null,"warehouse_damage":null,"lost_in_post":null,"other_logs":null,"out_stock_days":112,"lost_sales":0,"has_location":null,"update_date":"2026-01-30T01:25:17","atum_locations":[],"atum_stock_status":"outofstock","restock_status":false,"low_stock_amount":"","sales_update_date":"2026-01-30T01:25:17","calc_backorders":null,"_links":{"self":[{"href":"https:\/\/aromasentia.com\/sv\/wp-json\/wp\/v2\/product\/217544","targetHints":{"allow":["GET"]}}],"collection":[{"href":"https:\/\/aromasentia.com\/sv\/wp-json\/wp\/v2\/product"}],"about":[{"href":"https:\/\/aromasentia.com\/sv\/wp-json\/wp\/v2\/types\/product"}],"replies":[{"embeddable":true,"href":"https:\/\/aromasentia.com\/sv\/wp-json\/wp\/v2\/comments?post=217544"}],"version-history":[{"count":0,"href":"https:\/\/aromasentia.com\/sv\/wp-json\/wp\/v2\/product\/217544\/revisions"}],"wp:featuredmedia":[{"embeddable":true,"href":"https:\/\/aromasentia.com\/sv\/wp-json\/wp\/v2\/media\/253783"}],"wp:attachment":[{"href":"https:\/\/aromasentia.com\/sv\/wp-json\/wp\/v2\/media?parent=217544"}],"wp:term":[{"taxonomy":"product_brand","embeddable":true,"href":"https:\/\/aromasentia.com\/sv\/wp-json\/wp\/v2\/product_brand?post=217544"},{"taxonomy":"product_cat","embeddable":true,"href":"https:\/\/aromasentia.com\/sv\/wp-json\/wp\/v2\/product_cat?post=217544"},{"taxonomy":"product_tag","embeddable":true,"href":"https:\/\/aromasentia.com\/sv\/wp-json\/wp\/v2\/product_tag?post=217544"}],"curies":[{"name":"wp","href":"https:\/\/api.w.org\/{rel}","templated":true}]}}