{"id":217533,"date":"2025-03-20T14:25:16","date_gmt":"2025-03-20T14:25:16","guid":{"rendered":"https:\/\/aromasentia.com\/product\/aromatherapy-bath-potion-in-kraft-bag-350g-wake-up\/"},"modified":"2025-12-31T15:55:03","modified_gmt":"2025-12-31T15:55:03","slug":"aromaterapi-badsalt-350g-vakna","status":"publish","type":"product","link":"https:\/\/aromasentia.com\/sv\/aromaterapi-badsalt-350g-vakna\/","title":{"rendered":"Aromaterapi Badsalt 350g &#8211; Vakna"},"content":{"rendered":"<p style=\"text-align: justify;\"><strong>AW Gifts Aromaterapi Badsalt &#8211; Vakna&nbsp;<\/strong>\u00e4r tillverkad i v\u00e5r produktionsanl\u00e4ggning i Sheffield, med en smart blandning av rena eteriska oljor (grapefrukt, pepparmynta och may chang) och havssalt.<\/p>\n<p style=\"text-align: justify;\">S\u00e4ljs i en l\u00e5da med 5 stycken p\u00e5sar om 350g. Du kan s\u00e4lja varje p\u00e5se f\u00f6r 70 kr. Passar perfekt som en present att ge till dina n\u00e4ra och k\u00e4ra men ocks\u00e5 n\u00e5got som du sj\u00e4lv kan njuta av. &nbsp;<\/p>\n<p style=\"text-align: justify;\">Denna badsalt slappnar av din kroppen, ger energi och rensar sinnet.&nbsp;<\/p>\n<p style=\"text-align: justify;\">Tills\u00e4tt 2 eller 3 teskedar salt i ett rinnande bad f\u00f6r en avkopplande stund av aromaterapi.&nbsp;<\/p>\n<p style=\"text-align: justify;\"><strong><span style=\"color: rgb(84, 172, 210);\">Best\u00e4ll idag f\u00f6r att erbjuda dina kunder den magiska badupplevelsen!<\/span><\/strong><\/p>\n","protected":false},"excerpt":{"rendered":"<p>AW Gifts Aromaterapi Badsalt &#8211; Vakna&nbsp;\u00e4r tillverkad i v\u00e5r produktionsanl\u00e4ggning i Sheffield, med en smart blandning av rena eteriska oljor (grapefrukt, pepparmynta och may chang) och havssalt. S\u00e4ljs i en l\u00e5da med 5 stycken p\u00e5sar om 350g. Du kan s\u00e4lja varje p\u00e5se f\u00f6r 70 kr. Passar perfekt som en present att ge till dina n\u00e4ra [&hellip;]<\/p>\n","protected":false},"featured_media":254614,"comment_status":"closed","ping_status":"open","template":"","meta":{"_angie_page":false},"product_brand":[],"product_cat":[12600,12908],"product_tag":[],"class_list":{"0":"post-217533","1":"product","2":"type-product","3":"status-publish","4":"has-post-thumbnail","6":"product_cat-bad-och-dusch","7":"product_cat-badsalt","8":"pa_collection-aromatherapy-bath-potion-350g-sv","9":"pa_made-in-storbritannien","10":"pa_size-350g","12":"first","13":"instock","14":"purchasable","15":"product-type-simple"},"supplier_id":null,"supplier_sku":"ABPC-05","barcode":null,"atum_controlled":true,"out_stock_date":null,"out_stock_threshold":null,"inheritable":false,"inbound_stock":null,"stock_on_hold":0,"sold_today":0,"sales_last_days":0,"reserved_stock":null,"customer_returns":null,"warehouse_damage":null,"lost_in_post":null,"other_logs":null,"out_stock_days":0,"lost_sales":0,"has_location":null,"update_date":"2026-04-27T06:49:04","atum_locations":[],"atum_stock_status":"instock","restock_status":false,"low_stock_amount":"","sales_update_date":"2025-10-09T03:22:27","calc_backorders":null,"_links":{"self":[{"href":"https:\/\/aromasentia.com\/sv\/wp-json\/wp\/v2\/product\/217533","targetHints":{"allow":["GET"]}}],"collection":[{"href":"https:\/\/aromasentia.com\/sv\/wp-json\/wp\/v2\/product"}],"about":[{"href":"https:\/\/aromasentia.com\/sv\/wp-json\/wp\/v2\/types\/product"}],"replies":[{"embeddable":true,"href":"https:\/\/aromasentia.com\/sv\/wp-json\/wp\/v2\/comments?post=217533"}],"version-history":[{"count":0,"href":"https:\/\/aromasentia.com\/sv\/wp-json\/wp\/v2\/product\/217533\/revisions"}],"wp:featuredmedia":[{"embeddable":true,"href":"https:\/\/aromasentia.com\/sv\/wp-json\/wp\/v2\/media\/254614"}],"wp:attachment":[{"href":"https:\/\/aromasentia.com\/sv\/wp-json\/wp\/v2\/media?parent=217533"}],"wp:term":[{"taxonomy":"product_brand","embeddable":true,"href":"https:\/\/aromasentia.com\/sv\/wp-json\/wp\/v2\/product_brand?post=217533"},{"taxonomy":"product_cat","embeddable":true,"href":"https:\/\/aromasentia.com\/sv\/wp-json\/wp\/v2\/product_cat?post=217533"},{"taxonomy":"product_tag","embeddable":true,"href":"https:\/\/aromasentia.com\/sv\/wp-json\/wp\/v2\/product_tag?post=217533"}],"curies":[{"name":"wp","href":"https:\/\/api.w.org\/{rel}","templated":true}]}}