{"id":217528,"date":"2025-03-20T14:25:16","date_gmt":"2025-03-20T14:25:16","guid":{"rendered":"https:\/\/aromasentia.com\/product\/pink-nano-mist-face-fan-spray-usb-chargable\/"},"modified":"2025-12-31T15:55:03","modified_gmt":"2025-12-31T15:55:03","slug":"rosa-nano-mist-ansiktsflakt-spray-usb-laddningsbar","status":"publish","type":"product","link":"https:\/\/aromasentia.com\/sv\/rosa-nano-mist-ansiktsflakt-spray-usb-laddningsbar\/","title":{"rendered":"Rosa Nano Mist Ansiktsfl\u00e4kt &#038;  Spray &#8211; USB-laddningsbar"},"content":{"rendered":"<p style=\"text-align: justify;\"><strong>Rosa Nano Mist Ansiktsfl\u00e4kt &amp; Spray<\/strong> \u00e4r designad f\u00f6r att erbjuda \u00e5terfuktning och uppfriskande dimma under resan, vilket g\u00f6r den till ett m\u00e5ste till ditt lager.&nbsp;<\/p>\n<p style=\"text-align: justify;\">Rosa Nano Mist Ansiktsfl\u00e4kt &amp; Spray anv\u00e4nder avancerad nano-mistteknologi f\u00f6r att leverera en fin, uppfriskande dimma som omedelbart \u00e5terfuktar och \u00e5terupplivar huden. Den \u00e4r designad f\u00f6r att vara kompakt och l\u00e4tt, och \u00e4r d\u00e4rf\u00f6r perfekt f\u00f6r anv\u00e4ndning hemma, p\u00e5 kontoret eller p\u00e5 resa. Den h\u00e4r enheten har ocks\u00e5 USB-laddning, vilket f\u00f6rb\u00e4ttrar bekv\u00e4mligheten och anv\u00e4ndbarheten n\u00e4r du \u00e4r p\u00e5 spr\u00e5ng.&nbsp;<\/p>\n<p style=\"text-align: justify;\"><strong>Det \u00e4r en kylfl\u00e4kt och spray i ett<\/strong>, vilket g\u00f6r den idealisk f\u00f6r anv\u00e4ndning under varma dagar eller efter hudv\u00e5rdsrutiner. Kunder med en m\u00e4ngd olika estetiska preferenser kommer att dras till dess eleganta rosa f\u00e4rg, som ger en touch av stil till alla milj\u00f6er.&nbsp;<\/p>\n<p style=\"text-align: justify;\">Rosa Nano Mist Ansiktsfl\u00e4kt &amp; Spray kommer att tillf\u00f6ra v\u00e4rde till dina produkter och f\u00f6rse dina kunder med elegant b\u00e4rbar \u00e5terfuktning och kylning.&nbsp;<\/p>\n<p style=\"text-align: justify;\"><strong><span style=\"color: rgb(84, 172, 210);\">Uppgradera ditt lager med denna ansiktsfl\u00e4kt &amp; spray, som ger dina kunder lyxen av elegant, b\u00e4rbar kylning och \u00e5terfuktning vart de \u00e4n g\u00e5r!<\/span><\/strong><\/p>\n","protected":false},"excerpt":{"rendered":"<p>Rosa Nano Mist Ansiktsfl\u00e4kt &amp; Spray \u00e4r designad f\u00f6r att erbjuda \u00e5terfuktning och uppfriskande dimma under resan, vilket g\u00f6r den till ett m\u00e5ste till ditt lager.&nbsp; Rosa Nano Mist Ansiktsfl\u00e4kt &amp; Spray anv\u00e4nder avancerad nano-mistteknologi f\u00f6r att leverera en fin, uppfriskande dimma som omedelbart \u00e5terfuktar och \u00e5terupplivar huden. Den \u00e4r designad f\u00f6r att vara kompakt [&hellip;]<\/p>\n","protected":false},"featured_media":254505,"comment_status":"closed","ping_status":"open","template":"","meta":[],"product_brand":[],"product_cat":[11868],"product_tag":[],"class_list":{"0":"post-217528","1":"product","2":"type-product","3":"status-publish","4":"has-post-thumbnail","6":"product_cat-aromaterapi-och-rumsdofter","7":"pa_collection-electronic-led-colour-aroma-diffusers-sv","8":"pa_made-in-kina","10":"first","11":"instock","12":"purchasable","13":"product-type-simple"},"supplier_id":null,"supplier_sku":"AATOM-36","barcode":null,"atum_controlled":true,"out_stock_date":null,"out_stock_threshold":null,"inheritable":false,"inbound_stock":null,"stock_on_hold":0,"sold_today":0,"sales_last_days":0,"reserved_stock":null,"customer_returns":null,"warehouse_damage":null,"lost_in_post":null,"other_logs":null,"out_stock_days":0,"lost_sales":0,"has_location":null,"update_date":"2026-02-06T00:01:37","atum_locations":[],"atum_stock_status":"instock","restock_status":false,"low_stock_amount":"","sales_update_date":"2026-02-06T00:01:37","calc_backorders":null,"_links":{"self":[{"href":"https:\/\/aromasentia.com\/sv\/wp-json\/wp\/v2\/product\/217528","targetHints":{"allow":["GET"]}}],"collection":[{"href":"https:\/\/aromasentia.com\/sv\/wp-json\/wp\/v2\/product"}],"about":[{"href":"https:\/\/aromasentia.com\/sv\/wp-json\/wp\/v2\/types\/product"}],"replies":[{"embeddable":true,"href":"https:\/\/aromasentia.com\/sv\/wp-json\/wp\/v2\/comments?post=217528"}],"version-history":[{"count":0,"href":"https:\/\/aromasentia.com\/sv\/wp-json\/wp\/v2\/product\/217528\/revisions"}],"wp:featuredmedia":[{"embeddable":true,"href":"https:\/\/aromasentia.com\/sv\/wp-json\/wp\/v2\/media\/254505"}],"wp:attachment":[{"href":"https:\/\/aromasentia.com\/sv\/wp-json\/wp\/v2\/media?parent=217528"}],"wp:term":[{"taxonomy":"product_brand","embeddable":true,"href":"https:\/\/aromasentia.com\/sv\/wp-json\/wp\/v2\/product_brand?post=217528"},{"taxonomy":"product_cat","embeddable":true,"href":"https:\/\/aromasentia.com\/sv\/wp-json\/wp\/v2\/product_cat?post=217528"},{"taxonomy":"product_tag","embeddable":true,"href":"https:\/\/aromasentia.com\/sv\/wp-json\/wp\/v2\/product_tag?post=217528"}],"curies":[{"name":"wp","href":"https:\/\/api.w.org\/{rel}","templated":true}]}}