{"id":217526,"date":"2025-03-20T14:25:16","date_gmt":"2025-03-20T14:25:16","guid":{"rendered":"https:\/\/aromasentia.com\/product\/pink-humidifer-mondo-planet-usb-colour-change-down-light\/"},"modified":"2025-12-31T15:54:56","modified_gmt":"2025-12-31T15:54:56","slug":"rosa-luftfuktare-mondo-planet-usb-andrar-farg","status":"publish","type":"product","link":"https:\/\/aromasentia.com\/sv\/rosa-luftfuktare-mondo-planet-usb-andrar-farg\/","title":{"rendered":"Rosa Luftfuktare Mondo Planet &#8211; USB &#8211; \u00c4ndrar F\u00e4rg"},"content":{"rendered":"<p style=\"text-align: justify;\"><strong>Rosa Luftfuktare Mondo Planet<\/strong> har en modern, transparent design som tilltalar modern estetik och \u00e4r designad f\u00f6r att bibeh\u00e5lla optimala luftfuktighetsniv\u00e5er, vilket underl\u00e4ttar andning och ger friskare hud.&nbsp;<\/p>\n<p style=\"text-align: justify;\"><strong>Anv\u00e4nd s\u00e5h\u00e4r:&nbsp;<\/strong><\/p>\n<p style=\"text-align: justify;\">Ljusknapp: Det f\u00f6rsta klicket \u00e4r varmvitt ljus, det andra klicket \u00e4r att alla ljus t\u00e4nds, det tredje klicket \u00e4r lampl\u00e4ge i drift och det fj\u00e4rde klicket \u00e4r avst\u00e4ngt ljusl\u00e4ge.&nbsp;<\/p>\n<p style=\"text-align: justify;\">Sprayknapp: Tryck och h\u00e5ll in f\u00f6rsta g\u00e5ngen f\u00f6r att sl\u00e5 p\u00e5 sprayen, och tryck och h\u00e5ll in igen f\u00f6r att st\u00e4nga av sprayen.&nbsp;<\/p>\n<p style=\"text-align: justify;\">Vattentillsatsmetod: Ta tag i botten av vattentanken med handen, \u00f6ppna vattentanken i den riktning som anges av etiketten och tills\u00e4tt vatten. Efter att ha tillsatt vatten, l\u00e5s insidan av vattentanken. Rikta in identifieringen med huvuddelen, vrid medurs f\u00f6r att l\u00e5sa vattentanken och moturs f\u00f6r att \u00f6ppna vattentanken.&nbsp;<\/p>\n<p style=\"text-align: justify;\"><strong>Obs:&nbsp;<\/strong>Den h\u00e4r maskinen \u00e4r utrustad med tv\u00e5 bomullspinnar (en f\u00f6r backup). F\u00f6re f\u00f6rsta anv\u00e4ndning, ta bort \u00e4rmen och bomullspinnen fr\u00e5n tillbeh\u00f6rsp\u00e5sen. Efter att ha bl\u00f6tlagt bomullspinnen helt i vattnet, installera den i hylsan och f\u00e4st hylsan som inneh\u00e5ller bomullspinnen p\u00e5 vattentankens inre f\u00e4ste ovanf\u00f6r den maximala vattenniv\u00e5n. Dra \u00e5t vattentanken och f\u00f6lj instruktionerna f\u00f6r att sl\u00e5 p\u00e5 luftfuktaren.<\/p>\n","protected":false},"excerpt":{"rendered":"<p>Rosa Luftfuktare Mondo Planet har en modern, transparent design som tilltalar modern estetik och \u00e4r designad f\u00f6r att bibeh\u00e5lla optimala luftfuktighetsniv\u00e5er, vilket underl\u00e4ttar andning och ger friskare hud.&nbsp; Anv\u00e4nd s\u00e5h\u00e4r:&nbsp; Ljusknapp: Det f\u00f6rsta klicket \u00e4r varmvitt ljus, det andra klicket \u00e4r att alla ljus t\u00e4nds, det tredje klicket \u00e4r lampl\u00e4ge i drift och det fj\u00e4rde [&hellip;]<\/p>\n","protected":false},"featured_media":254439,"comment_status":"closed","ping_status":"open","template":"","meta":{"_angie_page":false},"product_brand":[],"product_cat":[11868],"product_tag":[],"class_list":{"0":"post-217526","1":"product","2":"type-product","3":"status-publish","4":"has-post-thumbnail","6":"product_cat-aromaterapi-och-rumsdofter","7":"pa_collection-electronic-led-colour-aroma-diffusers-sv","8":"pa_made-in-kina","10":"first","11":"instock","12":"purchasable","13":"product-type-simple"},"supplier_id":null,"supplier_sku":"AATOM-34","barcode":null,"atum_controlled":true,"out_stock_date":null,"out_stock_threshold":null,"inheritable":false,"inbound_stock":null,"stock_on_hold":0,"sold_today":0,"sales_last_days":0,"reserved_stock":null,"customer_returns":null,"warehouse_damage":null,"lost_in_post":null,"other_logs":null,"out_stock_days":0,"lost_sales":0,"has_location":null,"update_date":"2026-05-09T13:16:10","atum_locations":[],"atum_stock_status":"instock","restock_status":false,"low_stock_amount":"","sales_update_date":"2026-01-30T01:26:00","calc_backorders":null,"_links":{"self":[{"href":"https:\/\/aromasentia.com\/sv\/wp-json\/wp\/v2\/product\/217526","targetHints":{"allow":["GET"]}}],"collection":[{"href":"https:\/\/aromasentia.com\/sv\/wp-json\/wp\/v2\/product"}],"about":[{"href":"https:\/\/aromasentia.com\/sv\/wp-json\/wp\/v2\/types\/product"}],"replies":[{"embeddable":true,"href":"https:\/\/aromasentia.com\/sv\/wp-json\/wp\/v2\/comments?post=217526"}],"version-history":[{"count":0,"href":"https:\/\/aromasentia.com\/sv\/wp-json\/wp\/v2\/product\/217526\/revisions"}],"wp:featuredmedia":[{"embeddable":true,"href":"https:\/\/aromasentia.com\/sv\/wp-json\/wp\/v2\/media\/254439"}],"wp:attachment":[{"href":"https:\/\/aromasentia.com\/sv\/wp-json\/wp\/v2\/media?parent=217526"}],"wp:term":[{"taxonomy":"product_brand","embeddable":true,"href":"https:\/\/aromasentia.com\/sv\/wp-json\/wp\/v2\/product_brand?post=217526"},{"taxonomy":"product_cat","embeddable":true,"href":"https:\/\/aromasentia.com\/sv\/wp-json\/wp\/v2\/product_cat?post=217526"},{"taxonomy":"product_tag","embeddable":true,"href":"https:\/\/aromasentia.com\/sv\/wp-json\/wp\/v2\/product_tag?post=217526"}],"curies":[{"name":"wp","href":"https:\/\/api.w.org\/{rel}","templated":true}]}}