{"id":217523,"date":"2025-03-20T14:25:16","date_gmt":"2025-03-20T14:25:16","guid":{"rendered":"https:\/\/aromasentia.com\/product\/urban-aroma-diffuser-white-bronze-usb-colour-change\/"},"modified":"2025-12-31T15:54:56","modified_gmt":"2025-12-31T15:54:56","slug":"urban-doftspridare-vit-brons-usb-andrar-farg","status":"publish","type":"product","link":"https:\/\/aromasentia.com\/sv\/urban-doftspridare-vit-brons-usb-andrar-farg\/","title":{"rendered":"Urban Doftspridare Vit &#038; Brons &#8211; USB &#8211; \u00c4ndrar F\u00e4rg"},"content":{"rendered":"<p style=\"text-align: justify;\">Aromaterapi Luftfuktare med nattljusfunktion.&nbsp;<\/p>\n<p style=\"text-align: justify;\"><strong>Anv\u00e4nd en typ C-kontakt till en str\u00f6mk\u00e4lla.&nbsp;<\/strong><\/p>\n<p style=\"text-align: justify;\"><strong>M\u00e5tt: 12&#215;8, 8&#215;8, 8cm&nbsp;<\/strong><\/p>\n<p style=\"text-align: justify;\"><strong>Vattentankens kapacitet: 120ml&nbsp;<\/strong><\/p>\n<p style=\"text-align: justify;\"><strong>Anv\u00e4nd s\u00e5h\u00e4r:&nbsp;<\/strong><\/p>\n<p style=\"text-align: justify;\">Tills\u00e4tt vatten innan du anv\u00e4nder denna produkt, det \u00e4r f\u00f6rbjudet att anv\u00e4nda befuktningsfunktionen vid vattenbrist.&nbsp;<\/p>\n<p style=\"text-align: justify;\">N\u00e4r du reng\u00f6r produkten, tv\u00e4tta inte direkt under en kran f\u00f6r att undvika risken f\u00f6r kortslutning av produkten.&nbsp;<\/p>\n<p style=\"text-align: justify;\">Sl\u00e5 p\u00e5, RGB-lamporna blinkar en g\u00e5ng var (0,5 sekunder var)&nbsp;<\/p>\n<p style=\"text-align: justify;\">Tryck kort en g\u00e5ng f\u00f6r att b\u00f6rja spraya, fl\u00e4kten kommer att rotera och RGB-lamporna t\u00e4nds i f\u00e4rgglada cykler, och tryck sedan kort igen f\u00f6r att st\u00e4nga av.&nbsp;<\/p>\n<p style=\"text-align: justify;\">Under anv\u00e4ndning, tryck l\u00e4nge i 2 sekunder f\u00f6r att fixera f\u00e4rgen och ljuset kommer att t\u00e4ndas, tryck sedan l\u00e4nge i 2 sekunder f\u00f6r att sl\u00e4cka ljuset.<\/p>\n","protected":false},"excerpt":{"rendered":"<p>Aromaterapi Luftfuktare med nattljusfunktion.&nbsp; Anv\u00e4nd en typ C-kontakt till en str\u00f6mk\u00e4lla.&nbsp; M\u00e5tt: 12&#215;8, 8&#215;8, 8cm&nbsp; Vattentankens kapacitet: 120ml&nbsp; Anv\u00e4nd s\u00e5h\u00e4r:&nbsp; Tills\u00e4tt vatten innan du anv\u00e4nder denna produkt, det \u00e4r f\u00f6rbjudet att anv\u00e4nda befuktningsfunktionen vid vattenbrist.&nbsp; N\u00e4r du reng\u00f6r produkten, tv\u00e4tta inte direkt under en kran f\u00f6r att undvika risken f\u00f6r kortslutning av produkten.&nbsp; Sl\u00e5 p\u00e5, [&hellip;]<\/p>\n","protected":false},"featured_media":254332,"comment_status":"closed","ping_status":"open","template":"","meta":[],"product_brand":[],"product_cat":[11868],"product_tag":[],"class_list":{"0":"post-217523","1":"product","2":"type-product","3":"status-publish","4":"has-post-thumbnail","6":"product_cat-aromaterapi-och-rumsdofter","7":"pa_collection-electronic-led-colour-aroma-diffusers-sv","8":"pa_made-in-kina","10":"first","11":"instock","12":"purchasable","13":"product-type-simple"},"supplier_id":null,"supplier_sku":"AATOM-31","barcode":null,"atum_controlled":true,"out_stock_date":null,"out_stock_threshold":null,"inheritable":false,"inbound_stock":null,"stock_on_hold":0,"sold_today":0,"sales_last_days":0,"reserved_stock":null,"customer_returns":null,"warehouse_damage":null,"lost_in_post":null,"other_logs":null,"out_stock_days":0,"lost_sales":0,"has_location":null,"update_date":"2026-02-10T10:29:39","atum_locations":[],"atum_stock_status":"instock","restock_status":false,"low_stock_amount":"","sales_update_date":"2025-10-09T03:22:17","calc_backorders":null,"_links":{"self":[{"href":"https:\/\/aromasentia.com\/sv\/wp-json\/wp\/v2\/product\/217523","targetHints":{"allow":["GET"]}}],"collection":[{"href":"https:\/\/aromasentia.com\/sv\/wp-json\/wp\/v2\/product"}],"about":[{"href":"https:\/\/aromasentia.com\/sv\/wp-json\/wp\/v2\/types\/product"}],"replies":[{"embeddable":true,"href":"https:\/\/aromasentia.com\/sv\/wp-json\/wp\/v2\/comments?post=217523"}],"version-history":[{"count":0,"href":"https:\/\/aromasentia.com\/sv\/wp-json\/wp\/v2\/product\/217523\/revisions"}],"wp:featuredmedia":[{"embeddable":true,"href":"https:\/\/aromasentia.com\/sv\/wp-json\/wp\/v2\/media\/254332"}],"wp:attachment":[{"href":"https:\/\/aromasentia.com\/sv\/wp-json\/wp\/v2\/media?parent=217523"}],"wp:term":[{"taxonomy":"product_brand","embeddable":true,"href":"https:\/\/aromasentia.com\/sv\/wp-json\/wp\/v2\/product_brand?post=217523"},{"taxonomy":"product_cat","embeddable":true,"href":"https:\/\/aromasentia.com\/sv\/wp-json\/wp\/v2\/product_cat?post=217523"},{"taxonomy":"product_tag","embeddable":true,"href":"https:\/\/aromasentia.com\/sv\/wp-json\/wp\/v2\/product_tag?post=217523"}],"curies":[{"name":"wp","href":"https:\/\/api.w.org\/{rel}","templated":true}]}}