{"id":217522,"date":"2025-03-20T14:25:16","date_gmt":"2025-03-20T14:25:16","guid":{"rendered":"https:\/\/aromasentia.com\/product\/double-switchable-essential-oil-waterless-nebulizer-usb-to-c\/"},"modified":"2025-12-31T15:54:56","modified_gmt":"2025-12-31T15:54:56","slug":"dubbel-omkopplingsbar-vattenlos-oljenebulisator-usb-till-c","status":"publish","type":"product","link":"https:\/\/aromasentia.com\/sv\/dubbel-omkopplingsbar-vattenlos-oljenebulisator-usb-till-c\/","title":{"rendered":"Dubbel (omkopplingsbar) Vattenl\u00f6s Oljenebulisator &#8211; USB till C"},"content":{"rendered":"<p style=\"text-align: justify;\"><strong>Dubbel Vattenl\u00f6s Oljenebulisator<\/strong> beh\u00f6ver varken vatten eller v\u00e4rme. Den finf\u00f6rdelar direkt den eteriska oljan till partiklar p\u00e5 1-3 nanometer, vilket inte skadar oljans molekyl\u00e4ra struktur och f\u00f6rst\u00e4rker dess doft.&nbsp;<\/p>\n<p style=\"text-align: justify;\">F\u00f6rsta g\u00e5ngen trycker du f\u00f6rsiktigt p\u00e5 knappen l\u00e4ngst ner med fingrarna. Ta bort den tomma flaskan och ers\u00e4tt den med en ny flaska eterisk olja, s\u00e4tt sedan p\u00e5 munstycket. Installera tillbaka i originalprodukten. Triangelsymbolerna p\u00e5 munstycket m\u00e5ste matcha varandra.&nbsp;<\/p>\n<p style=\"text-align: justify;\"><strong>Obs:<\/strong> N\u00e4r du byter ut flaskan med eterisk olja, t\u00e4nk p\u00e5 f\u00f6ljande: Om den eteriska oljan inte f\u00f6rbrukas under bytet, v\u00e4nligen s\u00e4tt upp maskinen. Dra \u00e5t munstycksenheten och installera den om den inte kan tas bort.&nbsp;<\/p>\n<p style=\"text-align: justify;\">Produkten laddas med 5V DC-sp\u00e4nning, som kan laddas med en USB-portadapter eller en billaddare med en USB-port. N\u00e4r produkten laddas lyser Type-C-laddningslampan, n\u00e4r batteriet \u00e4r fulladdat \u00e4r laddningsljuset alltid r\u00f6tt.&nbsp;<\/p>\n<p style=\"text-align: justify;\">I p\u00e5slaget l\u00e4ge, n\u00e4r den \u00e5terst\u00e5ende batterikapaciteten \u00e4r mindre \u00e4n 15%, kommer laddningslampan ovanf\u00f6r Type-C att lysa r\u00f6tt och blinka 3 g\u00e5nger p\u00e5 1s (snabbblinkande) vilket indikerar att den beh\u00f6ver laddas.&nbsp;<\/p>\n<p style=\"text-align: justify;\"><strong>L\u00e4mplig f\u00f6r 10ml eteriska oljor p\u00e5 flaska.<\/strong><\/p>\n","protected":false},"excerpt":{"rendered":"<p>Dubbel Vattenl\u00f6s Oljenebulisator beh\u00f6ver varken vatten eller v\u00e4rme. Den finf\u00f6rdelar direkt den eteriska oljan till partiklar p\u00e5 1-3 nanometer, vilket inte skadar oljans molekyl\u00e4ra struktur och f\u00f6rst\u00e4rker dess doft.&nbsp; F\u00f6rsta g\u00e5ngen trycker du f\u00f6rsiktigt p\u00e5 knappen l\u00e4ngst ner med fingrarna. Ta bort den tomma flaskan och ers\u00e4tt den med en ny flaska eterisk olja, s\u00e4tt [&hellip;]<\/p>\n","protected":false},"featured_media":254291,"comment_status":"closed","ping_status":"open","template":"","meta":{"_angie_page":false},"product_brand":[],"product_cat":[11868],"product_tag":[],"class_list":{"0":"post-217522","1":"product","2":"type-product","3":"status-publish","4":"has-post-thumbnail","6":"product_cat-aromaterapi-och-rumsdofter","7":"pa_collection-electronic-led-colour-aroma-diffusers-sv","8":"pa_made-in-kina","10":"first","11":"instock","12":"purchasable","13":"product-type-simple"},"supplier_id":null,"supplier_sku":"AATOM-37","barcode":null,"atum_controlled":true,"out_stock_date":null,"out_stock_threshold":null,"inheritable":false,"inbound_stock":null,"stock_on_hold":0,"sold_today":0,"sales_last_days":0,"reserved_stock":null,"customer_returns":null,"warehouse_damage":null,"lost_in_post":null,"other_logs":null,"out_stock_days":0,"lost_sales":0,"has_location":null,"update_date":"2026-04-27T06:48:46","atum_locations":[],"atum_stock_status":"instock","restock_status":false,"low_stock_amount":"","sales_update_date":"2026-01-30T01:24:47","calc_backorders":null,"_links":{"self":[{"href":"https:\/\/aromasentia.com\/sv\/wp-json\/wp\/v2\/product\/217522","targetHints":{"allow":["GET"]}}],"collection":[{"href":"https:\/\/aromasentia.com\/sv\/wp-json\/wp\/v2\/product"}],"about":[{"href":"https:\/\/aromasentia.com\/sv\/wp-json\/wp\/v2\/types\/product"}],"replies":[{"embeddable":true,"href":"https:\/\/aromasentia.com\/sv\/wp-json\/wp\/v2\/comments?post=217522"}],"version-history":[{"count":0,"href":"https:\/\/aromasentia.com\/sv\/wp-json\/wp\/v2\/product\/217522\/revisions"}],"wp:featuredmedia":[{"embeddable":true,"href":"https:\/\/aromasentia.com\/sv\/wp-json\/wp\/v2\/media\/254291"}],"wp:attachment":[{"href":"https:\/\/aromasentia.com\/sv\/wp-json\/wp\/v2\/media?parent=217522"}],"wp:term":[{"taxonomy":"product_brand","embeddable":true,"href":"https:\/\/aromasentia.com\/sv\/wp-json\/wp\/v2\/product_brand?post=217522"},{"taxonomy":"product_cat","embeddable":true,"href":"https:\/\/aromasentia.com\/sv\/wp-json\/wp\/v2\/product_cat?post=217522"},{"taxonomy":"product_tag","embeddable":true,"href":"https:\/\/aromasentia.com\/sv\/wp-json\/wp\/v2\/product_tag?post=217522"}],"curies":[{"name":"wp","href":"https:\/\/api.w.org\/{rel}","templated":true}]}}