{"id":217521,"date":"2025-03-20T14:25:16","date_gmt":"2025-03-20T14:25:16","guid":{"rendered":"https:\/\/aromasentia.com\/product\/mini-single-waterless-oil-nebulizer-usb-to-c-movement-dectector\/"},"modified":"2025-12-31T15:54:56","modified_gmt":"2025-12-31T15:54:56","slug":"mini-enkel-vattenlos-oljenebulisator-usb-till-c-rorelsedetektor","status":"publish","type":"product","link":"https:\/\/aromasentia.com\/sv\/mini-enkel-vattenlos-oljenebulisator-usb-till-c-rorelsedetektor\/","title":{"rendered":"Mini Enkel Vattenl\u00f6s Oljenebulisator &#8211; USB till C &#8211; R\u00f6relsedetektor"},"content":{"rendered":"<p style=\"text-align: justify;\">Denna produkt \u00e4r l\u00e4mplig f\u00f6r 10 ml eteriska oljor p\u00e5 flaska.&nbsp;<\/p>\n<p style=\"text-align: justify;\">F\u00f6re f\u00f6rsta anv\u00e4ndning tar du bort &quot;dammskyddet&quot;, v\u00e4nder p\u00e5 diffusorn och s\u00e4tter i flaskan med eterisk olja&nbsp;<\/p>\n<p style=\"text-align: justify;\"><strong>Anv\u00e4ndarinstruktioner<\/strong>:&nbsp;<\/p>\n<p style=\"text-align: justify;\">V\u00e4nd p\u00e5 spridaren och s\u00e4tt i flaskan med eterisk olja, vrid medurs f\u00f6r att dra \u00e5t och moturs f\u00f6r att lossa flaskan. (Obs: Ta inte bort gasspj\u00e4llsventilen n\u00e4r du installerar eterisk olja.)&nbsp;<\/p>\n<p style=\"text-align: justify;\">Vrid diffusorn vertikalt, tryck l\u00e4nge p\u00e5 omkopplarknappen (i 2 sekunder) f\u00f6r att starta\/st\u00e4nga av diffusorn, kort tryck f\u00f6r att v\u00e4xla.&nbsp;<\/p>\n<p style=\"text-align: justify;\">Den f\u00f6rsta l\u00e5nga tryckningen (gult ljus): diffusorn arbetar i 2 sekunder och arbetar sedan i 2 sekunder varje g\u00e5ng den k\u00e4nner av r\u00f6relse.&nbsp;<\/p>\n<p style=\"text-align: justify;\">Tryck andra g\u00e5ngen (gr\u00f6nt ljus) &#8211; milt doftl\u00e4ge: arbetar i 2 sekunder, med ett intervall p\u00e5 10 minuter.&nbsp;<\/p>\n<p style=\"text-align: justify;\">Tryck en tredje g\u00e5ng (bl\u00e5ljus) &#8211; vanligt doftl\u00e4ge: arbetar i 2 sekunder med ett intervall p\u00e5 5 minuter.&nbsp;<\/p>\n<p style=\"text-align: justify;\">Tryck fj\u00e4rde g\u00e5ngen (vitt ljus) &#8211; starkt doftl\u00e4ge: arbetar i 2 sekunder med ett intervall p\u00e5 1 minut.&nbsp;<\/p>\n<p style=\"text-align: justify;\">Indikatorlampan lyser under laddning (r\u00f6d lampa) och sl\u00e4cks n\u00e4r den \u00e4r fulladdad.&nbsp;<\/p>\n<p style=\"text-align: justify;\">Tryck l\u00e4nge i 2 sekunder f\u00f6r att st\u00e4nga av.&nbsp;<\/p>\n<p style=\"text-align: justify;\">Avk\u00e4nningsomr\u00e5de: 3 meter \/ 120 grader&nbsp;<\/p>\n<p style=\"text-align: justify;\">Till\u00e4mplig yta: 50-80m2&nbsp;<\/p>\n<p style=\"text-align: justify;\"><strong>M\u00e5tt:&nbsp;<\/strong>84,6 mm x 74,2 mm<\/p>\n","protected":false},"excerpt":{"rendered":"<p>Denna produkt \u00e4r l\u00e4mplig f\u00f6r 10 ml eteriska oljor p\u00e5 flaska.&nbsp; F\u00f6re f\u00f6rsta anv\u00e4ndning tar du bort &quot;dammskyddet&quot;, v\u00e4nder p\u00e5 diffusorn och s\u00e4tter i flaskan med eterisk olja&nbsp; Anv\u00e4ndarinstruktioner:&nbsp; V\u00e4nd p\u00e5 spridaren och s\u00e4tt i flaskan med eterisk olja, vrid medurs f\u00f6r att dra \u00e5t och moturs f\u00f6r att lossa flaskan. (Obs: Ta inte bort [&hellip;]<\/p>\n","protected":false},"featured_media":254250,"comment_status":"closed","ping_status":"open","template":"","meta":[],"product_brand":[],"product_cat":[11868],"product_tag":[],"class_list":{"0":"post-217521","1":"product","2":"type-product","3":"status-publish","4":"has-post-thumbnail","6":"product_cat-aromaterapi-och-rumsdofter","7":"pa_collection-electronic-led-colour-aroma-diffusers-sv","8":"pa_made-in-kina","10":"first","11":"instock","12":"purchasable","13":"product-type-simple"},"supplier_id":null,"supplier_sku":"AATOM-39","barcode":null,"atum_controlled":true,"out_stock_date":null,"out_stock_threshold":null,"inheritable":false,"inbound_stock":null,"stock_on_hold":0,"sold_today":0,"sales_last_days":0,"reserved_stock":null,"customer_returns":null,"warehouse_damage":null,"lost_in_post":null,"other_logs":null,"out_stock_days":0,"lost_sales":0,"has_location":null,"update_date":"2026-02-06T14:22:48","atum_locations":[],"atum_stock_status":"instock","restock_status":false,"low_stock_amount":"","sales_update_date":"2025-10-09T03:22:19","calc_backorders":null,"_links":{"self":[{"href":"https:\/\/aromasentia.com\/sv\/wp-json\/wp\/v2\/product\/217521","targetHints":{"allow":["GET"]}}],"collection":[{"href":"https:\/\/aromasentia.com\/sv\/wp-json\/wp\/v2\/product"}],"about":[{"href":"https:\/\/aromasentia.com\/sv\/wp-json\/wp\/v2\/types\/product"}],"replies":[{"embeddable":true,"href":"https:\/\/aromasentia.com\/sv\/wp-json\/wp\/v2\/comments?post=217521"}],"version-history":[{"count":0,"href":"https:\/\/aromasentia.com\/sv\/wp-json\/wp\/v2\/product\/217521\/revisions"}],"wp:featuredmedia":[{"embeddable":true,"href":"https:\/\/aromasentia.com\/sv\/wp-json\/wp\/v2\/media\/254250"}],"wp:attachment":[{"href":"https:\/\/aromasentia.com\/sv\/wp-json\/wp\/v2\/media?parent=217521"}],"wp:term":[{"taxonomy":"product_brand","embeddable":true,"href":"https:\/\/aromasentia.com\/sv\/wp-json\/wp\/v2\/product_brand?post=217521"},{"taxonomy":"product_cat","embeddable":true,"href":"https:\/\/aromasentia.com\/sv\/wp-json\/wp\/v2\/product_cat?post=217521"},{"taxonomy":"product_tag","embeddable":true,"href":"https:\/\/aromasentia.com\/sv\/wp-json\/wp\/v2\/product_tag?post=217521"}],"curies":[{"name":"wp","href":"https:\/\/api.w.org\/{rel}","templated":true}]}}