{"id":217520,"date":"2025-03-20T14:25:16","date_gmt":"2025-03-20T14:25:16","guid":{"rendered":"https:\/\/aromasentia.com\/product\/single-waterless-oil-nebulizer-usb-to-c-yellow\/"},"modified":"2025-12-31T15:54:56","modified_gmt":"2025-12-31T15:54:56","slug":"enkel-vattenlos-oljenebulisator-usb-till-c-gul","status":"publish","type":"product","link":"https:\/\/aromasentia.com\/sv\/enkel-vattenlos-oljenebulisator-usb-till-c-gul\/","title":{"rendered":"Enkel Vattenl\u00f6s Oljenebulisator &#8211; USB till C Gul"},"content":{"rendered":"<p style=\"text-align: justify;\"><strong>Uppladdningsbar&nbsp;<\/strong>vattenl\u00f6s oljenebulisator &#8211; l\u00e4tt att anv\u00e4nda, l\u00e4mplig f\u00f6r 10 ml eller 20 ml flaskor.&nbsp;<\/p>\n<p style=\"text-align: justify;\"><strong>S\u00e5 h\u00e4r laddar du:&nbsp;<\/strong><\/p>\n<p style=\"text-align: justify;\">Anv\u00e4nd utsp\u00e4nning DC5V, dator USB-gr\u00e4nssnitt, USB-adapter eller billaddare med USB-gr\u00e4nssnitt. Den r\u00f6da lampan blinkar vid laddning; n\u00e4r den \u00e4r fulladdad \u00e4r indikatorn alltid gr\u00f6n.&nbsp;<\/p>\n<p style=\"text-align: justify;\">Om den \u00e5terst\u00e5ende batterikapaciteten \u00e4r l\u00e4gre \u00e4n 20 % i str\u00f6mtillst\u00e5ndet kommer lampan att blinka snabbt i alla l\u00e4gen, vilket uppmanar till att ladda.&nbsp;<\/p>\n<p style=\"text-align: justify;\">Det tar 2 &#8211; 3 timmar att ladda diffusorn helt.&nbsp;<\/p>\n<p style=\"text-align: justify;\"><strong>S\u00e5 h\u00e4r asnv\u00e4nde du:&nbsp;<\/strong><\/p>\n<p style=\"text-align: justify;\">Tryck f\u00f6rsiktigt ut munstycket fr\u00e5n botten av diffusorn.&nbsp;<\/p>\n<p style=\"text-align: justify;\">S\u00e4tt i eventuell eterisk olja i flaskan och s\u00e4tt sedan tillbaka flaskan i munstycket. Observera markeringen f\u00f6r positionsriktningen p\u00e5 spridaren.&nbsp;<\/p>\n<p style=\"text-align: justify;\">Smart l\u00e4ge: Tryck kort p\u00e5 den \u00f6versta knappen f\u00f6r att sl\u00e5 p\u00e5, v\u00e4nster lampa lyser vitt vilket betyder att maskinen g\u00e5r in i smart l\u00e4ge och startar\/stoppar.&nbsp;<\/p>\n<p style=\"text-align: justify;\">Manuellt l\u00e4ge: Kort tryck f\u00f6r att sl\u00e5 p\u00e5, mittljuset lyser vitt vilket betyder att det \u00e4r i milt aroml\u00e4ge. Tryck igen, den h\u00f6gra lampan lyser och byter till starkt aroml\u00e4ge.&nbsp;<\/p>\n<p style=\"text-align: justify;\">Rekommenderas att endast anv\u00e4nda med eteriska oljor.&nbsp;<\/p>\n<p style=\"text-align: justify;\"><strong>M\u00e5tt:<\/strong> 105mm x 65mm<\/p>\n","protected":false},"excerpt":{"rendered":"<p>Uppladdningsbar&nbsp;vattenl\u00f6s oljenebulisator &#8211; l\u00e4tt att anv\u00e4nda, l\u00e4mplig f\u00f6r 10 ml eller 20 ml flaskor.&nbsp; S\u00e5 h\u00e4r laddar du:&nbsp; Anv\u00e4nd utsp\u00e4nning DC5V, dator USB-gr\u00e4nssnitt, USB-adapter eller billaddare med USB-gr\u00e4nssnitt. Den r\u00f6da lampan blinkar vid laddning; n\u00e4r den \u00e4r fulladdad \u00e4r indikatorn alltid gr\u00f6n.&nbsp; Om den \u00e5terst\u00e5ende batterikapaciteten \u00e4r l\u00e4gre \u00e4n 20 % i str\u00f6mtillst\u00e5ndet kommer lampan [&hellip;]<\/p>\n","protected":false},"featured_media":254209,"comment_status":"closed","ping_status":"open","template":"","meta":{"_angie_page":false},"product_brand":[],"product_cat":[11868],"product_tag":[],"class_list":{"0":"post-217520","1":"product","2":"type-product","3":"status-publish","4":"has-post-thumbnail","6":"product_cat-aromaterapi-och-rumsdofter","7":"pa_collection-electronic-led-colour-aroma-diffusers-sv","8":"pa_made-in-kina","10":"first","11":"instock","12":"purchasable","13":"product-type-simple"},"supplier_id":null,"supplier_sku":"AATOM-38","barcode":null,"atum_controlled":true,"out_stock_date":null,"out_stock_threshold":null,"inheritable":false,"inbound_stock":null,"stock_on_hold":0,"sold_today":0,"sales_last_days":0,"reserved_stock":null,"customer_returns":null,"warehouse_damage":null,"lost_in_post":null,"other_logs":null,"out_stock_days":0,"lost_sales":0,"has_location":null,"update_date":"2026-05-08T05:02:33","atum_locations":[],"atum_stock_status":"instock","restock_status":false,"low_stock_amount":"","sales_update_date":"2026-01-30T01:24:31","calc_backorders":null,"_links":{"self":[{"href":"https:\/\/aromasentia.com\/sv\/wp-json\/wp\/v2\/product\/217520","targetHints":{"allow":["GET"]}}],"collection":[{"href":"https:\/\/aromasentia.com\/sv\/wp-json\/wp\/v2\/product"}],"about":[{"href":"https:\/\/aromasentia.com\/sv\/wp-json\/wp\/v2\/types\/product"}],"replies":[{"embeddable":true,"href":"https:\/\/aromasentia.com\/sv\/wp-json\/wp\/v2\/comments?post=217520"}],"version-history":[{"count":0,"href":"https:\/\/aromasentia.com\/sv\/wp-json\/wp\/v2\/product\/217520\/revisions"}],"wp:featuredmedia":[{"embeddable":true,"href":"https:\/\/aromasentia.com\/sv\/wp-json\/wp\/v2\/media\/254209"}],"wp:attachment":[{"href":"https:\/\/aromasentia.com\/sv\/wp-json\/wp\/v2\/media?parent=217520"}],"wp:term":[{"taxonomy":"product_brand","embeddable":true,"href":"https:\/\/aromasentia.com\/sv\/wp-json\/wp\/v2\/product_brand?post=217520"},{"taxonomy":"product_cat","embeddable":true,"href":"https:\/\/aromasentia.com\/sv\/wp-json\/wp\/v2\/product_cat?post=217520"},{"taxonomy":"product_tag","embeddable":true,"href":"https:\/\/aromasentia.com\/sv\/wp-json\/wp\/v2\/product_tag?post=217520"}],"curies":[{"name":"wp","href":"https:\/\/api.w.org\/{rel}","templated":true}]}}