{"id":217502,"date":"2025-03-20T14:29:03","date_gmt":"2025-03-20T14:29:03","guid":{"rendered":"https:\/\/aromasentia.com\/product\/10ml-roll-on-essential-oil-blend-relax\/"},"modified":"2025-12-31T15:54:39","modified_gmt":"2025-12-31T15:54:39","slug":"roll-on-eteriska-oljeblandningar-10ml-avslappning","status":"publish","type":"product","link":"https:\/\/aromasentia.com\/sv\/roll-on-eteriska-oljeblandningar-10ml-avslappning\/","title":{"rendered":"Roll On Eteriska Oljeblandningar 10ml &#8211; AVSLAPPNING"},"content":{"rendered":"<p style=\"text-align: justify;\">Varva ner och bli av med stress med denna blandning, som \u00e4r omt\u00e4nksamt tillverkad med eteriska oljor av <strong>lavendel, vetiver och ros<\/strong>. Lavendelns lugnande blommiga arom fr\u00e4mjar avslappning och lindrar sp\u00e4nningar, medan vetivers jordn\u00e4ra doft lugnar sinnet och lindrar \u00e5ngest. I kombination med den delikata och upplyftande doften av rosor skapar denna blandning en harmonisk atmosf\u00e4r som hj\u00e4lper dig att hitta lugnet mitt i livets kaos.&nbsp;<\/p>\n<p style=\"text-align: justify;\"><strong>Applicera denna uts\u00f6kta blandning f\u00f6r att uppleva en fridfull stund av lugn och stillhet!<\/strong><\/p>\n","protected":false},"excerpt":{"rendered":"<p>Varva ner och bli av med stress med denna blandning, som \u00e4r omt\u00e4nksamt tillverkad med eteriska oljor av lavendel, vetiver och ros. Lavendelns lugnande blommiga arom fr\u00e4mjar avslappning och lindrar sp\u00e4nningar, medan vetivers jordn\u00e4ra doft lugnar sinnet och lindrar \u00e5ngest. I kombination med den delikata och upplyftande doften av rosor skapar denna blandning en harmonisk [&hellip;]<\/p>\n","protected":false},"featured_media":255085,"comment_status":"closed","ping_status":"open","template":"","meta":{"_angie_page":false},"product_brand":[27085],"product_cat":[11868,26653,13648],"product_tag":[],"class_list":{"0":"post-217502","1":"product","2":"type-product","3":"status-publish","4":"has-post-thumbnail","6":"product_brand-agnes-and-cat","7":"product_cat-aromaterapi-och-rumsdofter","8":"product_cat-eteriska-oljeblandningar","9":"product_cat-eteriska-oljor","10":"pa_collection-agnes-cat-10ml-roll-on-essential-oil-blends-sv","11":"pa_made-in-storbritannien","12":"pa_size-10ml","14":"first","15":"instock","16":"purchasable","17":"product-type-simple"},"supplier_id":null,"supplier_sku":"ACREBL-01","barcode":null,"atum_controlled":true,"out_stock_date":null,"out_stock_threshold":null,"inheritable":false,"inbound_stock":null,"stock_on_hold":0,"sold_today":0,"sales_last_days":0,"reserved_stock":null,"customer_returns":null,"warehouse_damage":null,"lost_in_post":null,"other_logs":null,"out_stock_days":0,"lost_sales":0,"has_location":null,"update_date":"2026-04-27T06:50:06","atum_locations":[],"atum_stock_status":"instock","restock_status":false,"low_stock_amount":"","sales_update_date":"2026-02-06T00:02:09","calc_backorders":null,"_links":{"self":[{"href":"https:\/\/aromasentia.com\/sv\/wp-json\/wp\/v2\/product\/217502","targetHints":{"allow":["GET"]}}],"collection":[{"href":"https:\/\/aromasentia.com\/sv\/wp-json\/wp\/v2\/product"}],"about":[{"href":"https:\/\/aromasentia.com\/sv\/wp-json\/wp\/v2\/types\/product"}],"replies":[{"embeddable":true,"href":"https:\/\/aromasentia.com\/sv\/wp-json\/wp\/v2\/comments?post=217502"}],"version-history":[{"count":0,"href":"https:\/\/aromasentia.com\/sv\/wp-json\/wp\/v2\/product\/217502\/revisions"}],"wp:featuredmedia":[{"embeddable":true,"href":"https:\/\/aromasentia.com\/sv\/wp-json\/wp\/v2\/media\/255085"}],"wp:attachment":[{"href":"https:\/\/aromasentia.com\/sv\/wp-json\/wp\/v2\/media?parent=217502"}],"wp:term":[{"taxonomy":"product_brand","embeddable":true,"href":"https:\/\/aromasentia.com\/sv\/wp-json\/wp\/v2\/product_brand?post=217502"},{"taxonomy":"product_cat","embeddable":true,"href":"https:\/\/aromasentia.com\/sv\/wp-json\/wp\/v2\/product_cat?post=217502"},{"taxonomy":"product_tag","embeddable":true,"href":"https:\/\/aromasentia.com\/sv\/wp-json\/wp\/v2\/product_tag?post=217502"}],"curies":[{"name":"wp","href":"https:\/\/api.w.org\/{rel}","templated":true}]}}