{"id":217501,"date":"2025-03-20T14:29:03","date_gmt":"2025-03-20T14:29:03","guid":{"rendered":"https:\/\/aromasentia.com\/product\/10ml-roll-on-essential-oil-blend-energy\/"},"modified":"2025-12-31T15:54:39","modified_gmt":"2025-12-31T15:54:39","slug":"roll-on-eteriska-oljeblandningar-10ml-energi","status":"publish","type":"product","link":"https:\/\/aromasentia.com\/sv\/roll-on-eteriska-oljeblandningar-10ml-energi\/","title":{"rendered":"Roll On Eteriska Oljeblandningar 10ml &#8211; ENERGI"},"content":{"rendered":"<p style=\"text-align: justify;\">\u00c5teruppliva dina sinnen och \u00f6ka dina energiniv\u00e5er med Energi-blandningen, som inneh\u00e5ller eteriska oljor av <strong>grapefrukt, mandarin och lime<\/strong>. Grapefruktens syrliga och citrusiga doft ger en omedelbar energikick, medan mandarins s\u00f6ta och upplyftande arom friskar upp andan. Limes syrliga noter tillf\u00f6r en explosion av friskhet, v\u00e4cker dina sinnen och \u00f6kar vitaliteten.&nbsp;<\/p>\n<p style=\"text-align: justify;\"><strong>Applicera denna blandning n\u00e4r du beh\u00f6ver en naturlig och uppfriskande uppmuntran f\u00f6r att h\u00e5lla dig pigg och motiverad!<\/strong><\/p>\n","protected":false},"excerpt":{"rendered":"<p>\u00c5teruppliva dina sinnen och \u00f6ka dina energiniv\u00e5er med Energi-blandningen, som inneh\u00e5ller eteriska oljor av grapefrukt, mandarin och lime. Grapefruktens syrliga och citrusiga doft ger en omedelbar energikick, medan mandarins s\u00f6ta och upplyftande arom friskar upp andan. Limes syrliga noter tillf\u00f6r en explosion av friskhet, v\u00e4cker dina sinnen och \u00f6kar vitaliteten.&nbsp; Applicera denna blandning n\u00e4r du [&hellip;]<\/p>\n","protected":false},"featured_media":255036,"comment_status":"closed","ping_status":"open","template":"","meta":{"_angie_page":false},"product_brand":[27085],"product_cat":[11868,26653,13648],"product_tag":[],"class_list":{"0":"post-217501","1":"product","2":"type-product","3":"status-publish","4":"has-post-thumbnail","6":"product_brand-agnes-and-cat","7":"product_cat-aromaterapi-och-rumsdofter","8":"product_cat-eteriska-oljeblandningar","9":"product_cat-eteriska-oljor","10":"pa_collection-agnes-cat-10ml-roll-on-essential-oil-blends-sv","11":"pa_made-in-storbritannien","12":"pa_size-10ml","14":"first","15":"instock","16":"purchasable","17":"product-type-simple"},"supplier_id":null,"supplier_sku":"ACREBL-02","barcode":null,"atum_controlled":true,"out_stock_date":null,"out_stock_threshold":null,"inheritable":false,"inbound_stock":null,"stock_on_hold":0,"sold_today":0,"sales_last_days":0,"reserved_stock":null,"customer_returns":null,"warehouse_damage":null,"lost_in_post":null,"other_logs":null,"out_stock_days":0,"lost_sales":0,"has_location":null,"update_date":"2026-05-04T00:02:48","atum_locations":[],"atum_stock_status":"instock","restock_status":false,"low_stock_amount":"","sales_update_date":"2025-10-09T03:23:05","calc_backorders":null,"_links":{"self":[{"href":"https:\/\/aromasentia.com\/sv\/wp-json\/wp\/v2\/product\/217501","targetHints":{"allow":["GET"]}}],"collection":[{"href":"https:\/\/aromasentia.com\/sv\/wp-json\/wp\/v2\/product"}],"about":[{"href":"https:\/\/aromasentia.com\/sv\/wp-json\/wp\/v2\/types\/product"}],"replies":[{"embeddable":true,"href":"https:\/\/aromasentia.com\/sv\/wp-json\/wp\/v2\/comments?post=217501"}],"version-history":[{"count":0,"href":"https:\/\/aromasentia.com\/sv\/wp-json\/wp\/v2\/product\/217501\/revisions"}],"wp:featuredmedia":[{"embeddable":true,"href":"https:\/\/aromasentia.com\/sv\/wp-json\/wp\/v2\/media\/255036"}],"wp:attachment":[{"href":"https:\/\/aromasentia.com\/sv\/wp-json\/wp\/v2\/media?parent=217501"}],"wp:term":[{"taxonomy":"product_brand","embeddable":true,"href":"https:\/\/aromasentia.com\/sv\/wp-json\/wp\/v2\/product_brand?post=217501"},{"taxonomy":"product_cat","embeddable":true,"href":"https:\/\/aromasentia.com\/sv\/wp-json\/wp\/v2\/product_cat?post=217501"},{"taxonomy":"product_tag","embeddable":true,"href":"https:\/\/aromasentia.com\/sv\/wp-json\/wp\/v2\/product_tag?post=217501"}],"curies":[{"name":"wp","href":"https:\/\/api.w.org\/{rel}","templated":true}]}}