{"id":217499,"date":"2025-03-20T14:29:03","date_gmt":"2025-03-20T14:29:03","guid":{"rendered":"https:\/\/aromasentia.com\/product\/10ml-roll-on-essential-oil-blend-sleep\/"},"modified":"2025-12-31T15:54:39","modified_gmt":"2025-12-31T15:54:39","slug":"roll-on-eteriska-oljeblandningar-10ml-somn","status":"publish","type":"product","link":"https:\/\/aromasentia.com\/sv\/roll-on-eteriska-oljeblandningar-10ml-somn\/","title":{"rendered":"Roll On Eteriska Oljeblandningar 10ml &#8211; S\u00d6MN"},"content":{"rendered":"<p style=\"text-align: justify;\">Omfamna en god natts s\u00f6mn med S\u00f6mn-blandningen, en lugnande blandning av eteriska oljor av <strong>kamomill, lavendel och neroli<\/strong>. Kamomills milda, \u00f6rtiga doft uppmuntrar avslappning, medan lavendelns lugnande arom hj\u00e4lper till att lindra rastl\u00f6shet. Neroli, som h\u00e4rst\u00e4mmar fr\u00e5n apelsinblommor, kompletterar blandningen med sina s\u00f6ta blommiga toner, fr\u00e4mjar djup avslappning och st\u00f6djer en fridfull s\u00f6mn.&nbsp;<\/p>\n<p style=\"text-align: justify;\"><strong>Applicera denna blandning f\u00f6re s\u00e4ngdags och l\u00e5t dess tr\u00f6stande essens f\u00f6ra dig in i ett fridfullt dr\u00f6mland!<\/strong><\/p>\n","protected":false},"excerpt":{"rendered":"<p>Omfamna en god natts s\u00f6mn med S\u00f6mn-blandningen, en lugnande blandning av eteriska oljor av kamomill, lavendel och neroli. Kamomills milda, \u00f6rtiga doft uppmuntrar avslappning, medan lavendelns lugnande arom hj\u00e4lper till att lindra rastl\u00f6shet. Neroli, som h\u00e4rst\u00e4mmar fr\u00e5n apelsinblommor, kompletterar blandningen med sina s\u00f6ta blommiga toner, fr\u00e4mjar djup avslappning och st\u00f6djer en fridfull s\u00f6mn.&nbsp; Applicera denna [&hellip;]<\/p>\n","protected":false},"featured_media":254946,"comment_status":"closed","ping_status":"open","template":"","meta":{"_angie_page":false},"product_brand":[27085],"product_cat":[11868,26653,13648],"product_tag":[],"class_list":{"0":"post-217499","1":"product","2":"type-product","3":"status-publish","4":"has-post-thumbnail","6":"product_brand-agnes-and-cat","7":"product_cat-aromaterapi-och-rumsdofter","8":"product_cat-eteriska-oljeblandningar","9":"product_cat-eteriska-oljor","10":"pa_collection-agnes-cat-10ml-roll-on-essential-oil-blends-sv","11":"pa_made-in-storbritannien","12":"pa_size-10ml","14":"first","15":"instock","16":"purchasable","17":"product-type-simple"},"supplier_id":null,"supplier_sku":"ACREBL-04","barcode":null,"atum_controlled":true,"out_stock_date":null,"out_stock_threshold":null,"inheritable":false,"inbound_stock":null,"stock_on_hold":0,"sold_today":0,"sales_last_days":0,"reserved_stock":null,"customer_returns":null,"warehouse_damage":null,"lost_in_post":null,"other_logs":null,"out_stock_days":0,"lost_sales":0,"has_location":null,"update_date":"2026-05-08T05:02:36","atum_locations":[],"atum_stock_status":"instock","restock_status":false,"low_stock_amount":"","sales_update_date":"2025-10-09T03:23:05","calc_backorders":null,"_links":{"self":[{"href":"https:\/\/aromasentia.com\/sv\/wp-json\/wp\/v2\/product\/217499","targetHints":{"allow":["GET"]}}],"collection":[{"href":"https:\/\/aromasentia.com\/sv\/wp-json\/wp\/v2\/product"}],"about":[{"href":"https:\/\/aromasentia.com\/sv\/wp-json\/wp\/v2\/types\/product"}],"replies":[{"embeddable":true,"href":"https:\/\/aromasentia.com\/sv\/wp-json\/wp\/v2\/comments?post=217499"}],"version-history":[{"count":0,"href":"https:\/\/aromasentia.com\/sv\/wp-json\/wp\/v2\/product\/217499\/revisions"}],"wp:featuredmedia":[{"embeddable":true,"href":"https:\/\/aromasentia.com\/sv\/wp-json\/wp\/v2\/media\/254946"}],"wp:attachment":[{"href":"https:\/\/aromasentia.com\/sv\/wp-json\/wp\/v2\/media?parent=217499"}],"wp:term":[{"taxonomy":"product_brand","embeddable":true,"href":"https:\/\/aromasentia.com\/sv\/wp-json\/wp\/v2\/product_brand?post=217499"},{"taxonomy":"product_cat","embeddable":true,"href":"https:\/\/aromasentia.com\/sv\/wp-json\/wp\/v2\/product_cat?post=217499"},{"taxonomy":"product_tag","embeddable":true,"href":"https:\/\/aromasentia.com\/sv\/wp-json\/wp\/v2\/product_tag?post=217499"}],"curies":[{"name":"wp","href":"https:\/\/api.w.org\/{rel}","templated":true}]}}