{"id":217498,"date":"2025-03-20T14:29:03","date_gmt":"2025-03-20T14:29:03","guid":{"rendered":"https:\/\/aromasentia.com\/product\/10ml-roll-on-essential-oil-blend-focus\/"},"modified":"2025-12-31T15:54:39","modified_gmt":"2025-12-31T15:54:39","slug":"roll-on-eteriska-oljeblandningar-10ml-fokus","status":"publish","type":"product","link":"https:\/\/aromasentia.com\/sv\/roll-on-eteriska-oljeblandningar-10ml-fokus\/","title":{"rendered":"Roll On Eteriska Oljeblandningar 10ml &#8211; FOKUS"},"content":{"rendered":"<p style=\"text-align: justify;\">Sk\u00e4rp ditt sinne och f\u00f6rb\u00e4ttra koncentrationen med Fokus-blandningen, som \u00e4r kombinerad med eteriska oljor av <strong>rosmarin, cypress och citron<\/strong>. Rosmarins fr\u00e4scha och uppiggande doft stimulerar kognitiv funktion, medan den tr\u00e4iga aromen av cypress uppmuntrar mental klarhet och fokus. Den fruktiga doften av citron lyfter andan och fr\u00e4mjar ett klart sinne.&nbsp;<\/p>\n<p style=\"text-align: justify;\"><strong>Anv\u00e4nd denna blandning under arbete eller studier och l\u00e5t dess f\u00f6ryngrande essens \u00f6ka din produktivitet och mental sk\u00e4rpa!<\/strong><\/p>\n","protected":false},"excerpt":{"rendered":"<p>Sk\u00e4rp ditt sinne och f\u00f6rb\u00e4ttra koncentrationen med Fokus-blandningen, som \u00e4r kombinerad med eteriska oljor av rosmarin, cypress och citron. Rosmarins fr\u00e4scha och uppiggande doft stimulerar kognitiv funktion, medan den tr\u00e4iga aromen av cypress uppmuntrar mental klarhet och fokus. Den fruktiga doften av citron lyfter andan och fr\u00e4mjar ett klart sinne.&nbsp; Anv\u00e4nd denna blandning under arbete [&hellip;]<\/p>\n","protected":false},"featured_media":254905,"comment_status":"closed","ping_status":"open","template":"","meta":{"_angie_page":false},"product_brand":[27085],"product_cat":[11868,26653,13648],"product_tag":[],"class_list":{"0":"post-217498","1":"product","2":"type-product","3":"status-publish","4":"has-post-thumbnail","6":"product_brand-agnes-and-cat","7":"product_cat-aromaterapi-och-rumsdofter","8":"product_cat-eteriska-oljeblandningar","9":"product_cat-eteriska-oljor","10":"pa_collection-agnes-cat-10ml-roll-on-essential-oil-blends-sv","11":"pa_made-in-storbritannien","12":"pa_size-10ml","14":"first","15":"instock","16":"purchasable","17":"product-type-simple"},"supplier_id":null,"supplier_sku":"ACREBL-05","barcode":null,"atum_controlled":true,"out_stock_date":null,"out_stock_threshold":null,"inheritable":false,"inbound_stock":null,"stock_on_hold":0,"sold_today":0,"sales_last_days":0,"reserved_stock":null,"customer_returns":null,"warehouse_damage":null,"lost_in_post":null,"other_logs":null,"out_stock_days":0,"lost_sales":0,"has_location":null,"update_date":"2026-05-08T05:02:36","atum_locations":[],"atum_stock_status":"instock","restock_status":false,"low_stock_amount":"","sales_update_date":"2026-02-06T00:02:09","calc_backorders":null,"_links":{"self":[{"href":"https:\/\/aromasentia.com\/sv\/wp-json\/wp\/v2\/product\/217498","targetHints":{"allow":["GET"]}}],"collection":[{"href":"https:\/\/aromasentia.com\/sv\/wp-json\/wp\/v2\/product"}],"about":[{"href":"https:\/\/aromasentia.com\/sv\/wp-json\/wp\/v2\/types\/product"}],"replies":[{"embeddable":true,"href":"https:\/\/aromasentia.com\/sv\/wp-json\/wp\/v2\/comments?post=217498"}],"version-history":[{"count":0,"href":"https:\/\/aromasentia.com\/sv\/wp-json\/wp\/v2\/product\/217498\/revisions"}],"wp:featuredmedia":[{"embeddable":true,"href":"https:\/\/aromasentia.com\/sv\/wp-json\/wp\/v2\/media\/254905"}],"wp:attachment":[{"href":"https:\/\/aromasentia.com\/sv\/wp-json\/wp\/v2\/media?parent=217498"}],"wp:term":[{"taxonomy":"product_brand","embeddable":true,"href":"https:\/\/aromasentia.com\/sv\/wp-json\/wp\/v2\/product_brand?post=217498"},{"taxonomy":"product_cat","embeddable":true,"href":"https:\/\/aromasentia.com\/sv\/wp-json\/wp\/v2\/product_cat?post=217498"},{"taxonomy":"product_tag","embeddable":true,"href":"https:\/\/aromasentia.com\/sv\/wp-json\/wp\/v2\/product_tag?post=217498"}],"curies":[{"name":"wp","href":"https:\/\/api.w.org\/{rel}","templated":true}]}}