{"id":217494,"date":"2025-03-20T14:29:03","date_gmt":"2025-03-20T14:29:03","guid":{"rendered":"https:\/\/aromasentia.com\/product\/150ml-reed-diffuser-refill-provence\/"},"modified":"2025-12-31T15:54:39","modified_gmt":"2025-12-31T15:54:39","slug":"140ml-pafyllning-till-rorspridare-provence","status":"publish","type":"product","link":"https:\/\/aromasentia.com\/sv\/140ml-pafyllning-till-rorspridare-provence\/","title":{"rendered":"140ml P\u00e5fyllning till R\u00f6rspridare &#8211; Provence"},"content":{"rendered":"<p style=\"text-align: justify;\">Uppt\u00e4ck v\u00e5r <strong>140ml P\u00e5fyllning till R\u00f6rspridare med doften Provence<\/strong>. F\u00f6rl\u00e4ng livsl\u00e4ngden p\u00e5 din Agnes &amp; Cat R\u00f6rspridare i en milj\u00f6v\u00e4nlig glasflaska med aluminiumlock.&nbsp;<\/p>\n<p style=\"text-align: justify;\">Dessa praktiska och l\u00e5ngvariga p\u00e5fyllningar r\u00e4cker i minst 3 m\u00e5nader.&nbsp;<\/p>\n<p style=\"text-align: justify;\">Njut av de lavendeldoftande f\u00e4lten i Provence med denna doft. Den f\u00e5ngar den lugnande doften av lavendel och de milda inslagen av \u00f6rter som genomsyrar luften och tar dig till de pittoreska landskapen i s\u00f6dra Frankrike.&nbsp;<\/p>\n<p style=\"text-align: justify;\">Med v\u00e5ra praktiska p\u00e5fyllningar kan du ta ett betydande kliv mot en mer h\u00e5llbar framtid och etablera ett utrymme d\u00e4r dina kunder alltid kan hitta sina omhuldade dofter.<\/p>\n<p style=\"text-align: justify;\"><strong>Gl\u00f6m inte att l\u00e4gga till matchande&nbsp;<\/strong><a href=\"https:\/\/aromasentia.com\/acd\" rel=\"noopener noreferrer\" target=\"_blank\"><strong>Agnes + Cat R\u00f6rspridare<\/strong><\/a><strong>&nbsp;till ditt lager!<\/strong><\/p>\n","protected":false},"excerpt":{"rendered":"<p>Uppt\u00e4ck v\u00e5r 140ml P\u00e5fyllning till R\u00f6rspridare med doften Provence. F\u00f6rl\u00e4ng livsl\u00e4ngden p\u00e5 din Agnes &amp; Cat R\u00f6rspridare i en milj\u00f6v\u00e4nlig glasflaska med aluminiumlock.&nbsp; Dessa praktiska och l\u00e5ngvariga p\u00e5fyllningar r\u00e4cker i minst 3 m\u00e5nader.&nbsp; Njut av de lavendeldoftande f\u00e4lten i Provence med denna doft. Den f\u00e5ngar den lugnande doften av lavendel och de milda inslagen av [&hellip;]<\/p>\n","protected":false},"featured_media":254813,"comment_status":"closed","ping_status":"open","template":"","meta":{"_angie_page":false},"product_brand":[27085],"product_cat":[11884,11885],"product_tag":[],"class_list":{"0":"post-217494","1":"product","2":"type-product","3":"status-publish","4":"has-post-thumbnail","6":"product_brand-agnes-and-cat","7":"product_cat-aromalampor-diffusers-och-doftpinnar","8":"product_cat-doftpinnar","9":"pa_collection-agnes-cat-reed-diffusers-refills-sv","10":"pa_made-in-storbritannien","11":"pa_size-150ml","13":"first","14":"instock","15":"purchasable","16":"product-type-simple"},"supplier_id":null,"supplier_sku":"ACDR-22","barcode":null,"atum_controlled":true,"out_stock_date":null,"out_stock_threshold":null,"inheritable":false,"inbound_stock":null,"stock_on_hold":0,"sold_today":0,"sales_last_days":0,"reserved_stock":null,"customer_returns":null,"warehouse_damage":null,"lost_in_post":null,"other_logs":null,"out_stock_days":0,"lost_sales":0,"has_location":null,"update_date":"2026-04-27T06:49:08","atum_locations":[],"atum_stock_status":"instock","restock_status":false,"low_stock_amount":"","sales_update_date":"2026-01-30T01:24:36","calc_backorders":null,"_links":{"self":[{"href":"https:\/\/aromasentia.com\/sv\/wp-json\/wp\/v2\/product\/217494","targetHints":{"allow":["GET"]}}],"collection":[{"href":"https:\/\/aromasentia.com\/sv\/wp-json\/wp\/v2\/product"}],"about":[{"href":"https:\/\/aromasentia.com\/sv\/wp-json\/wp\/v2\/types\/product"}],"replies":[{"embeddable":true,"href":"https:\/\/aromasentia.com\/sv\/wp-json\/wp\/v2\/comments?post=217494"}],"version-history":[{"count":0,"href":"https:\/\/aromasentia.com\/sv\/wp-json\/wp\/v2\/product\/217494\/revisions"}],"wp:featuredmedia":[{"embeddable":true,"href":"https:\/\/aromasentia.com\/sv\/wp-json\/wp\/v2\/media\/254813"}],"wp:attachment":[{"href":"https:\/\/aromasentia.com\/sv\/wp-json\/wp\/v2\/media?parent=217494"}],"wp:term":[{"taxonomy":"product_brand","embeddable":true,"href":"https:\/\/aromasentia.com\/sv\/wp-json\/wp\/v2\/product_brand?post=217494"},{"taxonomy":"product_cat","embeddable":true,"href":"https:\/\/aromasentia.com\/sv\/wp-json\/wp\/v2\/product_cat?post=217494"},{"taxonomy":"product_tag","embeddable":true,"href":"https:\/\/aromasentia.com\/sv\/wp-json\/wp\/v2\/product_tag?post=217494"}],"curies":[{"name":"wp","href":"https:\/\/api.w.org\/{rel}","templated":true}]}}