{"id":217464,"date":"2025-03-20T14:30:57","date_gmt":"2025-03-20T14:30:57","guid":{"rendered":"https:\/\/aromasentia.com\/product\/car-diffuser-kit-football-30mm\/"},"modified":"2025-12-31T15:54:18","modified_gmt":"2025-12-31T15:54:18","slug":"aromspridare-set-till-bil-fotboll-30mm","status":"publish","type":"product","link":"https:\/\/aromasentia.com\/sv\/aromspridare-set-till-bil-fotboll-30mm\/","title":{"rendered":"Aromspridare Set till Bil &#8211; Fotboll &#8211; 30mm"},"content":{"rendered":"<p style=\"text-align: justify;\">F\u00f6rb\u00e4ttra din resa med denna unika aromspridare. Du kan v\u00e4lja dina favoritoljor eller blandningar och uppleva de positiva h\u00e4lsof\u00f6rdelarna medans du k\u00f6r.&nbsp;<\/p>\n<p style=\"text-align: justify;\">Medaljongen inneh\u00e5ller en liten filtdyna som h\u00e5ller n\u00e5gra droppar olja. F\u00e4st den p\u00e5 ventilationspanelen i din bil och l\u00e5t doften spridas i hela fordonet. Medaljongen \u00e4r tillverkad av h\u00f6gkvalitativt rostfritt st\u00e5l och levereras med 10 tv\u00e4ttbara absorberande och \u00e5teranv\u00e4ndbara filtdynor i en m\u00e4ngd olika f\u00e4rger. Du kan allts\u00e5 sj\u00e4lv best\u00e4mma vilken f\u00e4rg p\u00e5 fyllningen och vilken doft du vill anv\u00e4nda.&nbsp;<\/p>\n<ul>\n<li style=\"text-align: justify;\">Dekorera din bil med unika smycken&nbsp;<\/li>\n<li style=\"text-align: justify;\">V\u00e4lj aromen sj\u00e4lv enligt ditt hum\u00f6r&nbsp;<\/li>\n<li style=\"text-align: justify;\">Inneh\u00e5ller 10 f\u00e4rgade utbytbara filtdynor &nbsp;<\/li>\n<\/ul>\n<p style=\"text-align: justify;\">Vi rekommenderar v\u00e5ra rena eteriska oljor eller blandningar. F\u00f6rpackningen rymmer en 10ml eterisk olja, och du kan \u00f6ka f\u00f6rs\u00e4ljningen genom att s\u00e4lja ett set tillsammans med oljan.<\/p>\n","protected":false},"excerpt":{"rendered":"<p>F\u00f6rb\u00e4ttra din resa med denna unika aromspridare. Du kan v\u00e4lja dina favoritoljor eller blandningar och uppleva de positiva h\u00e4lsof\u00f6rdelarna medans du k\u00f6r.&nbsp; Medaljongen inneh\u00e5ller en liten filtdyna som h\u00e5ller n\u00e5gra droppar olja. F\u00e4st den p\u00e5 ventilationspanelen i din bil och l\u00e5t doften spridas i hela fordonet. Medaljongen \u00e4r tillverkad av h\u00f6gkvalitativt rostfritt st\u00e5l och levereras [&hellip;]<\/p>\n","protected":false},"featured_media":256386,"comment_status":"closed","ping_status":"open","template":"","meta":{"_angie_page":false},"product_brand":[],"product_cat":[11884,13957],"product_tag":[],"class_list":{"0":"post-217464","1":"product","2":"type-product","3":"status-publish","4":"has-post-thumbnail","6":"product_cat-aromalampor-diffusers-och-doftpinnar","7":"product_cat-bildofter","8":"pa_collection-aromatherapy-car-diffuser-kit-sv","9":"pa_made-in-kina","11":"first","12":"instock","13":"purchasable","14":"product-type-simple"},"supplier_id":null,"supplier_sku":"AromaC-09","barcode":null,"atum_controlled":true,"out_stock_date":null,"out_stock_threshold":null,"inheritable":false,"inbound_stock":null,"stock_on_hold":0,"sold_today":0,"sales_last_days":0,"reserved_stock":null,"customer_returns":null,"warehouse_damage":null,"lost_in_post":null,"other_logs":null,"out_stock_days":0,"lost_sales":0,"has_location":null,"update_date":"2026-05-08T05:02:37","atum_locations":[],"atum_stock_status":"instock","restock_status":false,"low_stock_amount":"","sales_update_date":"2025-10-09T03:23:21","calc_backorders":null,"_links":{"self":[{"href":"https:\/\/aromasentia.com\/sv\/wp-json\/wp\/v2\/product\/217464","targetHints":{"allow":["GET"]}}],"collection":[{"href":"https:\/\/aromasentia.com\/sv\/wp-json\/wp\/v2\/product"}],"about":[{"href":"https:\/\/aromasentia.com\/sv\/wp-json\/wp\/v2\/types\/product"}],"replies":[{"embeddable":true,"href":"https:\/\/aromasentia.com\/sv\/wp-json\/wp\/v2\/comments?post=217464"}],"version-history":[{"count":0,"href":"https:\/\/aromasentia.com\/sv\/wp-json\/wp\/v2\/product\/217464\/revisions"}],"wp:featuredmedia":[{"embeddable":true,"href":"https:\/\/aromasentia.com\/sv\/wp-json\/wp\/v2\/media\/256386"}],"wp:attachment":[{"href":"https:\/\/aromasentia.com\/sv\/wp-json\/wp\/v2\/media?parent=217464"}],"wp:term":[{"taxonomy":"product_brand","embeddable":true,"href":"https:\/\/aromasentia.com\/sv\/wp-json\/wp\/v2\/product_brand?post=217464"},{"taxonomy":"product_cat","embeddable":true,"href":"https:\/\/aromasentia.com\/sv\/wp-json\/wp\/v2\/product_cat?post=217464"},{"taxonomy":"product_tag","embeddable":true,"href":"https:\/\/aromasentia.com\/sv\/wp-json\/wp\/v2\/product_tag?post=217464"}],"curies":[{"name":"wp","href":"https:\/\/api.w.org\/{rel}","templated":true}]}}