{"id":217461,"date":"2025-03-20T14:33:05","date_gmt":"2025-03-20T14:33:05","guid":{"rendered":"https:\/\/aromasentia.com\/product\/less-stress-essential-oil-blend-boxed-10ml\/"},"modified":"2025-12-31T15:54:18","modified_gmt":"2025-12-31T15:54:18","slug":"mindre-stress-eterisk-oljeblandning-forpackad-10ml","status":"publish","type":"product","link":"https:\/\/aromasentia.com\/sv\/mindre-stress-eterisk-oljeblandning-forpackad-10ml\/","title":{"rendered":"Mindre Stress Eterisk Oljeblandning &#8211; F\u00f6rpackad &#8211; 10ml"},"content":{"rendered":"<p style=\"text-align: justify;\">D\u00e5 och d\u00e5 n\u00e4r livet blir lite tuff b\u00f6r du prova Mindre Stress Eterisk Oljeblandning.&nbsp;<\/p>\n<p style=\"text-align: justify;\">Denna blandning inneh\u00e5ller Muskatellsalvia, Citron och Lavendel som hj\u00e4lper till att slappna av i sinnet och kroppen, och ger en k\u00e4nsla av v\u00e4lbefinnande.&nbsp;<\/p>\n<p style=\"text-align: justify;\">Du kan ta ett avkopplande bad med denna olja, l\u00e4gga n\u00e5gra droppar olja p\u00e5 dina f\u00f6tter eller handflatorna, eller anv\u00e4nda oljebr\u00e4nnare f\u00f6r att sprida doften i rummet.&nbsp;<\/p>\n<p style=\"text-align: justify;\">Du kan ocks\u00e5 skaka ordentligt och applicera gener\u00f6st p\u00e5 handleder eller nacke som \u00f6nskat. Eftersom denna produktserie \u00e4r gjord av rena eteriska oljeblandningar, rekommenderar vi dem med k\u00e4nslig hud att sp\u00e4da med v\u00e5ra basoljor.&nbsp;<\/p>\n<p style=\"text-align: justify;\">Best\u00e4ll idag f\u00f6r att f\u00e5 v\u00e5ra h\u00f6gkvalitativa oljeblandningar i butik.<\/p>\n","protected":false},"excerpt":{"rendered":"<p>D\u00e5 och d\u00e5 n\u00e4r livet blir lite tuff b\u00f6r du prova Mindre Stress Eterisk Oljeblandning.&nbsp; Denna blandning inneh\u00e5ller Muskatellsalvia, Citron och Lavendel som hj\u00e4lper till att slappna av i sinnet och kroppen, och ger en k\u00e4nsla av v\u00e4lbefinnande.&nbsp; Du kan ta ett avkopplande bad med denna olja, l\u00e4gga n\u00e5gra droppar olja p\u00e5 dina f\u00f6tter eller [&hellip;]<\/p>\n","protected":false},"featured_media":257892,"comment_status":"closed","ping_status":"open","template":"","meta":{"_angie_page":false},"product_brand":[],"product_cat":[11868,26653,13648],"product_tag":[],"class_list":{"0":"post-217461","1":"product","2":"type-product","3":"status-publish","4":"has-post-thumbnail","6":"product_cat-aromaterapi-och-rumsdofter","7":"product_cat-eteriska-oljeblandningar","8":"product_cat-eteriska-oljor","9":"pa_collection-premium-essential-oil-blends-sv","10":"pa_made-in-frankrike","11":"pa_size-10ml","13":"first","14":"instock","15":"purchasable","16":"product-type-simple"},"supplier_id":null,"supplier_sku":"AWEBL-07","barcode":null,"atum_controlled":true,"out_stock_date":null,"out_stock_threshold":null,"inheritable":false,"inbound_stock":null,"stock_on_hold":0,"sold_today":0,"sales_last_days":0,"reserved_stock":null,"customer_returns":null,"warehouse_damage":null,"lost_in_post":null,"other_logs":null,"out_stock_days":0,"lost_sales":0,"has_location":null,"update_date":"2026-05-04T00:02:49","atum_locations":[],"atum_stock_status":"instock","restock_status":false,"low_stock_amount":"","sales_update_date":"2025-10-09T03:24:15","calc_backorders":null,"_links":{"self":[{"href":"https:\/\/aromasentia.com\/sv\/wp-json\/wp\/v2\/product\/217461","targetHints":{"allow":["GET"]}}],"collection":[{"href":"https:\/\/aromasentia.com\/sv\/wp-json\/wp\/v2\/product"}],"about":[{"href":"https:\/\/aromasentia.com\/sv\/wp-json\/wp\/v2\/types\/product"}],"replies":[{"embeddable":true,"href":"https:\/\/aromasentia.com\/sv\/wp-json\/wp\/v2\/comments?post=217461"}],"version-history":[{"count":0,"href":"https:\/\/aromasentia.com\/sv\/wp-json\/wp\/v2\/product\/217461\/revisions"}],"wp:featuredmedia":[{"embeddable":true,"href":"https:\/\/aromasentia.com\/sv\/wp-json\/wp\/v2\/media\/257892"}],"wp:attachment":[{"href":"https:\/\/aromasentia.com\/sv\/wp-json\/wp\/v2\/media?parent=217461"}],"wp:term":[{"taxonomy":"product_brand","embeddable":true,"href":"https:\/\/aromasentia.com\/sv\/wp-json\/wp\/v2\/product_brand?post=217461"},{"taxonomy":"product_cat","embeddable":true,"href":"https:\/\/aromasentia.com\/sv\/wp-json\/wp\/v2\/product_cat?post=217461"},{"taxonomy":"product_tag","embeddable":true,"href":"https:\/\/aromasentia.com\/sv\/wp-json\/wp\/v2\/product_tag?post=217461"}],"curies":[{"name":"wp","href":"https:\/\/api.w.org\/{rel}","templated":true}]}}