{"id":217443,"date":"2025-03-20T14:33:05","date_gmt":"2025-03-20T14:33:05","guid":{"rendered":"https:\/\/aromasentia.com\/product\/aromatherapy-jewellery-necklace-four-leaf-clover-30mm\/"},"modified":"2025-12-31T15:54:03","modified_gmt":"2025-12-31T15:54:03","slug":"aromaterapi-halsband-fyrklover-30mm","status":"publish","type":"product","link":"https:\/\/aromasentia.com\/sv\/aromaterapi-halsband-fyrklover-30mm\/","title":{"rendered":"Aromaterapi Halsband &#8211; Fyrkl\u00f6ver &#8211; 30mm"},"content":{"rendered":"<p style=\"text-align: justify;\">Med dessa aromaterapihalsband kan dina kunder b\u00e4ra sina favorit eteriska oljor eller speciella oljeblandningar vart de \u00e4n g\u00e5r samtidigt som de f\u00e5r uppleva aromaterapins h\u00e4lsof\u00f6rdelar.&nbsp;<\/p>\n<p style=\"text-align: justify;\">Varje medaljong inneh\u00e5ller en liten dyna som rymmer n\u00e5gra droppar olja vars doft sl\u00e4pps l\u00e5ngsamt genom ventilationsh\u00e5len p\u00e5 framsidan. Doften av oljan kan sitta kvar i flera dagar, men du kan alltid fylla p\u00e5 mer olja till dynan n\u00e4r doften f\u00f6rsvinner helt.<\/p>\n","protected":false},"excerpt":{"rendered":"<p>Med dessa aromaterapihalsband kan dina kunder b\u00e4ra sina favorit eteriska oljor eller speciella oljeblandningar vart de \u00e4n g\u00e5r samtidigt som de f\u00e5r uppleva aromaterapins h\u00e4lsof\u00f6rdelar.&nbsp; Varje medaljong inneh\u00e5ller en liten dyna som rymmer n\u00e5gra droppar olja vars doft sl\u00e4pps l\u00e5ngsamt genom ventilationsh\u00e5len p\u00e5 framsidan. Doften av oljan kan sitta kvar i flera dagar, men du [&hellip;]<\/p>\n","protected":false},"featured_media":257160,"comment_status":"closed","ping_status":"open","template":"","meta":{"_angie_page":false},"product_brand":[],"product_cat":[11868,25216],"product_tag":[],"class_list":{"0":"post-217443","1":"product","2":"type-product","3":"status-publish","4":"has-post-thumbnail","6":"product_cat-aromaterapi-och-rumsdofter","7":"product_cat-halsband-hangsmycken","8":"pa_collection-aromatherapy-jewellery-necklaces-and-bracelets-sv","9":"pa_made-in-kina","11":"first","12":"instock","13":"purchasable","14":"product-type-simple"},"supplier_id":null,"supplier_sku":"AromaJ-14","barcode":null,"atum_controlled":true,"out_stock_date":null,"out_stock_threshold":null,"inheritable":false,"inbound_stock":null,"stock_on_hold":0,"sold_today":0,"sales_last_days":0,"reserved_stock":null,"customer_returns":null,"warehouse_damage":null,"lost_in_post":null,"other_logs":null,"out_stock_days":10,"lost_sales":0,"has_location":null,"update_date":"2026-04-29T01:07:01","atum_locations":[],"atum_stock_status":"instock","restock_status":false,"low_stock_amount":"","sales_update_date":"2026-02-06T00:02:30","calc_backorders":null,"_links":{"self":[{"href":"https:\/\/aromasentia.com\/sv\/wp-json\/wp\/v2\/product\/217443","targetHints":{"allow":["GET"]}}],"collection":[{"href":"https:\/\/aromasentia.com\/sv\/wp-json\/wp\/v2\/product"}],"about":[{"href":"https:\/\/aromasentia.com\/sv\/wp-json\/wp\/v2\/types\/product"}],"replies":[{"embeddable":true,"href":"https:\/\/aromasentia.com\/sv\/wp-json\/wp\/v2\/comments?post=217443"}],"version-history":[{"count":0,"href":"https:\/\/aromasentia.com\/sv\/wp-json\/wp\/v2\/product\/217443\/revisions"}],"wp:featuredmedia":[{"embeddable":true,"href":"https:\/\/aromasentia.com\/sv\/wp-json\/wp\/v2\/media\/257160"}],"wp:attachment":[{"href":"https:\/\/aromasentia.com\/sv\/wp-json\/wp\/v2\/media?parent=217443"}],"wp:term":[{"taxonomy":"product_brand","embeddable":true,"href":"https:\/\/aromasentia.com\/sv\/wp-json\/wp\/v2\/product_brand?post=217443"},{"taxonomy":"product_cat","embeddable":true,"href":"https:\/\/aromasentia.com\/sv\/wp-json\/wp\/v2\/product_cat?post=217443"},{"taxonomy":"product_tag","embeddable":true,"href":"https:\/\/aromasentia.com\/sv\/wp-json\/wp\/v2\/product_tag?post=217443"}],"curies":[{"name":"wp","href":"https:\/\/api.w.org\/{rel}","templated":true}]}}