{"id":217441,"date":"2025-03-20T14:33:05","date_gmt":"2025-03-20T14:33:05","guid":{"rendered":"https:\/\/aromasentia.com\/product\/luxury-lavender-wheat-bag-in-gift-box-butterfly-roses\/"},"modified":"2025-12-31T15:54:03","modified_gmt":"2025-12-31T15:54:03","slug":"lyxiga-kuddar-med-vete-och-lavendel-fjarilar-rosor","status":"publish","type":"product","link":"https:\/\/aromasentia.com\/sv\/lyxiga-kuddar-med-vete-och-lavendel-fjarilar-rosor\/","title":{"rendered":"Lyxiga Kuddar med Vete och Lavendel &#8211; Fj\u00e4rilar &#038; Rosor"},"content":{"rendered":"<p>Koppla av och varva ner med v\u00e5r lyxiga &quot;Fj\u00e4rilar &amp; Rosor&quot; veteskudde f\u00f6rpackad i en vacker presentask.&nbsp;<\/p>\n<p>Veteskuddar har anv\u00e4nts i alternativ terapi i m\u00e5nga \u00e5r. Vete har en unik cellstruktur som kan absorbera v\u00e4rme eller kyla snabbt och sedan sl\u00e4ppa ut den j\u00e4mnt. Kan hj\u00e4lpa lindra tillst\u00e5nd som artrit, menstruationssm\u00e4rtor, v\u00e4rkande leder osv. N\u00e4r det g\u00e4ller lavendel, \u00e4r den v\u00e4lk\u00e4nd f\u00f6r sin f\u00f6rm\u00e5ga att lindra sp\u00e4nningar och sm\u00e4rta. S\u00e5 du kan f\u00f6rest\u00e4lla dig hur avslappnande en produkt \u00e4r n\u00e4r dessa tv\u00e5 kombineras.&nbsp;<\/p>\n<p>Produkten \u00e4r ett utm\u00e4rkt och s\u00e4kert alternativ till varmvattenflaskor.<\/p>\n<p>Dessutom har kuddarna en fantastisk design och \u00e4r inslagna i en h\u00e4rlig, unik presentf\u00f6rpackning. Hur kommer dina kunder att kunna motst\u00e5?&nbsp;<\/p>\n<p><strong><span style=\"color: rgb(84, 172, 210);\">Best\u00e4ll n\u00e5gra idag och ge dina kunder den avkoppling de f\u00f6rtj\u00e4nar.<\/span><\/strong><\/p>\n","protected":false},"excerpt":{"rendered":"<p>Koppla av och varva ner med v\u00e5r lyxiga &quot;Fj\u00e4rilar &amp; Rosor&quot; veteskudde f\u00f6rpackad i en vacker presentask.&nbsp; Veteskuddar har anv\u00e4nts i alternativ terapi i m\u00e5nga \u00e5r. Vete har en unik cellstruktur som kan absorbera v\u00e4rme eller kyla snabbt och sedan sl\u00e4ppa ut den j\u00e4mnt. Kan hj\u00e4lpa lindra tillst\u00e5nd som artrit, menstruationssm\u00e4rtor, v\u00e4rkande leder osv. N\u00e4r [&hellip;]<\/p>\n","protected":false},"featured_media":258137,"comment_status":"closed","ping_status":"open","template":"","meta":{"_angie_page":false},"product_brand":[],"product_cat":[11868,26836,25845,26032,26059],"product_tag":[],"class_list":{"0":"post-217441","1":"product","2":"type-product","3":"status-publish","4":"has-post-thumbnail","6":"product_cat-aromaterapi-och-rumsdofter","7":"product_cat-blommig","8":"product_cat-dofter-aromer","9":"product_cat-lavendel","10":"product_cat-ros","11":"pa_collection-lavender-wheat-bags-sv","12":"pa_made-in-kina","14":"first","15":"instock","16":"purchasable","17":"product-type-simple"},"supplier_id":null,"supplier_sku":"AWHBL-03","barcode":null,"atum_controlled":true,"out_stock_date":null,"out_stock_threshold":null,"inheritable":false,"inbound_stock":null,"stock_on_hold":0,"sold_today":0,"sales_last_days":0,"reserved_stock":null,"customer_returns":null,"warehouse_damage":null,"lost_in_post":null,"other_logs":null,"out_stock_days":0,"lost_sales":0,"has_location":null,"update_date":"2026-04-27T06:52:28","atum_locations":[],"atum_stock_status":"instock","restock_status":false,"low_stock_amount":"","sales_update_date":"2026-01-20T05:14:05","calc_backorders":null,"_links":{"self":[{"href":"https:\/\/aromasentia.com\/sv\/wp-json\/wp\/v2\/product\/217441","targetHints":{"allow":["GET"]}}],"collection":[{"href":"https:\/\/aromasentia.com\/sv\/wp-json\/wp\/v2\/product"}],"about":[{"href":"https:\/\/aromasentia.com\/sv\/wp-json\/wp\/v2\/types\/product"}],"replies":[{"embeddable":true,"href":"https:\/\/aromasentia.com\/sv\/wp-json\/wp\/v2\/comments?post=217441"}],"version-history":[{"count":0,"href":"https:\/\/aromasentia.com\/sv\/wp-json\/wp\/v2\/product\/217441\/revisions"}],"wp:featuredmedia":[{"embeddable":true,"href":"https:\/\/aromasentia.com\/sv\/wp-json\/wp\/v2\/media\/258137"}],"wp:attachment":[{"href":"https:\/\/aromasentia.com\/sv\/wp-json\/wp\/v2\/media?parent=217441"}],"wp:term":[{"taxonomy":"product_brand","embeddable":true,"href":"https:\/\/aromasentia.com\/sv\/wp-json\/wp\/v2\/product_brand?post=217441"},{"taxonomy":"product_cat","embeddable":true,"href":"https:\/\/aromasentia.com\/sv\/wp-json\/wp\/v2\/product_cat?post=217441"},{"taxonomy":"product_tag","embeddable":true,"href":"https:\/\/aromasentia.com\/sv\/wp-json\/wp\/v2\/product_tag?post=217441"}],"curies":[{"name":"wp","href":"https:\/\/api.w.org\/{rel}","templated":true}]}}