{"id":217436,"date":"2025-03-20T14:35:19","date_gmt":"2025-03-20T14:35:19","guid":{"rendered":"https:\/\/aromasentia.com\/product\/jojoba-oil-100ml\/"},"modified":"2025-12-31T15:53:56","modified_gmt":"2025-12-31T15:53:56","slug":"jojobaolja-100ml","status":"publish","type":"product","link":"https:\/\/aromasentia.com\/sv\/jojobaolja-100ml\/","title":{"rendered":"Jojobaolja &#8211; 100ml"},"content":{"rendered":"<p><strong>Latinskt namn:<\/strong> <em>Simmondsia Chinensis&nbsp;<\/em><\/p>\n<p><strong>F\u00e4rg och doft:&nbsp;<\/strong>Gyllene f\u00e4rg och en l\u00e4tt jordig doft&nbsp;<\/p>\n<p><strong>Textur:<\/strong> En l\u00e4tt olja med den tjocka konsistensen som liknar vax&nbsp;<\/p>\n<p>V\u00e5r <strong>Grossist Jojobabasolja<\/strong> kommer fr\u00e5n Syd- och Centralamerika och tillverkas med hj\u00e4lp av kallpressning. Levereras i 100 ml b\u00e4rnstensf\u00e4rgade glasflaskor och \u00e4r 100% naturlig.&nbsp;<\/p>\n<p>Jojobaolja har m\u00e5nga positiva effekter. Oljan kan ha antiinflammatoriska egenskaper och s\u00e4gs fungera bra mot artrit. Den \u00e4r ocks\u00e5 bra f\u00f6r huden, har en positiv effekt p\u00e5 eksem, torr hud, solbr\u00e4nna, psoriasis och sprucken hud.&nbsp;<\/p>\n<p>Jojobaolja \u00e5terfuktar v\u00e5r hud och h\u00e5r n\u00e4r v\u00e5r kropp slutar g\u00f6ra det naturligt. Den \u00e4r perfekt f\u00f6r att ta bort smuts, smink och bakterier fr\u00e5n ditt ansikte n\u00e4r du anv\u00e4nder den.&nbsp;<\/p>\n<p>Jojobaolja f\u00f6rhindrar rakhyvelbr\u00e4nna, d\u00e5 den vaxartad konsistensen eliminerar risken f\u00f6r rakningsincidenter som sk\u00e4rs\u00e5r och br\u00e4nnskador.<\/p>\n","protected":false},"excerpt":{"rendered":"<p>Latinskt namn: Simmondsia Chinensis&nbsp; F\u00e4rg och doft:&nbsp;Gyllene f\u00e4rg och en l\u00e4tt jordig doft&nbsp; Textur: En l\u00e4tt olja med den tjocka konsistensen som liknar vax&nbsp; V\u00e5r Grossist Jojobabasolja kommer fr\u00e5n Syd- och Centralamerika och tillverkas med hj\u00e4lp av kallpressning. Levereras i 100 ml b\u00e4rnstensf\u00e4rgade glasflaskor och \u00e4r 100% naturlig.&nbsp; Jojobaolja har m\u00e5nga positiva effekter. Oljan kan [&hellip;]<\/p>\n","protected":false},"featured_media":258979,"comment_status":"closed","ping_status":"open","template":"","meta":{"_angie_page":false},"product_brand":[27091],"product_cat":[11868,13718],"product_tag":[],"class_list":{"0":"post-217436","1":"product","2":"type-product","3":"status-publish","4":"has-post-thumbnail","6":"product_brand-ancient-wisdom","7":"product_cat-aromaterapi-och-rumsdofter","8":"product_cat-basoljor","9":"pa_collection-base-oils-sv","10":"pa_size-100ml","12":"first","13":"instock","14":"purchasable","15":"product-type-simple"},"supplier_id":null,"supplier_sku":"BO-03","barcode":null,"atum_controlled":true,"out_stock_date":null,"out_stock_threshold":null,"inheritable":false,"inbound_stock":null,"stock_on_hold":0,"sold_today":0,"sales_last_days":0,"reserved_stock":null,"customer_returns":null,"warehouse_damage":null,"lost_in_post":null,"other_logs":null,"out_stock_days":0,"lost_sales":0,"has_location":null,"update_date":"2026-04-27T06:55:16","atum_locations":[],"atum_stock_status":"instock","restock_status":false,"low_stock_amount":"","sales_update_date":"2025-10-09T03:26:37","calc_backorders":null,"_links":{"self":[{"href":"https:\/\/aromasentia.com\/sv\/wp-json\/wp\/v2\/product\/217436","targetHints":{"allow":["GET"]}}],"collection":[{"href":"https:\/\/aromasentia.com\/sv\/wp-json\/wp\/v2\/product"}],"about":[{"href":"https:\/\/aromasentia.com\/sv\/wp-json\/wp\/v2\/types\/product"}],"replies":[{"embeddable":true,"href":"https:\/\/aromasentia.com\/sv\/wp-json\/wp\/v2\/comments?post=217436"}],"version-history":[{"count":0,"href":"https:\/\/aromasentia.com\/sv\/wp-json\/wp\/v2\/product\/217436\/revisions"}],"wp:featuredmedia":[{"embeddable":true,"href":"https:\/\/aromasentia.com\/sv\/wp-json\/wp\/v2\/media\/258979"}],"wp:attachment":[{"href":"https:\/\/aromasentia.com\/sv\/wp-json\/wp\/v2\/media?parent=217436"}],"wp:term":[{"taxonomy":"product_brand","embeddable":true,"href":"https:\/\/aromasentia.com\/sv\/wp-json\/wp\/v2\/product_brand?post=217436"},{"taxonomy":"product_cat","embeddable":true,"href":"https:\/\/aromasentia.com\/sv\/wp-json\/wp\/v2\/product_cat?post=217436"},{"taxonomy":"product_tag","embeddable":true,"href":"https:\/\/aromasentia.com\/sv\/wp-json\/wp\/v2\/product_tag?post=217436"}],"curies":[{"name":"wp","href":"https:\/\/api.w.org\/{rel}","templated":true}]}}