{"id":217434,"date":"2025-03-20T14:35:19","date_gmt":"2025-03-20T14:35:19","guid":{"rendered":"https:\/\/aromasentia.com\/product\/grapeseed-oil-100ml\/"},"modified":"2025-12-31T15:53:56","modified_gmt":"2025-12-31T15:53:56","slug":"druvkarneolja-100ml","status":"publish","type":"product","link":"https:\/\/aromasentia.com\/sv\/druvkarneolja-100ml\/","title":{"rendered":"Druvk\u00e4rneolja &#8211; 100ml"},"content":{"rendered":"<p><strong>Latinskt namn:&nbsp;<\/strong><em>Vitis Vinifera&nbsp;<\/em><\/p>\n<p><strong>F\u00e4rg och doft:&nbsp;<\/strong>F\u00e4rgen varierar fr\u00e5n klar till gul till ljusgr\u00f6n. L\u00e4tt, en aning n\u00f6tig och s\u00f6t doft.<\/p>\n<p><strong>Textur:&nbsp;<\/strong>Satinliknande struktur&nbsp;<\/p>\n<p><strong>H\u00e5llbarhet:&nbsp;<\/strong>Upp till 1 \u00e5r&nbsp;<\/p>\n<p>V\u00e5r <strong>Grossistbasolja av Druvk\u00e4rnor <\/strong>\u00e4r tillverkad genom kallpressning. Levereras i 100 ml b\u00e4rnstensf\u00e4rgade glasflaskor och \u00e4r 100% naturlig. <\/p>\n<p>Druvk\u00e4rneolja anv\u00e4nds ofta i aromaterapi eftersom den \u00e4r en ganska allsidig olja och kan anv\u00e4ndas i ett brett spektrum av omr\u00e5den; allt fr\u00e5n massage till hudv\u00e5rd.&nbsp;<\/p>\n<p>Inneh\u00e5ller mer E-vitamin \u00e4n olivolja, flavonoider s\u00e5som oligomer procyanidin, inolensyra, Oljesyra, Omega 3-fettsyror, Omega 6-fettsyror, Omega 9-fettsyror, Palmitinsyra, Stearinsyra, C-vitamin, E-vitamin.&nbsp;<\/p>\n<p>Med sin tunna konsistens \u00e4r druvk\u00e4rneolja en otroligt l\u00e4tt fuktkr\u00e4m. Den \u00e4r l\u00e4ttare \u00e4n kokosolja och jojobaolja.&nbsp;<\/p>\n<p style=\"text-align: left;\">Anv\u00e4nds som fuktkr\u00e4m f\u00f6r tunt h\u00e5r. F\u00e5 droppar kan appliceras p\u00e5 h\u00e5rstr\u00e5n f\u00f6re schamponering. Druvk\u00e4rneolja \u00e4r h\u00f6g i C-vitamin och har d\u00e4rf\u00f6r f\u00f6rm\u00e5gan att ljusa upp huden. Minskar \u00e4ven spindelk\u00e4rl.&nbsp;<\/p>\n<p>Druvk\u00e4rneolja \u00e4r bra mot \u00e5ldrande. Den hj\u00e4lper till att \u00e5terst\u00e4lla kollagen eftersom den inneh\u00e5ller OPC (oligomera proantocyanidiner).<\/p>\n","protected":false},"excerpt":{"rendered":"<p>Latinskt namn:&nbsp;Vitis Vinifera&nbsp; F\u00e4rg och doft:&nbsp;F\u00e4rgen varierar fr\u00e5n klar till gul till ljusgr\u00f6n. L\u00e4tt, en aning n\u00f6tig och s\u00f6t doft. Textur:&nbsp;Satinliknande struktur&nbsp; H\u00e5llbarhet:&nbsp;Upp till 1 \u00e5r&nbsp; V\u00e5r Grossistbasolja av Druvk\u00e4rnor \u00e4r tillverkad genom kallpressning. Levereras i 100 ml b\u00e4rnstensf\u00e4rgade glasflaskor och \u00e4r 100% naturlig. Druvk\u00e4rneolja anv\u00e4nds ofta i aromaterapi eftersom den \u00e4r en ganska allsidig [&hellip;]<\/p>\n","protected":false},"featured_media":258961,"comment_status":"closed","ping_status":"open","template":"","meta":{"_angie_page":false},"product_brand":[27091],"product_cat":[11868,13718],"product_tag":[],"class_list":{"0":"post-217434","1":"product","2":"type-product","3":"status-publish","4":"has-post-thumbnail","6":"product_brand-ancient-wisdom","7":"product_cat-aromaterapi-och-rumsdofter","8":"product_cat-basoljor","9":"pa_collection-base-oils-sv","10":"pa_made-in-spanien","11":"pa_size-100ml","13":"first","14":"instock","15":"purchasable","16":"product-type-simple"},"supplier_id":null,"supplier_sku":"BO-01","barcode":null,"atum_controlled":true,"out_stock_date":null,"out_stock_threshold":null,"inheritable":false,"inbound_stock":null,"stock_on_hold":0,"sold_today":0,"sales_last_days":0,"reserved_stock":null,"customer_returns":null,"warehouse_damage":null,"lost_in_post":null,"other_logs":null,"out_stock_days":0,"lost_sales":0,"has_location":null,"update_date":"2026-04-27T06:55:16","atum_locations":[],"atum_stock_status":"instock","restock_status":false,"low_stock_amount":"","sales_update_date":"2025-10-09T03:26:37","calc_backorders":null,"_links":{"self":[{"href":"https:\/\/aromasentia.com\/sv\/wp-json\/wp\/v2\/product\/217434","targetHints":{"allow":["GET"]}}],"collection":[{"href":"https:\/\/aromasentia.com\/sv\/wp-json\/wp\/v2\/product"}],"about":[{"href":"https:\/\/aromasentia.com\/sv\/wp-json\/wp\/v2\/types\/product"}],"replies":[{"embeddable":true,"href":"https:\/\/aromasentia.com\/sv\/wp-json\/wp\/v2\/comments?post=217434"}],"version-history":[{"count":0,"href":"https:\/\/aromasentia.com\/sv\/wp-json\/wp\/v2\/product\/217434\/revisions"}],"wp:featuredmedia":[{"embeddable":true,"href":"https:\/\/aromasentia.com\/sv\/wp-json\/wp\/v2\/media\/258961"}],"wp:attachment":[{"href":"https:\/\/aromasentia.com\/sv\/wp-json\/wp\/v2\/media?parent=217434"}],"wp:term":[{"taxonomy":"product_brand","embeddable":true,"href":"https:\/\/aromasentia.com\/sv\/wp-json\/wp\/v2\/product_brand?post=217434"},{"taxonomy":"product_cat","embeddable":true,"href":"https:\/\/aromasentia.com\/sv\/wp-json\/wp\/v2\/product_cat?post=217434"},{"taxonomy":"product_tag","embeddable":true,"href":"https:\/\/aromasentia.com\/sv\/wp-json\/wp\/v2\/product_tag?post=217434"}],"curies":[{"name":"wp","href":"https:\/\/api.w.org\/{rel}","templated":true}]}}