{"id":217429,"date":"2025-03-20T14:35:19","date_gmt":"2025-03-20T14:35:19","guid":{"rendered":"https:\/\/aromasentia.com\/product\/50ml-beard-oil-roman-gladiator-enhance\/"},"modified":"2025-12-31T15:53:48","modified_gmt":"2025-12-31T15:53:48","slug":"skaggolja-romersk-gladiator-forbattra-50ml","status":"publish","type":"product","link":"https:\/\/aromasentia.com\/sv\/skaggolja-romersk-gladiator-forbattra-50ml\/","title":{"rendered":"Sk\u00e4ggolja &#8211; Romersk Gladiator &#8211; F\u00f6rb\u00e4ttra! 50ml"},"content":{"rendered":"<p>Ta en paus fr\u00e5n det fruktiga och blommiga f\u00f6r att prova denna rena men exotiska doft av svartpeppar och bergamottsk\u00e4ggolja noggrant blandad med aprikos-, argan- och E-vitaminolja.&nbsp;<\/p>\n<p>Tillverkad i sm\u00e5 m\u00e4ngder och designad f\u00f6r att f\u00f6rb\u00e4ttra tillv\u00e4xten av stubb eller sk\u00e4gg. L\u00e4mplig f\u00f6r dagligt bruk.&nbsp;<\/p>\n<p>Sk\u00e4ggolja mjukar upp grovt h\u00e5r och hj\u00e4lper till att g\u00f6ra det smidigt och l\u00e4ttare att styla. Och dessutom konditionerar den huden under sk\u00e4gget, vilket minskar risken f\u00f6r att den blir kliande eller flagnande. Denna olja kommer ditt sk\u00e4gg garanterat tycka om.&nbsp;<\/p>\n<p>Det s\u00e4gs att svartpeppar \u00e4r rik p\u00e5 A- och C-vitamin, flavonoider, karotenoider och andra antioxidanter. Detta hj\u00e4lper till att stimulera sk\u00e4ggv\u00e4xten samtidigt som sk\u00e4gget drar nytta av dem kryddiga och exotiska tonerna av denna b\u00e4sts\u00e4ljande olja.&nbsp;<\/p>\n<p>Oljan \u00e4r helt naturlig, s\u00e5 omfamna din inre romerska gladiator och f\u00f6rb\u00e4ttra ditt sk\u00e4gg eller sk\u00e4ggstubb!<\/p>\n","protected":false},"excerpt":{"rendered":"<p>Ta en paus fr\u00e5n det fruktiga och blommiga f\u00f6r att prova denna rena men exotiska doft av svartpeppar och bergamottsk\u00e4ggolja noggrant blandad med aprikos-, argan- och E-vitaminolja.&nbsp; Tillverkad i sm\u00e5 m\u00e4ngder och designad f\u00f6r att f\u00f6rb\u00e4ttra tillv\u00e4xten av stubb eller sk\u00e4gg. L\u00e4mplig f\u00f6r dagligt bruk.&nbsp; Sk\u00e4ggolja mjukar upp grovt h\u00e5r och hj\u00e4lper till att g\u00f6ra [&hellip;]<\/p>\n","protected":false},"featured_media":258836,"comment_status":"closed","ping_status":"open","template":"","meta":{"_angie_page":false},"product_brand":[],"product_cat":[12600,12875,25807],"product_tag":[],"class_list":{"0":"post-217429","1":"product","2":"type-product","3":"status-publish","4":"has-post-thumbnail","6":"product_cat-bad-och-dusch","7":"product_cat-harvard","8":"product_cat-skaggoljor","9":"pa_collection-pure-and-natural-beard-oils-sv","10":"pa_made-in-storbritannien","11":"pa_size-50ml","13":"first","14":"instock","15":"purchasable","16":"product-type-simple"},"supplier_id":null,"supplier_sku":"BeardO-04","barcode":null,"atum_controlled":true,"out_stock_date":null,"out_stock_threshold":null,"inheritable":false,"inbound_stock":0,"stock_on_hold":0,"sold_today":0,"sales_last_days":0,"reserved_stock":0,"customer_returns":0,"warehouse_damage":0,"lost_in_post":0,"other_logs":0,"out_stock_days":0,"lost_sales":0,"has_location":false,"update_date":"2026-05-08T05:05:00","atum_locations":[],"atum_stock_status":"instock","restock_status":false,"low_stock_amount":"","sales_update_date":"2025-10-09T03:26:18","calc_backorders":null,"_links":{"self":[{"href":"https:\/\/aromasentia.com\/sv\/wp-json\/wp\/v2\/product\/217429","targetHints":{"allow":["GET"]}}],"collection":[{"href":"https:\/\/aromasentia.com\/sv\/wp-json\/wp\/v2\/product"}],"about":[{"href":"https:\/\/aromasentia.com\/sv\/wp-json\/wp\/v2\/types\/product"}],"replies":[{"embeddable":true,"href":"https:\/\/aromasentia.com\/sv\/wp-json\/wp\/v2\/comments?post=217429"}],"version-history":[{"count":0,"href":"https:\/\/aromasentia.com\/sv\/wp-json\/wp\/v2\/product\/217429\/revisions"}],"wp:featuredmedia":[{"embeddable":true,"href":"https:\/\/aromasentia.com\/sv\/wp-json\/wp\/v2\/media\/258836"}],"wp:attachment":[{"href":"https:\/\/aromasentia.com\/sv\/wp-json\/wp\/v2\/media?parent=217429"}],"wp:term":[{"taxonomy":"product_brand","embeddable":true,"href":"https:\/\/aromasentia.com\/sv\/wp-json\/wp\/v2\/product_brand?post=217429"},{"taxonomy":"product_cat","embeddable":true,"href":"https:\/\/aromasentia.com\/sv\/wp-json\/wp\/v2\/product_cat?post=217429"},{"taxonomy":"product_tag","embeddable":true,"href":"https:\/\/aromasentia.com\/sv\/wp-json\/wp\/v2\/product_tag?post=217429"}],"curies":[{"name":"wp","href":"https:\/\/api.w.org\/{rel}","templated":true}]}}