{"id":217428,"date":"2025-03-20T14:35:19","date_gmt":"2025-03-20T14:35:19","guid":{"rendered":"https:\/\/aromasentia.com\/product\/50ml-beard-oil-spartan-hero-condition\/"},"modified":"2025-12-31T15:53:48","modified_gmt":"2025-12-31T15:53:48","slug":"skaggolja-spartansk-hjalte-konditionera-50ml","status":"publish","type":"product","link":"https:\/\/aromasentia.com\/sv\/skaggolja-spartansk-hjalte-konditionera-50ml\/","title":{"rendered":"Sk\u00e4ggolja &#8211; Spartansk Hj\u00e4lte &#8211; Konditionera! 50ml"},"content":{"rendered":"<p>Detta \u00e4r en enkel och naturlig sk\u00e4ggolja tillverkad av patchouli, lime och cedertr\u00e4 eteriska oljor och noggrant blandad med kokosn\u00f6t-, avokado- och gyllene jojobaolja.&nbsp;<\/p>\n<p>Tillverkad i sm\u00e5 m\u00e4ngder och designad f\u00f6r att konditionera alla stubb eller sk\u00e4gg. L\u00e4mplig f\u00f6r dagligt bruk.&nbsp;<\/p>\n<p>Sk\u00e4ggolja mjukar upp grovt h\u00e5r och hj\u00e4lper till att g\u00f6ra det smidigt och l\u00e4ttare att styla. Och dessutom konditionerar den huden under, vilket minskar risken f\u00f6r att den blir kliande eller flagnande. Denna olja kommer ditt sk\u00e4gg garanterat tycka om.<\/p>\n<p>En aning tr\u00e4ig, s\u00f6t och kryddig patchouli med en liten hint av citrus, som sm\u00e4lter in i en mjuk bas av cedertr\u00e4. Perfekt!&nbsp;<\/p>\n<p>Denna blandning av oljor syftar till att mjuka upp och konditionera h\u00e5rs\u00e4ckarna f\u00f6r att f\u00f6rb\u00e4ttra stubben och sk\u00e4gget.&nbsp;<\/p>\n<p>Oljan \u00e4r helt naturlig, s\u00e5 omfamna din inre spartanska hj\u00e4lte och konditionera ditt sk\u00e4gg eller sk\u00e4ggstubb!<\/p>\n","protected":false},"excerpt":{"rendered":"<p>Detta \u00e4r en enkel och naturlig sk\u00e4ggolja tillverkad av patchouli, lime och cedertr\u00e4 eteriska oljor och noggrant blandad med kokosn\u00f6t-, avokado- och gyllene jojobaolja.&nbsp; Tillverkad i sm\u00e5 m\u00e4ngder och designad f\u00f6r att konditionera alla stubb eller sk\u00e4gg. L\u00e4mplig f\u00f6r dagligt bruk.&nbsp; Sk\u00e4ggolja mjukar upp grovt h\u00e5r och hj\u00e4lper till att g\u00f6ra det smidigt och l\u00e4ttare [&hellip;]<\/p>\n","protected":false},"featured_media":258779,"comment_status":"closed","ping_status":"open","template":"","meta":{"_angie_page":false},"product_brand":[],"product_cat":[12600,12875,25807],"product_tag":[],"class_list":{"0":"post-217428","1":"product","2":"type-product","3":"status-publish","4":"has-post-thumbnail","6":"product_cat-bad-och-dusch","7":"product_cat-harvard","8":"product_cat-skaggoljor","9":"pa_collection-pure-and-natural-beard-oils-sv","10":"pa_made-in-storbritannien","11":"pa_size-50ml","13":"first","14":"instock","15":"purchasable","16":"product-type-simple"},"supplier_id":null,"supplier_sku":"BeardO-03","barcode":null,"atum_controlled":true,"out_stock_date":null,"out_stock_threshold":null,"inheritable":false,"inbound_stock":null,"stock_on_hold":0,"sold_today":0,"sales_last_days":0,"reserved_stock":null,"customer_returns":null,"warehouse_damage":null,"lost_in_post":null,"other_logs":null,"out_stock_days":0,"lost_sales":0,"has_location":null,"update_date":"2026-05-04T00:02:50","atum_locations":[],"atum_stock_status":"instock","restock_status":false,"low_stock_amount":"","sales_update_date":"2026-01-30T01:24:51","calc_backorders":null,"_links":{"self":[{"href":"https:\/\/aromasentia.com\/sv\/wp-json\/wp\/v2\/product\/217428","targetHints":{"allow":["GET"]}}],"collection":[{"href":"https:\/\/aromasentia.com\/sv\/wp-json\/wp\/v2\/product"}],"about":[{"href":"https:\/\/aromasentia.com\/sv\/wp-json\/wp\/v2\/types\/product"}],"replies":[{"embeddable":true,"href":"https:\/\/aromasentia.com\/sv\/wp-json\/wp\/v2\/comments?post=217428"}],"version-history":[{"count":0,"href":"https:\/\/aromasentia.com\/sv\/wp-json\/wp\/v2\/product\/217428\/revisions"}],"wp:featuredmedia":[{"embeddable":true,"href":"https:\/\/aromasentia.com\/sv\/wp-json\/wp\/v2\/media\/258779"}],"wp:attachment":[{"href":"https:\/\/aromasentia.com\/sv\/wp-json\/wp\/v2\/media?parent=217428"}],"wp:term":[{"taxonomy":"product_brand","embeddable":true,"href":"https:\/\/aromasentia.com\/sv\/wp-json\/wp\/v2\/product_brand?post=217428"},{"taxonomy":"product_cat","embeddable":true,"href":"https:\/\/aromasentia.com\/sv\/wp-json\/wp\/v2\/product_cat?post=217428"},{"taxonomy":"product_tag","embeddable":true,"href":"https:\/\/aromasentia.com\/sv\/wp-json\/wp\/v2\/product_tag?post=217428"}],"curies":[{"name":"wp","href":"https:\/\/api.w.org\/{rel}","templated":true}]}}