{"id":217427,"date":"2025-03-20T14:35:19","date_gmt":"2025-03-20T14:35:19","guid":{"rendered":"https:\/\/aromasentia.com\/product\/50ml-beard-oil-nordic-spruce-regenerate\/"},"modified":"2025-12-31T15:53:48","modified_gmt":"2025-12-31T15:53:48","slug":"skaggolja-nordisk-gran-regenerera-50ml","status":"publish","type":"product","link":"https:\/\/aromasentia.com\/sv\/skaggolja-nordisk-gran-regenerera-50ml\/","title":{"rendered":"Sk\u00e4ggolja &#8211; Nordisk Gran &#8211; Regenerera! 50ml"},"content":{"rendered":"<p>Nordisk Gran Sk\u00e4ggolja \u00e4r tillverkad av eteriska oljor fr\u00e5n r\u00f6kelse och gran, och noggrant blandad i aprikos-, argan- och gyllene jojobaolja.&nbsp;<\/p>\n<p>Tillverkad i sm\u00e5 m\u00e4ngder med avsikten att hj\u00e4lpa till att regenerera sk\u00e4ggstubbar eller sk\u00e4gg samt att minska effekterna av hudens \u00e5ldrande. L\u00e4mplig f\u00f6r dagligt bruk.&nbsp;<\/p>\n<p>Sk\u00e4ggolja mjukar upp grovt h\u00e5r och hj\u00e4lper till att g\u00f6ra det smidigt och l\u00e4ttare att styla. Och dessutom konditionerar den huden under, vilket minskar risken f\u00f6r att den blir kliande eller flagnande. Denna olja kommer ditt sk\u00e4gg garanterat tycka om.<\/p>\n<p>En blandning av eteriska oljor fr\u00e5n r\u00f6kelse och gran har b\u00e5de f\u00f6ryngrande egenskaper och med en blandning av aprikos, argan och gyllene jojoba \u00e4r det ett perfekt s\u00e4tt att b\u00f6rja dagen med att k\u00e4nna sig uppfriskad och \u00e5teruppbyggd.<\/p>\n","protected":false},"excerpt":{"rendered":"<p>Nordisk Gran Sk\u00e4ggolja \u00e4r tillverkad av eteriska oljor fr\u00e5n r\u00f6kelse och gran, och noggrant blandad i aprikos-, argan- och gyllene jojobaolja.&nbsp; Tillverkad i sm\u00e5 m\u00e4ngder med avsikten att hj\u00e4lpa till att regenerera sk\u00e4ggstubbar eller sk\u00e4gg samt att minska effekterna av hudens \u00e5ldrande. L\u00e4mplig f\u00f6r dagligt bruk.&nbsp; Sk\u00e4ggolja mjukar upp grovt h\u00e5r och hj\u00e4lper till att [&hellip;]<\/p>\n","protected":false},"featured_media":258722,"comment_status":"closed","ping_status":"open","template":"","meta":[],"product_brand":[],"product_cat":[12600,25845,26065,12875,25807,26899],"product_tag":[],"class_list":{"0":"post-217427","1":"product","2":"type-product","3":"status-publish","4":"has-post-thumbnail","6":"product_cat-bad-och-dusch","7":"product_cat-dofter-aromer","8":"product_cat-gran","9":"product_cat-harvard","10":"product_cat-skaggoljor","11":"product_cat-traig","12":"pa_collection-pure-and-natural-beard-oils-sv","13":"pa_made-in-storbritannien","14":"pa_size-50ml","16":"first","17":"instock","18":"purchasable","19":"product-type-simple"},"supplier_id":null,"supplier_sku":"BeardO-02","barcode":null,"atum_controlled":true,"out_stock_date":null,"out_stock_threshold":null,"inheritable":false,"inbound_stock":null,"stock_on_hold":0,"sold_today":0,"sales_last_days":0,"reserved_stock":null,"customer_returns":null,"warehouse_damage":null,"lost_in_post":null,"other_logs":null,"out_stock_days":0,"lost_sales":0,"has_location":null,"update_date":"2026-02-10T05:09:07","atum_locations":[],"atum_stock_status":"instock","restock_status":false,"low_stock_amount":"","sales_update_date":"2025-10-09T03:26:18","calc_backorders":null,"_links":{"self":[{"href":"https:\/\/aromasentia.com\/sv\/wp-json\/wp\/v2\/product\/217427","targetHints":{"allow":["GET"]}}],"collection":[{"href":"https:\/\/aromasentia.com\/sv\/wp-json\/wp\/v2\/product"}],"about":[{"href":"https:\/\/aromasentia.com\/sv\/wp-json\/wp\/v2\/types\/product"}],"replies":[{"embeddable":true,"href":"https:\/\/aromasentia.com\/sv\/wp-json\/wp\/v2\/comments?post=217427"}],"version-history":[{"count":0,"href":"https:\/\/aromasentia.com\/sv\/wp-json\/wp\/v2\/product\/217427\/revisions"}],"wp:featuredmedia":[{"embeddable":true,"href":"https:\/\/aromasentia.com\/sv\/wp-json\/wp\/v2\/media\/258722"}],"wp:attachment":[{"href":"https:\/\/aromasentia.com\/sv\/wp-json\/wp\/v2\/media?parent=217427"}],"wp:term":[{"taxonomy":"product_brand","embeddable":true,"href":"https:\/\/aromasentia.com\/sv\/wp-json\/wp\/v2\/product_brand?post=217427"},{"taxonomy":"product_cat","embeddable":true,"href":"https:\/\/aromasentia.com\/sv\/wp-json\/wp\/v2\/product_cat?post=217427"},{"taxonomy":"product_tag","embeddable":true,"href":"https:\/\/aromasentia.com\/sv\/wp-json\/wp\/v2\/product_tag?post=217427"}],"curies":[{"name":"wp","href":"https:\/\/api.w.org\/{rel}","templated":true}]}}