{"id":217409,"date":"2025-03-20T14:36:59","date_gmt":"2025-03-20T14:36:59","guid":{"rendered":"https:\/\/aromasentia.com\/product\/peach-kernel-oil-50ml\/"},"modified":"2025-12-31T15:53:33","modified_gmt":"2025-12-31T15:53:33","slug":"persikokarnolja-50ml","status":"publish","type":"product","link":"https:\/\/aromasentia.com\/sv\/persikokarnolja-50ml\/","title":{"rendered":"Persikok\u00e4rnolja &#8211; 50ml"},"content":{"rendered":"<p style=\"text-align: justify;\"><strong>Botaniskt namn:&nbsp;<\/strong><em>Prunus Persica<\/em>&nbsp;<\/p>\n<p style=\"text-align: justify;\"><strong>Andra namn:&nbsp;<\/strong>Persikoolja&nbsp;<\/p>\n<p style=\"text-align: justify;\"><strong>Ursprung:&nbsp;<\/strong>Spanien&nbsp;<\/p>\n<p style=\"text-align: justify;\"><strong>F\u00e4rg och doft:&nbsp;<\/strong>Klar ljusgul med l\u00e4tt lukt och mild smak&nbsp;<\/p>\n<p style=\"text-align: justify;\"><strong>Textur:&nbsp;<\/strong>L\u00e4tt strukturerad och absorberas l\u00e4tt&nbsp;<\/p>\n<p style=\"text-align: justify;\"><strong>H\u00e5llbarhet:&nbsp;<\/strong>1 \u00e5r&nbsp;<\/p>\n<p style=\"text-align: justify;\">Persikok\u00e4rnolja kan anv\u00e4ndas f\u00f6r att skapa lotioner och kr\u00e4mer som \u00e4r perfekta f\u00f6r sommarens hud. Denna fuktgivande olja \u00e4r bra p\u00e5 att ge n\u00e4ring till huden utan att l\u00e4mna en fet k\u00e4nsla.&nbsp;<\/p>\n<p style=\"text-align: justify;\">V\u00e5r Grossistbasolja av persikak\u00e4rnor \u00e4r noggrant utvald, k\u00f6pt oftast fr\u00e5n prim\u00e4ra k\u00e4llor, testad f\u00f6r renhet och utsatt f\u00f6r rigor\u00f6sa kvalitetskontrollstandarder.&nbsp;<\/p>\n<p style=\"text-align: justify;\">Tillverkad genom kallpressning. Inneh\u00e5ller 100% naturlig ren olja. Perfekt f\u00f6r att sp\u00e4da eteriska oljor innan anv\u00e4ndning p\u00e5 huden.&nbsp;<\/p>\n<p style=\"text-align: justify;\"><strong><span style=\"color: rgb(184, 49, 47);\">Anv\u00e4nd inte internt.<\/span><\/strong><\/p>\n","protected":false},"excerpt":{"rendered":"<p>Botaniskt namn:&nbsp;Prunus Persica&nbsp; Andra namn:&nbsp;Persikoolja&nbsp; Ursprung:&nbsp;Spanien&nbsp; F\u00e4rg och doft:&nbsp;Klar ljusgul med l\u00e4tt lukt och mild smak&nbsp; Textur:&nbsp;L\u00e4tt strukturerad och absorberas l\u00e4tt&nbsp; H\u00e5llbarhet:&nbsp;1 \u00e5r&nbsp; Persikok\u00e4rnolja kan anv\u00e4ndas f\u00f6r att skapa lotioner och kr\u00e4mer som \u00e4r perfekta f\u00f6r sommarens hud. Denna fuktgivande olja \u00e4r bra p\u00e5 att ge n\u00e4ring till huden utan att l\u00e4mna en fet k\u00e4nsla.&nbsp; [&hellip;]<\/p>\n","protected":false},"featured_media":259194,"comment_status":"closed","ping_status":"open","template":"","meta":{"_angie_page":false},"product_brand":[27091],"product_cat":[11868,13718],"product_tag":[],"class_list":{"0":"post-217409","1":"product","2":"type-product","3":"status-publish","4":"has-post-thumbnail","6":"product_brand-ancient-wisdom","7":"product_cat-aromaterapi-och-rumsdofter","8":"product_cat-basoljor","9":"pa_made-in-italien","10":"pa_size-50ml","12":"first","13":"instock","14":"purchasable","15":"product-type-simple"},"supplier_id":null,"supplier_sku":"BOa-04","barcode":null,"atum_controlled":true,"out_stock_date":null,"out_stock_threshold":null,"inheritable":false,"inbound_stock":null,"stock_on_hold":0,"sold_today":0,"sales_last_days":0,"reserved_stock":null,"customer_returns":null,"warehouse_damage":null,"lost_in_post":null,"other_logs":null,"out_stock_days":0,"lost_sales":0,"has_location":null,"update_date":"2026-04-27T06:55:20","atum_locations":[],"atum_stock_status":"instock","restock_status":false,"low_stock_amount":"","sales_update_date":"2026-01-20T05:13:28","calc_backorders":null,"_links":{"self":[{"href":"https:\/\/aromasentia.com\/sv\/wp-json\/wp\/v2\/product\/217409","targetHints":{"allow":["GET"]}}],"collection":[{"href":"https:\/\/aromasentia.com\/sv\/wp-json\/wp\/v2\/product"}],"about":[{"href":"https:\/\/aromasentia.com\/sv\/wp-json\/wp\/v2\/types\/product"}],"replies":[{"embeddable":true,"href":"https:\/\/aromasentia.com\/sv\/wp-json\/wp\/v2\/comments?post=217409"}],"version-history":[{"count":0,"href":"https:\/\/aromasentia.com\/sv\/wp-json\/wp\/v2\/product\/217409\/revisions"}],"wp:featuredmedia":[{"embeddable":true,"href":"https:\/\/aromasentia.com\/sv\/wp-json\/wp\/v2\/media\/259194"}],"wp:attachment":[{"href":"https:\/\/aromasentia.com\/sv\/wp-json\/wp\/v2\/media?parent=217409"}],"wp:term":[{"taxonomy":"product_brand","embeddable":true,"href":"https:\/\/aromasentia.com\/sv\/wp-json\/wp\/v2\/product_brand?post=217409"},{"taxonomy":"product_cat","embeddable":true,"href":"https:\/\/aromasentia.com\/sv\/wp-json\/wp\/v2\/product_cat?post=217409"},{"taxonomy":"product_tag","embeddable":true,"href":"https:\/\/aromasentia.com\/sv\/wp-json\/wp\/v2\/product_tag?post=217409"}],"curies":[{"name":"wp","href":"https:\/\/api.w.org\/{rel}","templated":true}]}}