{"id":217404,"date":"2025-03-20T14:36:59","date_gmt":"2025-03-20T14:36:59","guid":{"rendered":"https:\/\/aromasentia.com\/product\/argan-oil-100ml\/"},"modified":"2025-12-31T15:53:33","modified_gmt":"2025-12-31T15:53:33","slug":"arganolja-100ml","status":"publish","type":"product","link":"https:\/\/aromasentia.com\/sv\/arganolja-100ml\/","title":{"rendered":"Arganolja  &#8211; 100ml"},"content":{"rendered":"<p><strong>Latinskt namn:&nbsp;<\/strong><em>Argania Spinosa&nbsp;<\/em><\/p>\n<p><strong>F\u00e4rg och doft:<\/strong> M\u00f6rk till gyllene, doften \u00e4r s\u00f6t&nbsp;<\/p>\n<p>V\u00e5r <strong>Grossist Arganbasolja&nbsp;<\/strong>kommer fr\u00e5n Marocko och tillverkas med hj\u00e4lp av kallpressning. Levereras i 100 ml b\u00e4rnstensf\u00e4rgade glasflaskor och \u00e4r 100% naturlig.&nbsp;<\/p>\n<p>Arganolja, som anses vara en av de s\u00e4llsynta oljorna i v\u00e4rlden, \u00e4r en robust, n\u00f6taktig olja gjord till stor del i Marocko av n\u00f6tterna fr\u00e5n argantr\u00e4det. Argantr\u00e4d t\u00e4ckte tidigare stora delar av Nordafrika, men antalet \u00e4r nu kraftigt reducerat, d\u00e4rav det h\u00f6ga priset p\u00e5 arganolja.&nbsp;<\/p>\n<p>N\u00f6ten \u00e4r mycket sv\u00e5r att ta bort fr\u00e5n sin kraftiga frukt och n\u00f6tterna sk\u00f6rdades ursprungligen inte fr\u00e5n tr\u00e4det utan fr\u00e5n spillningen fr\u00e5n getterna som kl\u00e4ttrade i tr\u00e4den och \u00e5t frukten. N\u00f6ten \u00e4r sl\u00e4kt med oliven, men har en distinkt egen smak. Dess olja anv\u00e4nds mest som h\u00e5r- och hudbehandling.&nbsp;<\/p>\n<p>Arganolja kan bli en sk\u00f6nhetselixir fr\u00e5n topp till t\u00e5. Den \u00e4r proppfull av v\u00e4sentliga fettsyror, antioxidanter, vitaminer och mineraler som fr\u00e4mjar den allm\u00e4nna h\u00e4lsan genom att \u00e5terfukta, mjukg\u00f6ra samt skydda hud och h\u00e5r fr\u00e5n solskador utan skadliga gifter och parabener.<\/p>\n","protected":false},"excerpt":{"rendered":"<p>Latinskt namn:&nbsp;Argania Spinosa&nbsp; F\u00e4rg och doft: M\u00f6rk till gyllene, doften \u00e4r s\u00f6t&nbsp; V\u00e5r Grossist Arganbasolja&nbsp;kommer fr\u00e5n Marocko och tillverkas med hj\u00e4lp av kallpressning. Levereras i 100 ml b\u00e4rnstensf\u00e4rgade glasflaskor och \u00e4r 100% naturlig.&nbsp; Arganolja, som anses vara en av de s\u00e4llsynta oljorna i v\u00e4rlden, \u00e4r en robust, n\u00f6taktig olja gjord till stor del i Marocko [&hellip;]<\/p>\n","protected":false},"featured_media":259141,"comment_status":"closed","ping_status":"open","template":"","meta":{"_angie_page":false},"product_brand":[27091],"product_cat":[11868,13718],"product_tag":[],"class_list":{"0":"post-217404","1":"product","2":"type-product","3":"status-publish","4":"has-post-thumbnail","6":"product_brand-ancient-wisdom","7":"product_cat-aromaterapi-och-rumsdofter","8":"product_cat-basoljor","9":"pa_collection-base-oils-sv","10":"pa_made-in-marocko","11":"pa_size-100ml","13":"first","14":"instock","15":"purchasable","16":"product-type-simple"},"supplier_id":null,"supplier_sku":"BO-22","barcode":null,"atum_controlled":true,"out_stock_date":null,"out_stock_threshold":null,"inheritable":false,"inbound_stock":0,"stock_on_hold":0,"sold_today":0,"sales_last_days":0,"reserved_stock":0,"customer_returns":0,"warehouse_damage":0,"lost_in_post":0,"other_logs":0,"out_stock_days":0,"lost_sales":0,"has_location":false,"update_date":"2026-05-01T01:01:25","atum_locations":[],"atum_stock_status":"instock","restock_status":false,"low_stock_amount":"","sales_update_date":"2025-10-09T03:26:40","calc_backorders":null,"_links":{"self":[{"href":"https:\/\/aromasentia.com\/sv\/wp-json\/wp\/v2\/product\/217404","targetHints":{"allow":["GET"]}}],"collection":[{"href":"https:\/\/aromasentia.com\/sv\/wp-json\/wp\/v2\/product"}],"about":[{"href":"https:\/\/aromasentia.com\/sv\/wp-json\/wp\/v2\/types\/product"}],"replies":[{"embeddable":true,"href":"https:\/\/aromasentia.com\/sv\/wp-json\/wp\/v2\/comments?post=217404"}],"version-history":[{"count":0,"href":"https:\/\/aromasentia.com\/sv\/wp-json\/wp\/v2\/product\/217404\/revisions"}],"wp:featuredmedia":[{"embeddable":true,"href":"https:\/\/aromasentia.com\/sv\/wp-json\/wp\/v2\/media\/259141"}],"wp:attachment":[{"href":"https:\/\/aromasentia.com\/sv\/wp-json\/wp\/v2\/media?parent=217404"}],"wp:term":[{"taxonomy":"product_brand","embeddable":true,"href":"https:\/\/aromasentia.com\/sv\/wp-json\/wp\/v2\/product_brand?post=217404"},{"taxonomy":"product_cat","embeddable":true,"href":"https:\/\/aromasentia.com\/sv\/wp-json\/wp\/v2\/product_cat?post=217404"},{"taxonomy":"product_tag","embeddable":true,"href":"https:\/\/aromasentia.com\/sv\/wp-json\/wp\/v2\/product_tag?post=217404"}],"curies":[{"name":"wp","href":"https:\/\/api.w.org\/{rel}","templated":true}]}}