{"id":217399,"date":"2025-03-20T14:36:59","date_gmt":"2025-03-20T14:36:59","guid":{"rendered":"https:\/\/aromasentia.com\/product\/hazelnut-oil-100ml\/"},"modified":"2025-12-31T15:53:26","modified_gmt":"2025-12-31T15:53:26","slug":"hasselnotsolja-100ml","status":"publish","type":"product","link":"https:\/\/aromasentia.com\/sv\/hasselnotsolja-100ml\/","title":{"rendered":"Hasseln\u00f6tsolja &#8211; 100ml"},"content":{"rendered":"<p><strong>Latinskt namn:<\/strong> <em>Corylus Avellana <\/em><\/p>\n<p><strong>F\u00e4rg och doft:<\/strong> Ljusgul, mild doft&nbsp;<\/p>\n<p><strong>Textur:<\/strong> Fin struktur, en av de mycket om\u00e4ttade vegetabiliska oljorna&nbsp;<\/p>\n<p>V\u00e5r <strong>Grossist Hasseln\u00f6tsbasolja&nbsp;<\/strong>\u00e4r tillverkad genom kallpressning. Levereras i 100 ml b\u00e4rnstensf\u00e4rgade glasflaskor och \u00e4r 100% naturlig.&nbsp;<\/p>\n<p>Den vanliga hasseln\u00f6ten odlas \u00f6ver hela de europeiska och asiatiska kontinenterna och utanf\u00f6r. Den odlas fr\u00e4mst f\u00f6r n\u00f6ten, men har \u00e4ven anv\u00e4nts i Storbritannien och Europa som h\u00e4ckar p\u00e5 jordbruksmark i hundratals \u00e5r. Anv\u00e4ndningen av hasseln\u00f6tter g\u00e5r tillbaka minst 9 000 \u00e5r med arkeologiska bevis p\u00e5 massbearbetning av hasseln\u00f6tter p\u00e5 flera platser p\u00e5 dem brittiska \u00f6arna.&nbsp;<\/p>\n<p>Hasseln\u00f6tsolja i sig \u00e4r en multifunktionsolja. I kosmetika \u00e4r oljan n\u00e4rande f\u00f6r huden med vissa sammandragande egenskaper.<\/p>\n","protected":false},"excerpt":{"rendered":"<p>Latinskt namn: Corylus Avellana F\u00e4rg och doft: Ljusgul, mild doft&nbsp; Textur: Fin struktur, en av de mycket om\u00e4ttade vegetabiliska oljorna&nbsp; V\u00e5r Grossist Hasseln\u00f6tsbasolja&nbsp;\u00e4r tillverkad genom kallpressning. Levereras i 100 ml b\u00e4rnstensf\u00e4rgade glasflaskor och \u00e4r 100% naturlig.&nbsp; Den vanliga hasseln\u00f6ten odlas \u00f6ver hela de europeiska och asiatiska kontinenterna och utanf\u00f6r. Den odlas fr\u00e4mst f\u00f6r n\u00f6ten, men [&hellip;]<\/p>\n","protected":false},"featured_media":259096,"comment_status":"closed","ping_status":"open","template":"","meta":{"_angie_page":false},"product_brand":[27091],"product_cat":[11868,13718],"product_tag":[],"class_list":{"0":"post-217399","1":"product","2":"type-product","3":"status-publish","4":"has-post-thumbnail","6":"product_brand-ancient-wisdom","7":"product_cat-aromaterapi-och-rumsdofter","8":"product_cat-basoljor","9":"pa_collection-base-oils-sv","10":"pa_made-in-italien","11":"pa_size-100ml","13":"first","14":"instock","15":"purchasable","16":"product-type-simple"},"supplier_id":null,"supplier_sku":"BO-17","barcode":null,"atum_controlled":true,"out_stock_date":null,"out_stock_threshold":null,"inheritable":false,"inbound_stock":null,"stock_on_hold":0,"sold_today":0,"sales_last_days":0,"reserved_stock":null,"customer_returns":null,"warehouse_damage":null,"lost_in_post":null,"other_logs":null,"out_stock_days":0,"lost_sales":0,"has_location":null,"update_date":"2026-04-27T06:55:16","atum_locations":[],"atum_stock_status":"instock","restock_status":false,"low_stock_amount":"","sales_update_date":"2025-10-09T03:26:40","calc_backorders":null,"_links":{"self":[{"href":"https:\/\/aromasentia.com\/sv\/wp-json\/wp\/v2\/product\/217399","targetHints":{"allow":["GET"]}}],"collection":[{"href":"https:\/\/aromasentia.com\/sv\/wp-json\/wp\/v2\/product"}],"about":[{"href":"https:\/\/aromasentia.com\/sv\/wp-json\/wp\/v2\/types\/product"}],"replies":[{"embeddable":true,"href":"https:\/\/aromasentia.com\/sv\/wp-json\/wp\/v2\/comments?post=217399"}],"version-history":[{"count":0,"href":"https:\/\/aromasentia.com\/sv\/wp-json\/wp\/v2\/product\/217399\/revisions"}],"wp:featuredmedia":[{"embeddable":true,"href":"https:\/\/aromasentia.com\/sv\/wp-json\/wp\/v2\/media\/259096"}],"wp:attachment":[{"href":"https:\/\/aromasentia.com\/sv\/wp-json\/wp\/v2\/media?parent=217399"}],"wp:term":[{"taxonomy":"product_brand","embeddable":true,"href":"https:\/\/aromasentia.com\/sv\/wp-json\/wp\/v2\/product_brand?post=217399"},{"taxonomy":"product_cat","embeddable":true,"href":"https:\/\/aromasentia.com\/sv\/wp-json\/wp\/v2\/product_cat?post=217399"},{"taxonomy":"product_tag","embeddable":true,"href":"https:\/\/aromasentia.com\/sv\/wp-json\/wp\/v2\/product_tag?post=217399"}],"curies":[{"name":"wp","href":"https:\/\/api.w.org\/{rel}","templated":true}]}}