{"id":217395,"date":"2025-03-20T14:36:59","date_gmt":"2025-03-20T14:36:59","guid":{"rendered":"https:\/\/aromasentia.com\/product\/borage-oil-100ml\/"},"modified":"2025-12-31T15:53:26","modified_gmt":"2025-12-31T15:53:26","slug":"gurkortsolja-100ml","status":"publish","type":"product","link":"https:\/\/aromasentia.com\/sv\/gurkortsolja-100ml\/","title":{"rendered":"Gurk\u00f6rtsolja &#8211; 100ml"},"content":{"rendered":"<p><strong>Latinskt namn:<\/strong> <em>Borago Officinalis&nbsp;<\/em><\/p>\n<p><strong>F\u00e4rg och doft:<\/strong> Ljusgul, mycket liten doft med en aning s\u00f6t ton&nbsp;<\/p>\n<p><strong>Textur:&nbsp;<\/strong>Tunn till medium, n\u00e5got fet p\u00e5 huden&nbsp;<\/p>\n<p><strong>H\u00e5llbarhet:&nbsp;<\/strong>Upp till 1 \u00e5r&nbsp;<\/p>\n<p>V\u00e5r <strong>Grossist Gurk\u00f6rtsbasolja<\/strong> \u00e4r tillverkad genom kallpressning. Levereras i 100 ml b\u00e4rnstensf\u00e4rgade glasflaskor och \u00e4r 100% naturlig.&nbsp;<\/p>\n<p>Gurk\u00f6rtsv\u00e4xten, \u00e4ven k\u00e4nd som Starflower, \u00e4r en borstig v\u00e4xt som kommer fr\u00e5n Mellan\u00f6stern. Nu odlas v\u00e4xten i de flesta varmare delar av v\u00e4rlden, inklusive Afrika, Asien, s\u00f6dra Europa och Sydamerika.&nbsp;<\/p>\n<p>Gurk\u00f6rtsolja utvinns fr\u00e5n v\u00e4xtens fr\u00f6n. Den \u00e4r mycket h\u00f6g i Omega 6, inneh\u00e5ller upp till 24%. Den s\u00e4gs fungera bra med olika hudbesv\u00e4r som eksem och den har \u00e4ven antiinflammatoriska egenskaper.<\/p>\n","protected":false},"excerpt":{"rendered":"<p>Latinskt namn: Borago Officinalis&nbsp; F\u00e4rg och doft: Ljusgul, mycket liten doft med en aning s\u00f6t ton&nbsp; Textur:&nbsp;Tunn till medium, n\u00e5got fet p\u00e5 huden&nbsp; H\u00e5llbarhet:&nbsp;Upp till 1 \u00e5r&nbsp; V\u00e5r Grossist Gurk\u00f6rtsbasolja \u00e4r tillverkad genom kallpressning. Levereras i 100 ml b\u00e4rnstensf\u00e4rgade glasflaskor och \u00e4r 100% naturlig.&nbsp; Gurk\u00f6rtsv\u00e4xten, \u00e4ven k\u00e4nd som Starflower, \u00e4r en borstig v\u00e4xt som kommer [&hellip;]<\/p>\n","protected":false},"featured_media":259060,"comment_status":"closed","ping_status":"open","template":"","meta":{"_angie_page":false},"product_brand":[27091],"product_cat":[11868,13718],"product_tag":[],"class_list":{"0":"post-217395","1":"product","2":"type-product","3":"status-publish","4":"has-post-thumbnail","6":"product_brand-ancient-wisdom","7":"product_cat-aromaterapi-och-rumsdofter","8":"product_cat-basoljor","9":"pa_collection-base-oils-sv","10":"pa_made-in-kina","11":"pa_size-100ml","13":"first","14":"instock","15":"purchasable","16":"product-type-simple"},"supplier_id":null,"supplier_sku":"BO-13","barcode":null,"atum_controlled":true,"out_stock_date":null,"out_stock_threshold":null,"inheritable":false,"inbound_stock":null,"stock_on_hold":0,"sold_today":0,"sales_last_days":0,"reserved_stock":null,"customer_returns":null,"warehouse_damage":null,"lost_in_post":null,"other_logs":null,"out_stock_days":72,"lost_sales":0,"has_location":null,"update_date":"2026-05-08T05:06:06","atum_locations":[],"atum_stock_status":"instock","restock_status":false,"low_stock_amount":"","sales_update_date":"2026-01-30T01:24:19","calc_backorders":null,"_links":{"self":[{"href":"https:\/\/aromasentia.com\/sv\/wp-json\/wp\/v2\/product\/217395","targetHints":{"allow":["GET"]}}],"collection":[{"href":"https:\/\/aromasentia.com\/sv\/wp-json\/wp\/v2\/product"}],"about":[{"href":"https:\/\/aromasentia.com\/sv\/wp-json\/wp\/v2\/types\/product"}],"replies":[{"embeddable":true,"href":"https:\/\/aromasentia.com\/sv\/wp-json\/wp\/v2\/comments?post=217395"}],"version-history":[{"count":0,"href":"https:\/\/aromasentia.com\/sv\/wp-json\/wp\/v2\/product\/217395\/revisions"}],"wp:featuredmedia":[{"embeddable":true,"href":"https:\/\/aromasentia.com\/sv\/wp-json\/wp\/v2\/media\/259060"}],"wp:attachment":[{"href":"https:\/\/aromasentia.com\/sv\/wp-json\/wp\/v2\/media?parent=217395"}],"wp:term":[{"taxonomy":"product_brand","embeddable":true,"href":"https:\/\/aromasentia.com\/sv\/wp-json\/wp\/v2\/product_brand?post=217395"},{"taxonomy":"product_cat","embeddable":true,"href":"https:\/\/aromasentia.com\/sv\/wp-json\/wp\/v2\/product_cat?post=217395"},{"taxonomy":"product_tag","embeddable":true,"href":"https:\/\/aromasentia.com\/sv\/wp-json\/wp\/v2\/product_tag?post=217395"}],"curies":[{"name":"wp","href":"https:\/\/api.w.org\/{rel}","templated":true}]}}