{"id":217393,"date":"2025-03-20T14:36:59","date_gmt":"2025-03-20T14:36:59","guid":{"rendered":"https:\/\/aromasentia.com\/product\/evening-primrose-oil-100ml\/"},"modified":"2025-12-31T15:53:26","modified_gmt":"2025-12-31T15:53:26","slug":"nattljusolja-100ml","status":"publish","type":"product","link":"https:\/\/aromasentia.com\/sv\/nattljusolja-100ml\/","title":{"rendered":"Nattljusolja &#8211; 100ml"},"content":{"rendered":"<p><strong>Latinskt namn:&nbsp;<\/strong><em>Oenothera Biennis&nbsp;<\/em><\/p>\n<p><strong>F\u00e4rg och doft:&nbsp;<\/strong>Guldgul med en l\u00e4tt n\u00f6taktig doft<strong>&nbsp;<\/strong><\/p>\n<p><strong>Textur:<\/strong> Tjock konsistens som absorberas in i huden mycket l\u00e5ngsamt&nbsp;<\/p>\n<p>V\u00e5r <strong>Nattljusbasolja i Grossistledet&nbsp;<\/strong>\u00e4r tillverkad genom kallpressning. Levereras i 100 ml b\u00e4rnstensf\u00e4rgade flaskor och \u00e4r 100% naturlig.&nbsp;<\/p>\n<p>Nattljusblomman, ibland k\u00e4nd som Evening Star, \u00e4r en biennalv\u00e4xt som \u00e4r vanlig i Nordamerika och andra tempererade l\u00e4nder. V\u00e4xten heter nattljus eftersom blommorna \u00f6ppnar sig helt p\u00e5 natten och sluter sig igen p\u00e5 morgonen n\u00e4sta dag.&nbsp;<\/p>\n<p>Nattljusolja s\u00e4gs ha m\u00e5nga gynnsamma egenskaper. Bland dem finns en rad positiva effekter p\u00e5 huden som att hj\u00e4lpa mot mj\u00e4ll, eksem och psoriasis.<\/p>\n","protected":false},"excerpt":{"rendered":"<p>Latinskt namn:&nbsp;Oenothera Biennis&nbsp; F\u00e4rg och doft:&nbsp;Guldgul med en l\u00e4tt n\u00f6taktig doft&nbsp; Textur: Tjock konsistens som absorberas in i huden mycket l\u00e5ngsamt&nbsp; V\u00e5r Nattljusbasolja i Grossistledet&nbsp;\u00e4r tillverkad genom kallpressning. Levereras i 100 ml b\u00e4rnstensf\u00e4rgade flaskor och \u00e4r 100% naturlig.&nbsp; Nattljusblomman, ibland k\u00e4nd som Evening Star, \u00e4r en biennalv\u00e4xt som \u00e4r vanlig i Nordamerika och andra tempererade [&hellip;]<\/p>\n","protected":false},"featured_media":259042,"comment_status":"closed","ping_status":"open","template":"","meta":{"_angie_page":false},"product_brand":[27091],"product_cat":[11868,13718,26836,25845,26059],"product_tag":[],"class_list":{"0":"post-217393","1":"product","2":"type-product","3":"status-publish","4":"has-post-thumbnail","6":"product_brand-ancient-wisdom","7":"product_cat-aromaterapi-och-rumsdofter","8":"product_cat-basoljor","9":"product_cat-blommig","10":"product_cat-dofter-aromer","11":"product_cat-ros","12":"pa_collection-base-oils-sv","13":"pa_made-in-kina","14":"pa_size-100ml","16":"first","17":"instock","18":"purchasable","19":"product-type-simple"},"supplier_id":null,"supplier_sku":"BO-10","barcode":null,"atum_controlled":true,"out_stock_date":null,"out_stock_threshold":null,"inheritable":false,"inbound_stock":null,"stock_on_hold":0,"sold_today":0,"sales_last_days":0,"reserved_stock":null,"customer_returns":null,"warehouse_damage":null,"lost_in_post":null,"other_logs":null,"out_stock_days":23,"lost_sales":0,"has_location":null,"update_date":"2026-05-08T05:06:06","atum_locations":[],"atum_stock_status":"instock","restock_status":false,"low_stock_amount":"","sales_update_date":"2026-01-30T01:24:24","calc_backorders":null,"_links":{"self":[{"href":"https:\/\/aromasentia.com\/sv\/wp-json\/wp\/v2\/product\/217393","targetHints":{"allow":["GET"]}}],"collection":[{"href":"https:\/\/aromasentia.com\/sv\/wp-json\/wp\/v2\/product"}],"about":[{"href":"https:\/\/aromasentia.com\/sv\/wp-json\/wp\/v2\/types\/product"}],"replies":[{"embeddable":true,"href":"https:\/\/aromasentia.com\/sv\/wp-json\/wp\/v2\/comments?post=217393"}],"version-history":[{"count":0,"href":"https:\/\/aromasentia.com\/sv\/wp-json\/wp\/v2\/product\/217393\/revisions"}],"wp:featuredmedia":[{"embeddable":true,"href":"https:\/\/aromasentia.com\/sv\/wp-json\/wp\/v2\/media\/259042"}],"wp:attachment":[{"href":"https:\/\/aromasentia.com\/sv\/wp-json\/wp\/v2\/media?parent=217393"}],"wp:term":[{"taxonomy":"product_brand","embeddable":true,"href":"https:\/\/aromasentia.com\/sv\/wp-json\/wp\/v2\/product_brand?post=217393"},{"taxonomy":"product_cat","embeddable":true,"href":"https:\/\/aromasentia.com\/sv\/wp-json\/wp\/v2\/product_cat?post=217393"},{"taxonomy":"product_tag","embeddable":true,"href":"https:\/\/aromasentia.com\/sv\/wp-json\/wp\/v2\/product_tag?post=217393"}],"curies":[{"name":"wp","href":"https:\/\/api.w.org\/{rel}","templated":true}]}}