{"id":217389,"date":"2025-03-20T14:36:59","date_gmt":"2025-03-20T14:36:59","guid":{"rendered":"https:\/\/aromasentia.com\/product\/fractionated-coconut-oil-100ml\/"},"modified":"2025-12-31T15:53:19","modified_gmt":"2025-12-31T15:53:19","slug":"fraktionerad-kokosolja-100ml","status":"publish","type":"product","link":"https:\/\/aromasentia.com\/sv\/fraktionerad-kokosolja-100ml\/","title":{"rendered":"Fraktionerad Kokosolja &#8211; 100ml"},"content":{"rendered":"<p><strong>Latinskt namn:&nbsp;<\/strong><em>Cocos Nucifera&nbsp;<\/em><\/p>\n<p><strong>F\u00e4rg och doft:&nbsp;<\/strong>Vattenklar med l\u00e4tt kokosdoft och smak&nbsp;<\/p>\n<p><strong>Textur:&nbsp;<\/strong>Ganska l\u00e4tt att h\u00e4lla och ser ut att ha en grumlig konsistens f\u00f6r blotta \u00f6gat<\/p>\n<p>V\u00e5r <strong>Fraktionerade Kokosn\u00f6tsbasolja i Grossistledet&nbsp;<\/strong>levereras i 100 ml b\u00e4rnstensf\u00e4rgade flaskor och \u00e4r 100% naturlig.&nbsp;<\/p>\n<p>Kokosolja i sin renaste form \u00e4r fast vid rumstemperatur. Processen att &quot;fraktionera&quot; oljan tar bort en del av proteinerna och fettsyrorna fr\u00e5n oljan och d\u00e4rmed g\u00f6r den till en v\u00e4tska.&nbsp;<\/p>\n<p>Kokosn\u00f6tsolja har ett brett anv\u00e4ndningsomr\u00e5de. Det \u00e4r en bra fuktkr\u00e4m f\u00f6r huden och n\u00e4r den appliceras p\u00e5 h\u00e5ret hj\u00e4lper den till att beh\u00e5lla proteiner.<\/p>\n","protected":false},"excerpt":{"rendered":"<p>Latinskt namn:&nbsp;Cocos Nucifera&nbsp; F\u00e4rg och doft:&nbsp;Vattenklar med l\u00e4tt kokosdoft och smak&nbsp; Textur:&nbsp;Ganska l\u00e4tt att h\u00e4lla och ser ut att ha en grumlig konsistens f\u00f6r blotta \u00f6gat V\u00e5r Fraktionerade Kokosn\u00f6tsbasolja i Grossistledet&nbsp;levereras i 100 ml b\u00e4rnstensf\u00e4rgade flaskor och \u00e4r 100% naturlig.&nbsp; Kokosolja i sin renaste form \u00e4r fast vid rumstemperatur. Processen att &quot;fraktionera&quot; oljan tar bort [&hellip;]<\/p>\n","protected":false},"featured_media":259006,"comment_status":"closed","ping_status":"open","template":"","meta":{"_angie_page":false},"product_brand":[27091],"product_cat":[11868,13718],"product_tag":[],"class_list":{"0":"post-217389","1":"product","2":"type-product","3":"status-publish","4":"has-post-thumbnail","6":"product_brand-ancient-wisdom","7":"product_cat-aromaterapi-och-rumsdofter","8":"product_cat-basoljor","9":"pa_collection-base-oils-sv","10":"pa_made-in-malaysia","11":"pa_size-100ml","13":"first","14":"instock","15":"purchasable","16":"product-type-simple"},"supplier_id":null,"supplier_sku":"BO-06","barcode":null,"atum_controlled":true,"out_stock_date":null,"out_stock_threshold":null,"inheritable":false,"inbound_stock":null,"stock_on_hold":0,"sold_today":0,"sales_last_days":0,"reserved_stock":null,"customer_returns":null,"warehouse_damage":null,"lost_in_post":null,"other_logs":null,"out_stock_days":0,"lost_sales":0,"has_location":null,"update_date":"2026-04-27T06:55:16","atum_locations":[],"atum_stock_status":"instock","restock_status":false,"low_stock_amount":"","sales_update_date":"2025-10-09T03:26:37","calc_backorders":null,"_links":{"self":[{"href":"https:\/\/aromasentia.com\/sv\/wp-json\/wp\/v2\/product\/217389","targetHints":{"allow":["GET"]}}],"collection":[{"href":"https:\/\/aromasentia.com\/sv\/wp-json\/wp\/v2\/product"}],"about":[{"href":"https:\/\/aromasentia.com\/sv\/wp-json\/wp\/v2\/types\/product"}],"replies":[{"embeddable":true,"href":"https:\/\/aromasentia.com\/sv\/wp-json\/wp\/v2\/comments?post=217389"}],"version-history":[{"count":0,"href":"https:\/\/aromasentia.com\/sv\/wp-json\/wp\/v2\/product\/217389\/revisions"}],"wp:featuredmedia":[{"embeddable":true,"href":"https:\/\/aromasentia.com\/sv\/wp-json\/wp\/v2\/media\/259006"}],"wp:attachment":[{"href":"https:\/\/aromasentia.com\/sv\/wp-json\/wp\/v2\/media?parent=217389"}],"wp:term":[{"taxonomy":"product_brand","embeddable":true,"href":"https:\/\/aromasentia.com\/sv\/wp-json\/wp\/v2\/product_brand?post=217389"},{"taxonomy":"product_cat","embeddable":true,"href":"https:\/\/aromasentia.com\/sv\/wp-json\/wp\/v2\/product_cat?post=217389"},{"taxonomy":"product_tag","embeddable":true,"href":"https:\/\/aromasentia.com\/sv\/wp-json\/wp\/v2\/product_tag?post=217389"}],"curies":[{"name":"wp","href":"https:\/\/api.w.org\/{rel}","templated":true}]}}