{"id":217388,"date":"2025-03-20T14:36:59","date_gmt":"2025-03-20T14:36:59","guid":{"rendered":"https:\/\/aromasentia.com\/product\/apricot-kernel-oil-100ml\/"},"modified":"2025-12-31T15:53:19","modified_gmt":"2025-12-31T15:53:19","slug":"aprikoskarnolja-100ml","status":"publish","type":"product","link":"https:\/\/aromasentia.com\/sv\/aprikoskarnolja-100ml\/","title":{"rendered":"Aprikosk\u00e4rnolja &#8211; 100ml"},"content":{"rendered":"<p><strong>Latinskt namn:&nbsp;<\/strong><em>Prunus Armeniaca&nbsp;<\/em><\/p>\n<p><strong>F\u00e4rg och lukt:&nbsp;<\/strong>Klar blekgul v\u00e4tska som \u00e4r praktiskt taget luktfri&nbsp;<\/p>\n<p><strong>Textur:&nbsp;<\/strong>L\u00e4tt och absorberas snabbt; till och med snabbare \u00e4n jojoba- och arganolja&nbsp;<\/p>\n<p>V\u00e5r <strong>Aprikosk\u00e4rnbasolja i Grossistledet<\/strong> kommer fr\u00e5n Spanien och tillverkas genom kallpressning. Levereras i 100 ml b\u00e4rnstensf\u00e4rgade glasflaskor och \u00e4r 100% naturlig.&nbsp;<\/p>\n<p>Liksom persikan f\u00f6rdes aprikosen till Europa fr\u00e5n Mellan\u00f6stern av romarna. Under \u00e5rens lopp har den blivit allm\u00e4nt odlad i m\u00e5nga av dem varmare europeiska l\u00e4nderna och har ocks\u00e5 blivit allm\u00e4nt odlad i USA.&nbsp;<\/p>\n<p>Aprikosk\u00e4rnolja \u00e4r bra f\u00f6r huden och absorberas l\u00e4tt. Den s\u00e4gs vara anv\u00e4ndbar vid kl\u00e5da och eksem.<\/p>\n","protected":false},"excerpt":{"rendered":"<p>Latinskt namn:&nbsp;Prunus Armeniaca&nbsp; F\u00e4rg och lukt:&nbsp;Klar blekgul v\u00e4tska som \u00e4r praktiskt taget luktfri&nbsp; Textur:&nbsp;L\u00e4tt och absorberas snabbt; till och med snabbare \u00e4n jojoba- och arganolja&nbsp; V\u00e5r Aprikosk\u00e4rnbasolja i Grossistledet kommer fr\u00e5n Spanien och tillverkas genom kallpressning. Levereras i 100 ml b\u00e4rnstensf\u00e4rgade glasflaskor och \u00e4r 100% naturlig.&nbsp; Liksom persikan f\u00f6rdes aprikosen till Europa fr\u00e5n Mellan\u00f6stern av [&hellip;]<\/p>\n","protected":false},"featured_media":258997,"comment_status":"closed","ping_status":"open","template":"","meta":{"_angie_page":false},"product_brand":[27091],"product_cat":[11868,13718],"product_tag":[],"class_list":{"0":"post-217388","1":"product","2":"type-product","3":"status-publish","4":"has-post-thumbnail","6":"product_brand-ancient-wisdom","7":"product_cat-aromaterapi-och-rumsdofter","8":"product_cat-basoljor","9":"pa_collection-base-oils-sv","10":"pa_made-in-turkiet","11":"pa_size-100ml","13":"first","14":"instock","15":"purchasable","16":"product-type-simple"},"supplier_id":null,"supplier_sku":"BO-05","barcode":null,"atum_controlled":true,"out_stock_date":null,"out_stock_threshold":null,"inheritable":false,"inbound_stock":null,"stock_on_hold":0,"sold_today":0,"sales_last_days":0,"reserved_stock":null,"customer_returns":null,"warehouse_damage":null,"lost_in_post":null,"other_logs":null,"out_stock_days":0,"lost_sales":0,"has_location":null,"update_date":"2026-04-27T06:55:16","atum_locations":[],"atum_stock_status":"instock","restock_status":false,"low_stock_amount":"","sales_update_date":"2026-02-06T00:02:03","calc_backorders":null,"_links":{"self":[{"href":"https:\/\/aromasentia.com\/sv\/wp-json\/wp\/v2\/product\/217388","targetHints":{"allow":["GET"]}}],"collection":[{"href":"https:\/\/aromasentia.com\/sv\/wp-json\/wp\/v2\/product"}],"about":[{"href":"https:\/\/aromasentia.com\/sv\/wp-json\/wp\/v2\/types\/product"}],"replies":[{"embeddable":true,"href":"https:\/\/aromasentia.com\/sv\/wp-json\/wp\/v2\/comments?post=217388"}],"version-history":[{"count":0,"href":"https:\/\/aromasentia.com\/sv\/wp-json\/wp\/v2\/product\/217388\/revisions"}],"wp:featuredmedia":[{"embeddable":true,"href":"https:\/\/aromasentia.com\/sv\/wp-json\/wp\/v2\/media\/258997"}],"wp:attachment":[{"href":"https:\/\/aromasentia.com\/sv\/wp-json\/wp\/v2\/media?parent=217388"}],"wp:term":[{"taxonomy":"product_brand","embeddable":true,"href":"https:\/\/aromasentia.com\/sv\/wp-json\/wp\/v2\/product_brand?post=217388"},{"taxonomy":"product_cat","embeddable":true,"href":"https:\/\/aromasentia.com\/sv\/wp-json\/wp\/v2\/product_cat?post=217388"},{"taxonomy":"product_tag","embeddable":true,"href":"https:\/\/aromasentia.com\/sv\/wp-json\/wp\/v2\/product_tag?post=217388"}],"curies":[{"name":"wp","href":"https:\/\/api.w.org\/{rel}","templated":true}]}}