{"id":217387,"date":"2025-03-20T14:36:59","date_gmt":"2025-03-20T14:36:59","guid":{"rendered":"https:\/\/aromasentia.com\/product\/peach-kernel-oil-100ml\/"},"modified":"2025-12-31T15:53:19","modified_gmt":"2025-12-31T15:53:19","slug":"persikokarnolja-oil-100ml","status":"publish","type":"product","link":"https:\/\/aromasentia.com\/sv\/persikokarnolja-oil-100ml\/","title":{"rendered":"Persikok\u00e4rnolja  Oil &#8211; 100ml"},"content":{"rendered":"<p><strong>Botaniskt namn:&nbsp;<\/strong><em>Prunus Persica <br \/><\/em><\/p>\n<p><strong>Andra namn:&nbsp;<\/strong>Persikoolja<\/p>\n<p><strong>Ursprung:&nbsp;<\/strong>Spanien&nbsp;<\/p>\n<p><strong>F\u00e4rg och doft:&nbsp;<\/strong>Klar ljusgul med mild lukt och smak<\/p>\n<p><strong>Textur:<\/strong> L\u00e4tt strukturerad och absorberas l\u00e4tt<\/p>\n<p><strong>H\u00e5llbarhet:&nbsp;<\/strong>1 \u00e5r<\/p>\n<p>Persikok\u00e4rnolja kan anv\u00e4ndas f\u00f6r att skapa lotioner och kr\u00e4mer som \u00e4r perfekta f\u00f6r sommarens hud. Denna fuktgivande olja \u00e4r bra p\u00e5 att ge n\u00e4ring till huden utan att l\u00e4mna en fet k\u00e4nsla.&nbsp;<\/p>\n<p>V\u00e5r <strong>Grossist Persikok\u00e4rnbasolja&nbsp;<\/strong>\u00e4r noggrant utvald, k\u00f6pt oftast fr\u00e5n prim\u00e4ra k\u00e4llor, testad f\u00f6r renhet och utsatt f\u00f6r rigor\u00f6sa kvalitetskontrollstandarder. Denna Persikok\u00e4rnolja kommer fr\u00e5n Spanien och tillverkas med hj\u00e4lp av kallpressning. <\/p>\n","protected":false},"excerpt":{"rendered":"<p>Botaniskt namn:&nbsp;Prunus Persica Andra namn:&nbsp;Persikoolja Ursprung:&nbsp;Spanien&nbsp; F\u00e4rg och doft:&nbsp;Klar ljusgul med mild lukt och smak Textur: L\u00e4tt strukturerad och absorberas l\u00e4tt H\u00e5llbarhet:&nbsp;1 \u00e5r Persikok\u00e4rnolja kan anv\u00e4ndas f\u00f6r att skapa lotioner och kr\u00e4mer som \u00e4r perfekta f\u00f6r sommarens hud. Denna fuktgivande olja \u00e4r bra p\u00e5 att ge n\u00e4ring till huden utan att l\u00e4mna en fet k\u00e4nsla.&nbsp; [&hellip;]<\/p>\n","protected":false},"featured_media":258988,"comment_status":"closed","ping_status":"open","template":"","meta":{"_angie_page":false},"product_brand":[27091],"product_cat":[11868,13718],"product_tag":[],"class_list":{"0":"post-217387","1":"product","2":"type-product","3":"status-publish","4":"has-post-thumbnail","6":"product_brand-ancient-wisdom","7":"product_cat-aromaterapi-och-rumsdofter","8":"product_cat-basoljor","9":"pa_collection-base-oils-sv","10":"pa_made-in-spanien","11":"pa_size-100ml","13":"first","14":"instock","15":"purchasable","16":"product-type-simple"},"supplier_id":null,"supplier_sku":"BO-04","barcode":null,"atum_controlled":true,"out_stock_date":null,"out_stock_threshold":null,"inheritable":false,"inbound_stock":0,"stock_on_hold":0,"sold_today":0,"sales_last_days":0,"reserved_stock":0,"customer_returns":0,"warehouse_damage":0,"lost_in_post":0,"other_logs":0,"out_stock_days":0,"lost_sales":0,"has_location":false,"update_date":"2026-04-27T06:55:16","atum_locations":[],"atum_stock_status":"instock","restock_status":false,"low_stock_amount":"","sales_update_date":"2026-01-30T01:24:43","calc_backorders":null,"_links":{"self":[{"href":"https:\/\/aromasentia.com\/sv\/wp-json\/wp\/v2\/product\/217387","targetHints":{"allow":["GET"]}}],"collection":[{"href":"https:\/\/aromasentia.com\/sv\/wp-json\/wp\/v2\/product"}],"about":[{"href":"https:\/\/aromasentia.com\/sv\/wp-json\/wp\/v2\/types\/product"}],"replies":[{"embeddable":true,"href":"https:\/\/aromasentia.com\/sv\/wp-json\/wp\/v2\/comments?post=217387"}],"version-history":[{"count":0,"href":"https:\/\/aromasentia.com\/sv\/wp-json\/wp\/v2\/product\/217387\/revisions"}],"wp:featuredmedia":[{"embeddable":true,"href":"https:\/\/aromasentia.com\/sv\/wp-json\/wp\/v2\/media\/258988"}],"wp:attachment":[{"href":"https:\/\/aromasentia.com\/sv\/wp-json\/wp\/v2\/media?parent=217387"}],"wp:term":[{"taxonomy":"product_brand","embeddable":true,"href":"https:\/\/aromasentia.com\/sv\/wp-json\/wp\/v2\/product_brand?post=217387"},{"taxonomy":"product_cat","embeddable":true,"href":"https:\/\/aromasentia.com\/sv\/wp-json\/wp\/v2\/product_cat?post=217387"},{"taxonomy":"product_tag","embeddable":true,"href":"https:\/\/aromasentia.com\/sv\/wp-json\/wp\/v2\/product_tag?post=217387"}],"curies":[{"name":"wp","href":"https:\/\/api.w.org\/{rel}","templated":true}]}}