{"id":217372,"date":"2025-03-20T14:37:35","date_gmt":"2025-03-20T14:37:35","guid":{"rendered":"https:\/\/aromasentia.com\/product\/olive-oil-50ml\/"},"modified":"2025-12-31T15:53:11","modified_gmt":"2025-12-31T15:53:11","slug":"olivolja-50ml","status":"publish","type":"product","link":"https:\/\/aromasentia.com\/sv\/olivolja-50ml\/","title":{"rendered":"Olivolja &#8211; 50ml"},"content":{"rendered":"<p style=\"text-align: justify;\"><strong>Botaniskt namn:&nbsp;<\/strong><em>Olea Europaea&nbsp;<\/em><\/p>\n<p style=\"text-align: justify;\"><strong>Ursprung:&nbsp;<\/strong>Spanien &#8211; Olivtr\u00e4d har odlats runt Medelhavet sedan det 8:e \u00e5rtusendet f.Kr. Spanien \u00e4r den st\u00f6rsta producenten av olivolja, f\u00f6ljt av Italien och Grekland.<\/p>\n<p style=\"text-align: justify;\"><strong>F\u00e4rg och doft:&nbsp;<\/strong>Ljus till medelgr\u00f6n&nbsp;<\/p>\n<p style=\"text-align: justify;\"><strong>Konsistens:&nbsp;<\/strong>Tjock, fruktig, l\u00e4tt pepprig&nbsp;<\/p>\n<p style=\"text-align: justify;\"><strong>H\u00e5llbarhet:&nbsp;<\/strong>1 \u00e5r&nbsp;<\/p>\n<p style=\"text-align: justify;\">Olivolja inneh\u00e5ller mycket h\u00e4lsosamma fettsyror, antiinflammatoriska f\u00f6reningar och antioxidanter. Den kan anv\u00e4ndas som b\u00e4rarolja f\u00f6r att \u00e5terfukta din hud, p\u00e5skynda s\u00e5rl\u00e4kning och till och med hj\u00e4lpa till att bek\u00e4mpa infektioner.&nbsp;<\/p>\n<p style=\"text-align: justify;\">Forskning tyder p\u00e5 att olivolja kan fungera som en lovande behandling f\u00f6r hudrelaterade tillst\u00e5nd som seborroiskt eksem, psoriasis, akne och atopisk dermatit. Den hj\u00e4lper till att lindra dessa hudproblem genom att minska inflammation och bek\u00e4mpa tillv\u00e4xten av bakterier.&nbsp;<\/p>\n<p style=\"text-align: justify;\">Inneh\u00e5ller 100% naturlig ren olja. Perfekt f\u00f6r att sp\u00e4da eteriska oljor innan anv\u00e4ndning p\u00e5 huden.&nbsp;<\/p>\n<p style=\"text-align: justify;\"><strong><span style=\"color: rgb(184, 49, 47);\">Anv\u00e4nd inte internt.<\/span><\/strong><\/p>\n","protected":false},"excerpt":{"rendered":"<p>Botaniskt namn:&nbsp;Olea Europaea&nbsp; Ursprung:&nbsp;Spanien &#8211; Olivtr\u00e4d har odlats runt Medelhavet sedan det 8:e \u00e5rtusendet f.Kr. Spanien \u00e4r den st\u00f6rsta producenten av olivolja, f\u00f6ljt av Italien och Grekland. F\u00e4rg och doft:&nbsp;Ljus till medelgr\u00f6n&nbsp; Konsistens:&nbsp;Tjock, fruktig, l\u00e4tt pepprig&nbsp; H\u00e5llbarhet:&nbsp;1 \u00e5r&nbsp; Olivolja inneh\u00e5ller mycket h\u00e4lsosamma fettsyror, antiinflammatoriska f\u00f6reningar och antioxidanter. Den kan anv\u00e4ndas som b\u00e4rarolja f\u00f6r att \u00e5terfukta [&hellip;]<\/p>\n","protected":false},"featured_media":259275,"comment_status":"closed","ping_status":"open","template":"","meta":{"_angie_page":false},"product_brand":[27091],"product_cat":[11868,13718],"product_tag":[],"class_list":{"0":"post-217372","1":"product","2":"type-product","3":"status-publish","4":"has-post-thumbnail","6":"product_brand-ancient-wisdom","7":"product_cat-aromaterapi-och-rumsdofter","8":"product_cat-basoljor","9":"pa_made-in-spanien","10":"pa_size-50ml","12":"first","13":"instock","14":"purchasable","15":"product-type-simple"},"supplier_id":null,"supplier_sku":"BOa-14","barcode":null,"atum_controlled":true,"out_stock_date":null,"out_stock_threshold":null,"inheritable":false,"inbound_stock":null,"stock_on_hold":0,"sold_today":0,"sales_last_days":0,"reserved_stock":null,"customer_returns":null,"warehouse_damage":null,"lost_in_post":null,"other_logs":null,"out_stock_days":0,"lost_sales":0,"has_location":null,"update_date":"2026-04-27T06:55:20","atum_locations":[],"atum_stock_status":"instock","restock_status":false,"low_stock_amount":"","sales_update_date":"2026-01-20T05:14:03","calc_backorders":null,"_links":{"self":[{"href":"https:\/\/aromasentia.com\/sv\/wp-json\/wp\/v2\/product\/217372","targetHints":{"allow":["GET"]}}],"collection":[{"href":"https:\/\/aromasentia.com\/sv\/wp-json\/wp\/v2\/product"}],"about":[{"href":"https:\/\/aromasentia.com\/sv\/wp-json\/wp\/v2\/types\/product"}],"replies":[{"embeddable":true,"href":"https:\/\/aromasentia.com\/sv\/wp-json\/wp\/v2\/comments?post=217372"}],"version-history":[{"count":0,"href":"https:\/\/aromasentia.com\/sv\/wp-json\/wp\/v2\/product\/217372\/revisions"}],"wp:featuredmedia":[{"embeddable":true,"href":"https:\/\/aromasentia.com\/sv\/wp-json\/wp\/v2\/media\/259275"}],"wp:attachment":[{"href":"https:\/\/aromasentia.com\/sv\/wp-json\/wp\/v2\/media?parent=217372"}],"wp:term":[{"taxonomy":"product_brand","embeddable":true,"href":"https:\/\/aromasentia.com\/sv\/wp-json\/wp\/v2\/product_brand?post=217372"},{"taxonomy":"product_cat","embeddable":true,"href":"https:\/\/aromasentia.com\/sv\/wp-json\/wp\/v2\/product_cat?post=217372"},{"taxonomy":"product_tag","embeddable":true,"href":"https:\/\/aromasentia.com\/sv\/wp-json\/wp\/v2\/product_tag?post=217372"}],"curies":[{"name":"wp","href":"https:\/\/api.w.org\/{rel}","templated":true}]}}