{"id":217371,"date":"2025-03-20T14:37:35","date_gmt":"2025-03-20T14:37:35","guid":{"rendered":"https:\/\/aromasentia.com\/product\/borage-oil-50ml\/"},"modified":"2025-12-31T15:53:11","modified_gmt":"2025-12-31T15:53:11","slug":"gurkortsolja-50ml","status":"publish","type":"product","link":"https:\/\/aromasentia.com\/sv\/gurkortsolja-50ml\/","title":{"rendered":"Gurk\u00f6rtsolja &#8211; 50ml"},"content":{"rendered":"<p style=\"text-align: justify;\"><strong>Botaniskt namn:&nbsp;<\/strong><em>Borago Officinalis&nbsp;<\/em><\/p>\n<p style=\"text-align: justify;\"><strong>Andra namn:&nbsp;<\/strong>Starflower Oil<\/p>\n<p style=\"text-align: justify;\"><strong>Ursprung:&nbsp;<\/strong>Europa&nbsp;<\/p>\n<p style=\"text-align: justify;\"><strong>F\u00e4rg och doft:&nbsp;<\/strong>Ljusgul, mycket liten doft med en l\u00e4tt s\u00f6t ton&nbsp;<\/p>\n<p style=\"text-align: justify;\"><strong>Textur:&nbsp;<\/strong>Tunn till medium, n\u00e5got fet p\u00e5 huden&nbsp;<\/p>\n<p style=\"text-align: justify;\"><strong>H\u00e5llbarhet:<\/strong> 1 \u00e5r&nbsp;<\/p>\n<p style=\"text-align: justify;\">Gurk\u00f6rtsv\u00e4xten, \u00e4ven k\u00e4nd som stj\u00e4rnblomma, \u00e4r en borstig v\u00e4xt som kommer fr\u00e5n Mellan\u00f6stern. Nu odlas v\u00e4xten i de flesta varmare delar av v\u00e4rlden, inklusive Afrika, Asien, s\u00f6dra Europa och Sydamerika.&nbsp;<\/p>\n<p style=\"text-align: justify;\">Gurk\u00f6rtsolja utvinns fr\u00e5n v\u00e4xtens fr\u00f6n. Den har mycket h\u00f6ga halter av Omega 6, inneh\u00e5ller upp till 24%. Den s\u00e4gs fungera bra med olika hudbesv\u00e4r som eksem och den har \u00e4ven antiinflammatoriska egenskaper.&nbsp;<\/p>\n<p style=\"text-align: justify;\">Tillverkad genom kallpressning. Levereras i 50 ml glasflaskor, inneh\u00e5ller 100% naturlig ren olja. Perfekt f\u00f6r att sp\u00e4da eteriska oljor innan anv\u00e4ndning p\u00e5 huden.&nbsp;<\/p>\n<p style=\"text-align: justify;\"><strong><span style=\"color: rgb(184, 49, 47);\">Anv\u00e4nd inte internt.<\/span><\/strong><\/p>\n","protected":false},"excerpt":{"rendered":"<p>Botaniskt namn:&nbsp;Borago Officinalis&nbsp; Andra namn:&nbsp;Starflower Oil Ursprung:&nbsp;Europa&nbsp; F\u00e4rg och doft:&nbsp;Ljusgul, mycket liten doft med en l\u00e4tt s\u00f6t ton&nbsp; Textur:&nbsp;Tunn till medium, n\u00e5got fet p\u00e5 huden&nbsp; H\u00e5llbarhet: 1 \u00e5r&nbsp; Gurk\u00f6rtsv\u00e4xten, \u00e4ven k\u00e4nd som stj\u00e4rnblomma, \u00e4r en borstig v\u00e4xt som kommer fr\u00e5n Mellan\u00f6stern. Nu odlas v\u00e4xten i de flesta varmare delar av v\u00e4rlden, inklusive Afrika, Asien, s\u00f6dra [&hellip;]<\/p>\n","protected":false},"featured_media":259266,"comment_status":"closed","ping_status":"open","template":"","meta":{"_angie_page":false},"product_brand":[27091],"product_cat":[11868,13718],"product_tag":[],"class_list":{"0":"post-217371","1":"product","2":"type-product","3":"status-publish","4":"has-post-thumbnail","6":"product_brand-ancient-wisdom","7":"product_cat-aromaterapi-och-rumsdofter","8":"product_cat-basoljor","9":"pa_made-in-kina","10":"pa_size-50ml","12":"first","13":"instock","14":"purchasable","15":"product-type-simple"},"supplier_id":null,"supplier_sku":"BOa-13","barcode":null,"atum_controlled":true,"out_stock_date":null,"out_stock_threshold":null,"inheritable":false,"inbound_stock":null,"stock_on_hold":0,"sold_today":0,"sales_last_days":0,"reserved_stock":null,"customer_returns":null,"warehouse_damage":null,"lost_in_post":null,"other_logs":null,"out_stock_days":0,"lost_sales":0,"has_location":null,"update_date":"2026-05-08T05:06:06","atum_locations":[],"atum_stock_status":"instock","restock_status":false,"low_stock_amount":"","sales_update_date":"2026-01-30T01:25:58","calc_backorders":null,"_links":{"self":[{"href":"https:\/\/aromasentia.com\/sv\/wp-json\/wp\/v2\/product\/217371","targetHints":{"allow":["GET"]}}],"collection":[{"href":"https:\/\/aromasentia.com\/sv\/wp-json\/wp\/v2\/product"}],"about":[{"href":"https:\/\/aromasentia.com\/sv\/wp-json\/wp\/v2\/types\/product"}],"replies":[{"embeddable":true,"href":"https:\/\/aromasentia.com\/sv\/wp-json\/wp\/v2\/comments?post=217371"}],"version-history":[{"count":0,"href":"https:\/\/aromasentia.com\/sv\/wp-json\/wp\/v2\/product\/217371\/revisions"}],"wp:featuredmedia":[{"embeddable":true,"href":"https:\/\/aromasentia.com\/sv\/wp-json\/wp\/v2\/media\/259266"}],"wp:attachment":[{"href":"https:\/\/aromasentia.com\/sv\/wp-json\/wp\/v2\/media?parent=217371"}],"wp:term":[{"taxonomy":"product_brand","embeddable":true,"href":"https:\/\/aromasentia.com\/sv\/wp-json\/wp\/v2\/product_brand?post=217371"},{"taxonomy":"product_cat","embeddable":true,"href":"https:\/\/aromasentia.com\/sv\/wp-json\/wp\/v2\/product_cat?post=217371"},{"taxonomy":"product_tag","embeddable":true,"href":"https:\/\/aromasentia.com\/sv\/wp-json\/wp\/v2\/product_tag?post=217371"}],"curies":[{"name":"wp","href":"https:\/\/api.w.org\/{rel}","templated":true}]}}