{"id":217370,"date":"2025-03-20T14:37:35","date_gmt":"2025-03-20T14:37:35","guid":{"rendered":"https:\/\/aromasentia.com\/product\/macadamia-oil-50ml\/"},"modified":"2025-12-31T15:53:04","modified_gmt":"2025-12-31T15:53:04","slug":"macadamiaolja-50ml","status":"publish","type":"product","link":"https:\/\/aromasentia.com\/sv\/macadamiaolja-50ml\/","title":{"rendered":"Macadamiaolja &#8211; 50ml"},"content":{"rendered":"<p style=\"text-align: justify;\"><strong>Botaniskt namn:&nbsp;<\/strong><em>Macadamia&nbsp;<\/em><em>Integrifolia&nbsp;<\/em><\/p>\n<p style=\"text-align: justify;\"><strong>Ursprung:<\/strong> Australien&nbsp;<\/p>\n<p style=\"text-align: justify;\"><strong>F\u00e4rgoch doft:&nbsp;<\/strong> Klar med en l\u00e4tt gul nyans. Oljan \u00e4r mer aromatisk \u00e4n andra n\u00f6toljor och \u00e4r v\u00e4ldigt s\u00f6t&nbsp;<\/p>\n<p style=\"text-align: justify;\"><strong>Textur:&nbsp;<\/strong>Eftersom det \u00e4r en tjockare olja kommer den att l\u00e4mna en fet hinna p\u00e5 huden&nbsp;<\/p>\n<p style=\"text-align: justify;\">Macadamian\u00f6ten uppt\u00e4cktes av europ&eacute;er f\u00f6rst efter bos\u00e4ttningen i Australien men hade \u00e4tits och bearbetats av dem inhemska australierna i m\u00e5nga \u00e5r.&nbsp;<\/p>\n<p style=\"text-align: justify;\">Inom kosmetika anv\u00e4nds oljan i allm\u00e4nhet i tjockare kr\u00e4mer p\u00e5 grund av att oljan k\u00e4nns tyngre och lyxigare.&nbsp;<\/p>\n<p style=\"text-align: justify;\">Macadamia har ocks\u00e5 en viss f\u00f6rm\u00e5ga att blockera skadliga solstr\u00e5lar s\u00e5 den anv\u00e4nds ofta i solkr\u00e4mer. Det m\u00e4rkv\u00e4rdigaste med oljan \u00e4r f\u00f6rmodligen att den liknar talg, som naturligt produceras av huden f\u00f6r att skydda sig sj\u00e4lv.&nbsp;<\/p>\n<p style=\"text-align: justify;\">V\u00e5r Grossist Macadamiaolja kommer fr\u00e5n Australien och tillverkas genom kallpressning.&nbsp;<\/p>\n<p style=\"text-align: justify;\">Inneh\u00e5ller 100% naturlig ren olja. Perfekt f\u00f6r att sp\u00e4da eteriska oljor innan anv\u00e4ndning p\u00e5 huden.&nbsp;<\/p>\n<p style=\"text-align: justify;\"><strong><span style=\"color: rgb(184, 49, 47);\">Anv\u00e4nd inte internt.<\/span><\/strong><\/p>\n","protected":false},"excerpt":{"rendered":"<p>Botaniskt namn:&nbsp;Macadamia&nbsp;Integrifolia&nbsp; Ursprung: Australien&nbsp; F\u00e4rgoch doft:&nbsp; Klar med en l\u00e4tt gul nyans. Oljan \u00e4r mer aromatisk \u00e4n andra n\u00f6toljor och \u00e4r v\u00e4ldigt s\u00f6t&nbsp; Textur:&nbsp;Eftersom det \u00e4r en tjockare olja kommer den att l\u00e4mna en fet hinna p\u00e5 huden&nbsp; Macadamian\u00f6ten uppt\u00e4cktes av europ&eacute;er f\u00f6rst efter bos\u00e4ttningen i Australien men hade \u00e4tits och bearbetats av dem inhemska [&hellip;]<\/p>\n","protected":false},"featured_media":259257,"comment_status":"closed","ping_status":"open","template":"","meta":{"_angie_page":false},"product_brand":[27091],"product_cat":[11868,13718],"product_tag":[],"class_list":{"0":"post-217370","1":"product","2":"type-product","3":"status-publish","4":"has-post-thumbnail","6":"product_brand-ancient-wisdom","7":"product_cat-aromaterapi-och-rumsdofter","8":"product_cat-basoljor","9":"pa_made-in-australien","10":"pa_size-50ml","12":"first","13":"outofstock","14":"purchasable","15":"product-type-simple"},"supplier_id":null,"supplier_sku":"BOa-11","barcode":null,"atum_controlled":true,"out_stock_date":"2026-04-25 15:11:50","out_stock_threshold":null,"inheritable":false,"inbound_stock":null,"stock_on_hold":0,"sold_today":0,"sales_last_days":0,"reserved_stock":null,"customer_returns":null,"warehouse_damage":null,"lost_in_post":null,"other_logs":null,"out_stock_days":0,"lost_sales":0,"has_location":null,"update_date":"2026-04-27T06:55:20","atum_locations":[],"atum_stock_status":"outofstock","restock_status":false,"low_stock_amount":"","sales_update_date":"2026-01-30T01:25:57","calc_backorders":null,"_links":{"self":[{"href":"https:\/\/aromasentia.com\/sv\/wp-json\/wp\/v2\/product\/217370","targetHints":{"allow":["GET"]}}],"collection":[{"href":"https:\/\/aromasentia.com\/sv\/wp-json\/wp\/v2\/product"}],"about":[{"href":"https:\/\/aromasentia.com\/sv\/wp-json\/wp\/v2\/types\/product"}],"replies":[{"embeddable":true,"href":"https:\/\/aromasentia.com\/sv\/wp-json\/wp\/v2\/comments?post=217370"}],"version-history":[{"count":0,"href":"https:\/\/aromasentia.com\/sv\/wp-json\/wp\/v2\/product\/217370\/revisions"}],"wp:featuredmedia":[{"embeddable":true,"href":"https:\/\/aromasentia.com\/sv\/wp-json\/wp\/v2\/media\/259257"}],"wp:attachment":[{"href":"https:\/\/aromasentia.com\/sv\/wp-json\/wp\/v2\/media?parent=217370"}],"wp:term":[{"taxonomy":"product_brand","embeddable":true,"href":"https:\/\/aromasentia.com\/sv\/wp-json\/wp\/v2\/product_brand?post=217370"},{"taxonomy":"product_cat","embeddable":true,"href":"https:\/\/aromasentia.com\/sv\/wp-json\/wp\/v2\/product_cat?post=217370"},{"taxonomy":"product_tag","embeddable":true,"href":"https:\/\/aromasentia.com\/sv\/wp-json\/wp\/v2\/product_tag?post=217370"}],"curies":[{"name":"wp","href":"https:\/\/api.w.org\/{rel}","templated":true}]}}