{"id":217363,"date":"2025-03-20T14:37:35","date_gmt":"2025-03-20T14:37:35","guid":{"rendered":"https:\/\/aromasentia.com\/product\/mango-aromathrapy-box-aw-holds-12\/"},"modified":"2025-12-31T15:53:04","modified_gmt":"2025-12-31T15:53:04","slug":"mango-aromaterapi-ask-aw-12-flaskor","status":"publish","type":"product","link":"https:\/\/aromasentia.com\/sv\/mango-aromaterapi-ask-aw-12-flaskor\/","title":{"rendered":"Mango Aromaterapi Ask  &#8211; AW (12 flaskor)"},"content":{"rendered":"<p style=\"text-align: justify;\">Denna <strong>Aromaterapi Ask (rymmer 12 flaskor)<\/strong> \u00e4r gjord av mangotr\u00e4 och \u00e4r utsmyckad med handristade blommiga m\u00f6nster.&nbsp;<\/p>\n<p style=\"text-align: justify;\">Denna ask kommer att se vacker ut i sovrummet eller omkl\u00e4dningsrummet&#8230; eller vilket rum som helst egentligen.&nbsp;<\/p>\n<p style=\"text-align: justify;\">Designad f\u00f6r att rymma 10 ml flaskor, s\u00e5 v\u00e5ra eteriska oljor, eteriska oljeblandningar eller doftoljor kommer att passa perfekt.&nbsp;<\/p>\n<p style=\"text-align: justify;\">S\u00e4lj dessa askar separat eller kanske skapa dina egna samlingar eller presentset med eteriska oljor.&nbsp;<\/p>\n<p style=\"text-align: justify;\"><strong>Observera:<\/strong> Eftersom askarna \u00e4r handgjorda, varierar designen n\u00e5got.&nbsp;<\/p>\n<p style=\"text-align: justify;\">Dessa askar rymmer en kombination av 10 ml flaskor till en maximal h\u00f6jd av 65 mm och en ungef\u00e4rlig diameter p\u00e5 25 mm.&nbsp;<\/p>\n<p style=\"text-align: justify;\"><strong><span style=\"color: rgb(84, 172, 210);\">Best\u00e4ll nu f\u00f6r att ge din butik lite elegans!<\/span><\/strong><\/p>\n","protected":false},"excerpt":{"rendered":"<p>Denna Aromaterapi Ask (rymmer 12 flaskor) \u00e4r gjord av mangotr\u00e4 och \u00e4r utsmyckad med handristade blommiga m\u00f6nster.&nbsp; Denna ask kommer att se vacker ut i sovrummet eller omkl\u00e4dningsrummet&#8230; eller vilket rum som helst egentligen.&nbsp; Designad f\u00f6r att rymma 10 ml flaskor, s\u00e5 v\u00e5ra eteriska oljor, eteriska oljeblandningar eller doftoljor kommer att passa perfekt.&nbsp; S\u00e4lj dessa [&hellip;]<\/p>\n","protected":false},"featured_media":259443,"comment_status":"closed","ping_status":"open","template":"","meta":[],"product_brand":[],"product_cat":[11188,11189],"product_tag":[],"class_list":{"0":"post-217363","1":"product","2":"type-product","3":"status-publish","4":"has-post-thumbnail","6":"product_cat-presentforpackningar-paketering","7":"product_cat-presentforvaring-och-tralador","8":"pa_collection-aromatherapy-boxes-sv","9":"pa_made-in-indien","11":"first","12":"instock","13":"purchasable","14":"product-type-simple"},"supplier_id":null,"supplier_sku":"Abox-02A","barcode":null,"atum_controlled":true,"out_stock_date":null,"out_stock_threshold":null,"inheritable":false,"inbound_stock":null,"stock_on_hold":0,"sold_today":0,"sales_last_days":0,"reserved_stock":null,"customer_returns":null,"warehouse_damage":null,"lost_in_post":null,"other_logs":null,"out_stock_days":0,"lost_sales":0,"has_location":null,"update_date":"2026-02-09T10:25:43","atum_locations":[],"atum_stock_status":"instock","restock_status":false,"low_stock_amount":"","sales_update_date":"2026-02-06T00:00:50","calc_backorders":null,"_links":{"self":[{"href":"https:\/\/aromasentia.com\/sv\/wp-json\/wp\/v2\/product\/217363","targetHints":{"allow":["GET"]}}],"collection":[{"href":"https:\/\/aromasentia.com\/sv\/wp-json\/wp\/v2\/product"}],"about":[{"href":"https:\/\/aromasentia.com\/sv\/wp-json\/wp\/v2\/types\/product"}],"replies":[{"embeddable":true,"href":"https:\/\/aromasentia.com\/sv\/wp-json\/wp\/v2\/comments?post=217363"}],"version-history":[{"count":0,"href":"https:\/\/aromasentia.com\/sv\/wp-json\/wp\/v2\/product\/217363\/revisions"}],"wp:featuredmedia":[{"embeddable":true,"href":"https:\/\/aromasentia.com\/sv\/wp-json\/wp\/v2\/media\/259443"}],"wp:attachment":[{"href":"https:\/\/aromasentia.com\/sv\/wp-json\/wp\/v2\/media?parent=217363"}],"wp:term":[{"taxonomy":"product_brand","embeddable":true,"href":"https:\/\/aromasentia.com\/sv\/wp-json\/wp\/v2\/product_brand?post=217363"},{"taxonomy":"product_cat","embeddable":true,"href":"https:\/\/aromasentia.com\/sv\/wp-json\/wp\/v2\/product_cat?post=217363"},{"taxonomy":"product_tag","embeddable":true,"href":"https:\/\/aromasentia.com\/sv\/wp-json\/wp\/v2\/product_tag?post=217363"}],"curies":[{"name":"wp","href":"https:\/\/api.w.org\/{rel}","templated":true}]}}