{"id":217357,"date":"2025-03-20T14:38:14","date_gmt":"2025-03-20T14:38:14","guid":{"rendered":"https:\/\/aromasentia.com\/product\/neem-oil-1-litre\/"},"modified":"2025-12-31T15:52:57","modified_gmt":"2025-12-31T15:52:57","slug":"neemolja-1-liter","status":"publish","type":"product","link":"https:\/\/aromasentia.com\/sv\/neemolja-1-liter\/","title":{"rendered":"Neemolja &#8211; 1 Liter"},"content":{"rendered":"<p style=\"text-align: justify;\"><strong>Botaniskt namn:<\/strong> <em>Melia Azadirachta<\/em><\/p>\n<p style=\"text-align: justify;\">V\u00e5r Neembasolja \u00e4r perfekt f\u00f6r att sp\u00e4da eteriska oljor innan de anv\u00e4nds p\u00e5 huden. Alla v\u00e5ra basoljor best\u00e5r av 100% naturlig ren olja.&nbsp;<\/p>\n<p style=\"text-align: justify;\">V\u00e5r <strong>Neembasolja i Grossistledet<\/strong> \u00e4r noggrant utvald, k\u00f6pt oftast fr\u00e5n prim\u00e4ra k\u00e4llor, testad f\u00f6r renhet och utsatt f\u00f6r rigor\u00f6sa kvalitetskontrollstandarder.&nbsp;<\/p>\n<p style=\"text-align: justify;\">Denna Neemolja kommer fr\u00e5n Indien och tillverkas genom kallpressning. Vi \u00e4r en av Storbritanniens ledande grossister inom basoljor.<\/p>\n","protected":false},"excerpt":{"rendered":"<p>Botaniskt namn: Melia Azadirachta V\u00e5r Neembasolja \u00e4r perfekt f\u00f6r att sp\u00e4da eteriska oljor innan de anv\u00e4nds p\u00e5 huden. Alla v\u00e5ra basoljor best\u00e5r av 100% naturlig ren olja.&nbsp; V\u00e5r Neembasolja i Grossistledet \u00e4r noggrant utvald, k\u00f6pt oftast fr\u00e5n prim\u00e4ra k\u00e4llor, testad f\u00f6r renhet och utsatt f\u00f6r rigor\u00f6sa kvalitetskontrollstandarder.&nbsp; Denna Neemolja kommer fr\u00e5n Indien och tillverkas genom [&hellip;]<\/p>\n","protected":false},"featured_media":259642,"comment_status":"closed","ping_status":"open","template":"","meta":{"_angie_page":false},"product_brand":[27091],"product_cat":[11868,13718],"product_tag":[],"class_list":{"0":"post-217357","1":"product","2":"type-product","3":"status-publish","4":"has-post-thumbnail","6":"product_brand-ancient-wisdom","7":"product_cat-aromaterapi-och-rumsdofter","8":"product_cat-basoljor","9":"pa_collection-base-oils-1-litre-sv","10":"pa_made-in-indien","12":"first","13":"instock","14":"purchasable","15":"product-type-simple"},"supplier_id":null,"supplier_sku":"BOz-19","barcode":null,"atum_controlled":true,"out_stock_date":null,"out_stock_threshold":null,"inheritable":false,"inbound_stock":null,"stock_on_hold":0,"sold_today":0,"sales_last_days":0,"reserved_stock":null,"customer_returns":null,"warehouse_damage":null,"lost_in_post":null,"other_logs":null,"out_stock_days":0,"lost_sales":0,"has_location":null,"update_date":"2026-05-04T00:02:51","atum_locations":[],"atum_stock_status":"instock","restock_status":false,"low_stock_amount":"","sales_update_date":"2026-02-06T00:01:22","calc_backorders":null,"_links":{"self":[{"href":"https:\/\/aromasentia.com\/sv\/wp-json\/wp\/v2\/product\/217357","targetHints":{"allow":["GET"]}}],"collection":[{"href":"https:\/\/aromasentia.com\/sv\/wp-json\/wp\/v2\/product"}],"about":[{"href":"https:\/\/aromasentia.com\/sv\/wp-json\/wp\/v2\/types\/product"}],"replies":[{"embeddable":true,"href":"https:\/\/aromasentia.com\/sv\/wp-json\/wp\/v2\/comments?post=217357"}],"version-history":[{"count":0,"href":"https:\/\/aromasentia.com\/sv\/wp-json\/wp\/v2\/product\/217357\/revisions"}],"wp:featuredmedia":[{"embeddable":true,"href":"https:\/\/aromasentia.com\/sv\/wp-json\/wp\/v2\/media\/259642"}],"wp:attachment":[{"href":"https:\/\/aromasentia.com\/sv\/wp-json\/wp\/v2\/media?parent=217357"}],"wp:term":[{"taxonomy":"product_brand","embeddable":true,"href":"https:\/\/aromasentia.com\/sv\/wp-json\/wp\/v2\/product_brand?post=217357"},{"taxonomy":"product_cat","embeddable":true,"href":"https:\/\/aromasentia.com\/sv\/wp-json\/wp\/v2\/product_cat?post=217357"},{"taxonomy":"product_tag","embeddable":true,"href":"https:\/\/aromasentia.com\/sv\/wp-json\/wp\/v2\/product_tag?post=217357"}],"curies":[{"name":"wp","href":"https:\/\/api.w.org\/{rel}","templated":true}]}}