{"id":217355,"date":"2025-03-20T14:38:14","date_gmt":"2025-03-20T14:38:14","guid":{"rendered":"https:\/\/aromasentia.com\/product\/hazelnut-oil-1-litre\/"},"modified":"2025-12-31T15:52:57","modified_gmt":"2025-12-31T15:52:57","slug":"hasselnotsolja-1-liter","status":"publish","type":"product","link":"https:\/\/aromasentia.com\/sv\/hasselnotsolja-1-liter\/","title":{"rendered":"Hasseln\u00f6tsolja &#8211; 1 Liter"},"content":{"rendered":"<p>V\u00e5r Hasseln\u00f6tsbasolja \u00e4r perfekt f\u00f6r att sp\u00e4da ut eteriska oljor innan de anv\u00e4nds p\u00e5 huden. Alla v\u00e5ra basoljor best\u00e5r av 100% naturlig ren olja.&nbsp;<\/p>\n<p>Den vanliga hasseln\u00f6ten odlas \u00f6ver hela de europeiska och asiatiska kontinenterna och utanf\u00f6r. Den odlas fr\u00e4mst f\u00f6r n\u00f6ten men har \u00e4ven anv\u00e4nts i Storbritannien och Europa som h\u00e4ckar p\u00e5 jordbruksmark i hundratals \u00e5r. Anv\u00e4ndningen av hasseln\u00f6tter g\u00e5r tillbaka till minst 9000 \u00e5r med arkeologiska bevis p\u00e5 massbearbetning av hasseln\u00f6tter p\u00e5 flera platser p\u00e5 dem brittiska \u00f6arna.&nbsp;<\/p>\n<p>Hasseln\u00f6tsolja i sig \u00e4r en m\u00e5ngsidig olja. I kosmetika \u00e4r oljan n\u00e4rande f\u00f6r huden med vissa sammandragande egenskaper.&nbsp;<\/p>\n<p>V\u00e5r <strong>Hasseln\u00f6tsbasolja i Grossistledet<\/strong> \u00e4r tillverkad genom kallpressning. <\/p>\n","protected":false},"excerpt":{"rendered":"<p>V\u00e5r Hasseln\u00f6tsbasolja \u00e4r perfekt f\u00f6r att sp\u00e4da ut eteriska oljor innan de anv\u00e4nds p\u00e5 huden. Alla v\u00e5ra basoljor best\u00e5r av 100% naturlig ren olja.&nbsp; Den vanliga hasseln\u00f6ten odlas \u00f6ver hela de europeiska och asiatiska kontinenterna och utanf\u00f6r. Den odlas fr\u00e4mst f\u00f6r n\u00f6ten men har \u00e4ven anv\u00e4nts i Storbritannien och Europa som h\u00e4ckar p\u00e5 jordbruksmark i [&hellip;]<\/p>\n","protected":false},"featured_media":259624,"comment_status":"closed","ping_status":"open","template":"","meta":{"_angie_page":false},"product_brand":[27091],"product_cat":[11868,13718],"product_tag":[],"class_list":{"0":"post-217355","1":"product","2":"type-product","3":"status-publish","4":"has-post-thumbnail","6":"product_brand-ancient-wisdom","7":"product_cat-aromaterapi-och-rumsdofter","8":"product_cat-basoljor","9":"pa_collection-base-oils-1-litre-sv","10":"pa_made-in-italien","12":"first","13":"instock","14":"purchasable","15":"product-type-simple"},"supplier_id":null,"supplier_sku":"BOz-17","barcode":null,"atum_controlled":true,"out_stock_date":null,"out_stock_threshold":null,"inheritable":false,"inbound_stock":null,"stock_on_hold":0,"sold_today":0,"sales_last_days":0,"reserved_stock":null,"customer_returns":null,"warehouse_damage":null,"lost_in_post":null,"other_logs":null,"out_stock_days":0,"lost_sales":0,"has_location":null,"update_date":"2026-04-27T06:55:31","atum_locations":[],"atum_stock_status":"instock","restock_status":false,"low_stock_amount":"","sales_update_date":"2026-02-06T00:01:29","calc_backorders":null,"_links":{"self":[{"href":"https:\/\/aromasentia.com\/sv\/wp-json\/wp\/v2\/product\/217355","targetHints":{"allow":["GET"]}}],"collection":[{"href":"https:\/\/aromasentia.com\/sv\/wp-json\/wp\/v2\/product"}],"about":[{"href":"https:\/\/aromasentia.com\/sv\/wp-json\/wp\/v2\/types\/product"}],"replies":[{"embeddable":true,"href":"https:\/\/aromasentia.com\/sv\/wp-json\/wp\/v2\/comments?post=217355"}],"version-history":[{"count":0,"href":"https:\/\/aromasentia.com\/sv\/wp-json\/wp\/v2\/product\/217355\/revisions"}],"wp:featuredmedia":[{"embeddable":true,"href":"https:\/\/aromasentia.com\/sv\/wp-json\/wp\/v2\/media\/259624"}],"wp:attachment":[{"href":"https:\/\/aromasentia.com\/sv\/wp-json\/wp\/v2\/media?parent=217355"}],"wp:term":[{"taxonomy":"product_brand","embeddable":true,"href":"https:\/\/aromasentia.com\/sv\/wp-json\/wp\/v2\/product_brand?post=217355"},{"taxonomy":"product_cat","embeddable":true,"href":"https:\/\/aromasentia.com\/sv\/wp-json\/wp\/v2\/product_cat?post=217355"},{"taxonomy":"product_tag","embeddable":true,"href":"https:\/\/aromasentia.com\/sv\/wp-json\/wp\/v2\/product_tag?post=217355"}],"curies":[{"name":"wp","href":"https:\/\/api.w.org\/{rel}","templated":true}]}}