{"id":217353,"date":"2025-03-20T14:38:14","date_gmt":"2025-03-20T14:38:14","guid":{"rendered":"https:\/\/aromasentia.com\/product\/calendula-oil-1-litre\/"},"modified":"2025-12-31T15:52:57","modified_gmt":"2025-12-31T15:52:57","slug":"ringblomsolja-1-liter","status":"publish","type":"product","link":"https:\/\/aromasentia.com\/sv\/ringblomsolja-1-liter\/","title":{"rendered":"Ringblomsolja &#8211; 1 Liter"},"content":{"rendered":"<p>V\u00e5r Ringblomsbasolja \u00e4r perfekt f\u00f6r att sp\u00e4da ut eteriska oljor innan de anv\u00e4nds p\u00e5 huden. Alla v\u00e5ra basoljor best\u00e5r av 100% naturlig ren olja.&nbsp;<\/p>\n<p>Oljan i sig \u00e4r ganska m\u00e5ngsidig. Den kan anv\u00e4ndas f\u00f6r att behandla hudbesv\u00e4r med den extra f\u00f6rdelen att den har antiinflammatoriska och antibakteriella egenskaper. Ringblomsolja anv\u00e4nds flitigt i kosmetikaindustrin av sk\u00e4len ovan samt \u00e4r sammandragande och stramar upp huden.&nbsp;<\/p>\n<p>V\u00e5r <strong>Ringblomsolja i Grossistledet<\/strong> kommer fr\u00e5n Frankrike och tillverkas genom l\u00f6sningsmedelsextraktion.<\/p>\n","protected":false},"excerpt":{"rendered":"<p>V\u00e5r Ringblomsbasolja \u00e4r perfekt f\u00f6r att sp\u00e4da ut eteriska oljor innan de anv\u00e4nds p\u00e5 huden. Alla v\u00e5ra basoljor best\u00e5r av 100% naturlig ren olja.&nbsp; Oljan i sig \u00e4r ganska m\u00e5ngsidig. Den kan anv\u00e4ndas f\u00f6r att behandla hudbesv\u00e4r med den extra f\u00f6rdelen att den har antiinflammatoriska och antibakteriella egenskaper. Ringblomsolja anv\u00e4nds flitigt i kosmetikaindustrin av sk\u00e4len [&hellip;]<\/p>\n","protected":false},"featured_media":259606,"comment_status":"closed","ping_status":"open","template":"","meta":{"_angie_page":false},"product_brand":[27091],"product_cat":[11868,13718],"product_tag":[],"class_list":{"0":"post-217353","1":"product","2":"type-product","3":"status-publish","4":"has-post-thumbnail","6":"product_brand-ancient-wisdom","7":"product_cat-aromaterapi-och-rumsdofter","8":"product_cat-basoljor","9":"pa_collection-base-oils-1-litre-sv","10":"pa_made-in-polen","12":"first","13":"instock","14":"purchasable","15":"product-type-simple"},"supplier_id":null,"supplier_sku":"BOz-15","barcode":null,"atum_controlled":true,"out_stock_date":null,"out_stock_threshold":null,"inheritable":false,"inbound_stock":null,"stock_on_hold":0,"sold_today":0,"sales_last_days":0,"reserved_stock":null,"customer_returns":null,"warehouse_damage":null,"lost_in_post":null,"other_logs":null,"out_stock_days":0,"lost_sales":0,"has_location":null,"update_date":"2026-04-27T06:55:31","atum_locations":[],"atum_stock_status":"instock","restock_status":false,"low_stock_amount":"","sales_update_date":"2025-10-09T03:26:54","calc_backorders":null,"_links":{"self":[{"href":"https:\/\/aromasentia.com\/sv\/wp-json\/wp\/v2\/product\/217353","targetHints":{"allow":["GET"]}}],"collection":[{"href":"https:\/\/aromasentia.com\/sv\/wp-json\/wp\/v2\/product"}],"about":[{"href":"https:\/\/aromasentia.com\/sv\/wp-json\/wp\/v2\/types\/product"}],"replies":[{"embeddable":true,"href":"https:\/\/aromasentia.com\/sv\/wp-json\/wp\/v2\/comments?post=217353"}],"version-history":[{"count":0,"href":"https:\/\/aromasentia.com\/sv\/wp-json\/wp\/v2\/product\/217353\/revisions"}],"wp:featuredmedia":[{"embeddable":true,"href":"https:\/\/aromasentia.com\/sv\/wp-json\/wp\/v2\/media\/259606"}],"wp:attachment":[{"href":"https:\/\/aromasentia.com\/sv\/wp-json\/wp\/v2\/media?parent=217353"}],"wp:term":[{"taxonomy":"product_brand","embeddable":true,"href":"https:\/\/aromasentia.com\/sv\/wp-json\/wp\/v2\/product_brand?post=217353"},{"taxonomy":"product_cat","embeddable":true,"href":"https:\/\/aromasentia.com\/sv\/wp-json\/wp\/v2\/product_cat?post=217353"},{"taxonomy":"product_tag","embeddable":true,"href":"https:\/\/aromasentia.com\/sv\/wp-json\/wp\/v2\/product_tag?post=217353"}],"curies":[{"name":"wp","href":"https:\/\/api.w.org\/{rel}","templated":true}]}}