{"id":217352,"date":"2025-03-20T14:38:14","date_gmt":"2025-03-20T14:38:14","guid":{"rendered":"https:\/\/aromasentia.com\/product\/olive-oil-1-litre\/"},"modified":"2025-12-31T15:52:57","modified_gmt":"2025-12-31T15:52:57","slug":"olivolja-1-liter","status":"publish","type":"product","link":"https:\/\/aromasentia.com\/sv\/olivolja-1-liter\/","title":{"rendered":"Olivolja &#8211; 1 Liter"},"content":{"rendered":"<p>V\u00e5r Olivbasolja \u00e4r perfekt f\u00f6r att sp\u00e4da ut eteriska oljor innan de anv\u00e4nds p\u00e5 huden. Alla v\u00e5ra basoljor best\u00e5r av 100% naturlig ren olja.&nbsp;<\/p>\n<p>Olivtr\u00e4det \u00e4r inhemskt i Medelhavsomr\u00e5det i Europa och Mindre Asien och har anv\u00e4nts f\u00f6r mat och andra till\u00e4mpningar fr\u00e5n s\u00e5 tidigt som 8000 f.Kr. och domesticerades omkring 2500 f.Kr. Oljan anv\u00e4nds ofta i matlagning, kosmetika, l\u00e4kemedel och som br\u00e4nsle f\u00f6r traditionella oljelampor.&nbsp;<\/p>\n<p>Olivolja \u00e4r bra f\u00f6r huden eftersom den hj\u00e4lper till att h\u00e5lla den mjuk, smidig och \u00e5terfuktad. Den fungerar \u00e4ven p\u00e5 h\u00e5ret. Olivolja \u00e4r ett bra tillskott till kosmetika eftersom den brukar vara mycket stabil.&nbsp;<\/p>\n<p>V\u00e5r <strong>Olivbasolja i Grossistledet<\/strong> kommer fr\u00e5n Storbritannien och tillverkas genom kallpressning.<\/p>\n","protected":false},"excerpt":{"rendered":"<p>V\u00e5r Olivbasolja \u00e4r perfekt f\u00f6r att sp\u00e4da ut eteriska oljor innan de anv\u00e4nds p\u00e5 huden. Alla v\u00e5ra basoljor best\u00e5r av 100% naturlig ren olja.&nbsp; Olivtr\u00e4det \u00e4r inhemskt i Medelhavsomr\u00e5det i Europa och Mindre Asien och har anv\u00e4nts f\u00f6r mat och andra till\u00e4mpningar fr\u00e5n s\u00e5 tidigt som 8000 f.Kr. och domesticerades omkring 2500 f.Kr. Oljan anv\u00e4nds [&hellip;]<\/p>\n","protected":false},"featured_media":259597,"comment_status":"closed","ping_status":"open","template":"","meta":{"_angie_page":false},"product_brand":[27091],"product_cat":[11868,13718],"product_tag":[],"class_list":{"0":"post-217352","1":"product","2":"type-product","3":"status-publish","4":"has-post-thumbnail","6":"product_brand-ancient-wisdom","7":"product_cat-aromaterapi-och-rumsdofter","8":"product_cat-basoljor","9":"pa_collection-base-oils-1-litre-sv","10":"pa_made-in-spanien","12":"first","13":"instock","14":"purchasable","15":"product-type-simple"},"supplier_id":null,"supplier_sku":"BOz-14","barcode":null,"atum_controlled":true,"out_stock_date":null,"out_stock_threshold":null,"inheritable":false,"inbound_stock":null,"stock_on_hold":0,"sold_today":0,"sales_last_days":0,"reserved_stock":null,"customer_returns":null,"warehouse_damage":null,"lost_in_post":null,"other_logs":null,"out_stock_days":0,"lost_sales":0,"has_location":null,"update_date":"2026-04-27T06:55:31","atum_locations":[],"atum_stock_status":"instock","restock_status":false,"low_stock_amount":"","sales_update_date":"2026-01-20T05:13:16","calc_backorders":null,"_links":{"self":[{"href":"https:\/\/aromasentia.com\/sv\/wp-json\/wp\/v2\/product\/217352","targetHints":{"allow":["GET"]}}],"collection":[{"href":"https:\/\/aromasentia.com\/sv\/wp-json\/wp\/v2\/product"}],"about":[{"href":"https:\/\/aromasentia.com\/sv\/wp-json\/wp\/v2\/types\/product"}],"replies":[{"embeddable":true,"href":"https:\/\/aromasentia.com\/sv\/wp-json\/wp\/v2\/comments?post=217352"}],"version-history":[{"count":0,"href":"https:\/\/aromasentia.com\/sv\/wp-json\/wp\/v2\/product\/217352\/revisions"}],"wp:featuredmedia":[{"embeddable":true,"href":"https:\/\/aromasentia.com\/sv\/wp-json\/wp\/v2\/media\/259597"}],"wp:attachment":[{"href":"https:\/\/aromasentia.com\/sv\/wp-json\/wp\/v2\/media?parent=217352"}],"wp:term":[{"taxonomy":"product_brand","embeddable":true,"href":"https:\/\/aromasentia.com\/sv\/wp-json\/wp\/v2\/product_brand?post=217352"},{"taxonomy":"product_cat","embeddable":true,"href":"https:\/\/aromasentia.com\/sv\/wp-json\/wp\/v2\/product_cat?post=217352"},{"taxonomy":"product_tag","embeddable":true,"href":"https:\/\/aromasentia.com\/sv\/wp-json\/wp\/v2\/product_tag?post=217352"}],"curies":[{"name":"wp","href":"https:\/\/api.w.org\/{rel}","templated":true}]}}