{"id":217351,"date":"2025-03-20T14:38:14","date_gmt":"2025-03-20T14:38:14","guid":{"rendered":"https:\/\/aromasentia.com\/product\/borage-oil-1-litre\/"},"modified":"2025-12-31T15:52:57","modified_gmt":"2025-12-31T15:52:57","slug":"gurkortsolja-1-liter","status":"publish","type":"product","link":"https:\/\/aromasentia.com\/sv\/gurkortsolja-1-liter\/","title":{"rendered":"Gurk\u00f6rtsolja &#8211; 1 Liter"},"content":{"rendered":"<p>V\u00e5r Gurk\u00f6rtsbasolja \u00e4r perfekt f\u00f6r att sp\u00e4da ut eteriska oljor innan de anv\u00e4nds p\u00e5 huden. Alla v\u00e5ra basoljor best\u00e5r av 100% naturlig ren olja.&nbsp;<\/p>\n<p>Gurk\u00f6rtsv\u00e4xten, \u00e4ven k\u00e4nd som Starflower, \u00e4r en borstig v\u00e4xt som kommer fr\u00e5n Mellan\u00f6stern. Nu odlas den i de flesta varmare delar av v\u00e4rlden inklusive Afrika, Asien, s\u00f6dra Europa och Sydamerika.&nbsp;<\/p>\n<p>Gurk\u00f6rtsolja utvinns fr\u00e5n v\u00e4xtens fr\u00f6n. Den har mycket h\u00f6ga halter av Omega 6, inneh\u00e5ller upp till 24%. Oljan anv\u00e4nds ofta f\u00f6r hudbesv\u00e4r som eksem och har \u00e4ven antiinflammatoriska egenskaper.&nbsp;<\/p>\n<p>V\u00e5r <strong>Gurk\u00f6rtsbasolja i Grossistledet <\/strong>kommer fr\u00e5n Europa och tillverkas genom kallpressning. <\/p>\n","protected":false},"excerpt":{"rendered":"<p>V\u00e5r Gurk\u00f6rtsbasolja \u00e4r perfekt f\u00f6r att sp\u00e4da ut eteriska oljor innan de anv\u00e4nds p\u00e5 huden. Alla v\u00e5ra basoljor best\u00e5r av 100% naturlig ren olja.&nbsp; Gurk\u00f6rtsv\u00e4xten, \u00e4ven k\u00e4nd som Starflower, \u00e4r en borstig v\u00e4xt som kommer fr\u00e5n Mellan\u00f6stern. Nu odlas den i de flesta varmare delar av v\u00e4rlden inklusive Afrika, Asien, s\u00f6dra Europa och Sydamerika.&nbsp; Gurk\u00f6rtsolja [&hellip;]<\/p>\n","protected":false},"featured_media":259588,"comment_status":"closed","ping_status":"open","template":"","meta":{"_angie_page":false},"product_brand":[27091],"product_cat":[11868,13718],"product_tag":[],"class_list":{"0":"post-217351","1":"product","2":"type-product","3":"status-publish","4":"has-post-thumbnail","6":"product_brand-ancient-wisdom","7":"product_cat-aromaterapi-och-rumsdofter","8":"product_cat-basoljor","9":"pa_collection-base-oils-1-litre-sv","10":"pa_made-in-kina","12":"first","13":"instock","14":"purchasable","15":"product-type-simple"},"supplier_id":null,"supplier_sku":"BOz-13","barcode":null,"atum_controlled":true,"out_stock_date":null,"out_stock_threshold":null,"inheritable":false,"inbound_stock":null,"stock_on_hold":0,"sold_today":0,"sales_last_days":0,"reserved_stock":null,"customer_returns":null,"warehouse_damage":null,"lost_in_post":null,"other_logs":null,"out_stock_days":0,"lost_sales":0,"has_location":null,"update_date":"2026-05-08T05:06:06","atum_locations":[],"atum_stock_status":"instock","restock_status":false,"low_stock_amount":"","sales_update_date":"2026-01-30T01:25:23","calc_backorders":null,"_links":{"self":[{"href":"https:\/\/aromasentia.com\/sv\/wp-json\/wp\/v2\/product\/217351","targetHints":{"allow":["GET"]}}],"collection":[{"href":"https:\/\/aromasentia.com\/sv\/wp-json\/wp\/v2\/product"}],"about":[{"href":"https:\/\/aromasentia.com\/sv\/wp-json\/wp\/v2\/types\/product"}],"replies":[{"embeddable":true,"href":"https:\/\/aromasentia.com\/sv\/wp-json\/wp\/v2\/comments?post=217351"}],"version-history":[{"count":0,"href":"https:\/\/aromasentia.com\/sv\/wp-json\/wp\/v2\/product\/217351\/revisions"}],"wp:featuredmedia":[{"embeddable":true,"href":"https:\/\/aromasentia.com\/sv\/wp-json\/wp\/v2\/media\/259588"}],"wp:attachment":[{"href":"https:\/\/aromasentia.com\/sv\/wp-json\/wp\/v2\/media?parent=217351"}],"wp:term":[{"taxonomy":"product_brand","embeddable":true,"href":"https:\/\/aromasentia.com\/sv\/wp-json\/wp\/v2\/product_brand?post=217351"},{"taxonomy":"product_cat","embeddable":true,"href":"https:\/\/aromasentia.com\/sv\/wp-json\/wp\/v2\/product_cat?post=217351"},{"taxonomy":"product_tag","embeddable":true,"href":"https:\/\/aromasentia.com\/sv\/wp-json\/wp\/v2\/product_tag?post=217351"}],"curies":[{"name":"wp","href":"https:\/\/api.w.org\/{rel}","templated":true}]}}