{"id":217349,"date":"2025-03-20T14:38:14","date_gmt":"2025-03-20T14:38:14","guid":{"rendered":"https:\/\/aromasentia.com\/product\/evening-primrose-1-litre\/"},"modified":"2025-12-31T15:52:49","modified_gmt":"2025-12-31T15:52:49","slug":"nattljusolja-1-liter","status":"publish","type":"product","link":"https:\/\/aromasentia.com\/sv\/nattljusolja-1-liter\/","title":{"rendered":"Nattljusolja &#8211; 1 Liter"},"content":{"rendered":"<p>V\u00e5r Nattljusbasolja \u00e4r perfekt f\u00f6r att sp\u00e4da ut eteriska oljor innan de anv\u00e4nds p\u00e5 huden. Alla v\u00e5ra basoljor best\u00e5r av 100% naturlig ren olja.&nbsp;<\/p>\n<p>Nattljusblomman, ibland k\u00e4nd som Evening Star, \u00e4r en biennalv\u00e4xt som \u00e4r vanlig i Nordamerika och andra tempererade l\u00e4nder. V\u00e4xten heter Nattljus d\u00e5 blommorna \u00f6ppnar sig helt p\u00e5 natten och st\u00e4nger sig igen p\u00e5 morgonen n\u00e4sta dag.&nbsp;<\/p>\n<p>Nattljusolja s\u00e4gs ha m\u00e5nga gynnsamma egenskaper. Bland dem finns ett antal positiva effekter p\u00e5 huden, s\u00e5som att den hj\u00e4lper mot mj\u00e4ll, eksem och psoriasis. Taget internt s\u00e4gs den ocks\u00e5 bek\u00e4mpa degenerativa sjukdomar, hj\u00e4rtsjukdomar och kolesterol.&nbsp;<\/p>\n<p>V\u00e5r <strong>Nattljusbasolja i Grossistledet<\/strong> kommer fr\u00e5n Storbritannien och tillverkas genom kallpressning.<\/p>\n","protected":false},"excerpt":{"rendered":"<p>V\u00e5r Nattljusbasolja \u00e4r perfekt f\u00f6r att sp\u00e4da ut eteriska oljor innan de anv\u00e4nds p\u00e5 huden. Alla v\u00e5ra basoljor best\u00e5r av 100% naturlig ren olja.&nbsp; Nattljusblomman, ibland k\u00e4nd som Evening Star, \u00e4r en biennalv\u00e4xt som \u00e4r vanlig i Nordamerika och andra tempererade l\u00e4nder. V\u00e4xten heter Nattljus d\u00e5 blommorna \u00f6ppnar sig helt p\u00e5 natten och st\u00e4nger sig [&hellip;]<\/p>\n","protected":false},"featured_media":259570,"comment_status":"closed","ping_status":"open","template":"","meta":{"_angie_page":false},"product_brand":[27091],"product_cat":[11868,13718,26836,25845,26059],"product_tag":[],"class_list":{"0":"post-217349","1":"product","2":"type-product","3":"status-publish","4":"has-post-thumbnail","6":"product_brand-ancient-wisdom","7":"product_cat-aromaterapi-och-rumsdofter","8":"product_cat-basoljor","9":"product_cat-blommig","10":"product_cat-dofter-aromer","11":"product_cat-ros","12":"pa_collection-base-oils-1-litre-sv","13":"pa_made-in-kina","15":"first","16":"instock","17":"purchasable","18":"product-type-simple"},"supplier_id":null,"supplier_sku":"BOz-10","barcode":null,"atum_controlled":true,"out_stock_date":null,"out_stock_threshold":null,"inheritable":false,"inbound_stock":null,"stock_on_hold":0,"sold_today":0,"sales_last_days":0,"reserved_stock":null,"customer_returns":null,"warehouse_damage":null,"lost_in_post":null,"other_logs":null,"out_stock_days":0,"lost_sales":0,"has_location":null,"update_date":"2026-04-27T06:55:31","atum_locations":[],"atum_stock_status":"instock","restock_status":false,"low_stock_amount":"","sales_update_date":"2026-02-06T00:01:23","calc_backorders":null,"_links":{"self":[{"href":"https:\/\/aromasentia.com\/sv\/wp-json\/wp\/v2\/product\/217349","targetHints":{"allow":["GET"]}}],"collection":[{"href":"https:\/\/aromasentia.com\/sv\/wp-json\/wp\/v2\/product"}],"about":[{"href":"https:\/\/aromasentia.com\/sv\/wp-json\/wp\/v2\/types\/product"}],"replies":[{"embeddable":true,"href":"https:\/\/aromasentia.com\/sv\/wp-json\/wp\/v2\/comments?post=217349"}],"version-history":[{"count":0,"href":"https:\/\/aromasentia.com\/sv\/wp-json\/wp\/v2\/product\/217349\/revisions"}],"wp:featuredmedia":[{"embeddable":true,"href":"https:\/\/aromasentia.com\/sv\/wp-json\/wp\/v2\/media\/259570"}],"wp:attachment":[{"href":"https:\/\/aromasentia.com\/sv\/wp-json\/wp\/v2\/media?parent=217349"}],"wp:term":[{"taxonomy":"product_brand","embeddable":true,"href":"https:\/\/aromasentia.com\/sv\/wp-json\/wp\/v2\/product_brand?post=217349"},{"taxonomy":"product_cat","embeddable":true,"href":"https:\/\/aromasentia.com\/sv\/wp-json\/wp\/v2\/product_cat?post=217349"},{"taxonomy":"product_tag","embeddable":true,"href":"https:\/\/aromasentia.com\/sv\/wp-json\/wp\/v2\/product_tag?post=217349"}],"curies":[{"name":"wp","href":"https:\/\/api.w.org\/{rel}","templated":true}]}}