{"id":217346,"date":"2025-03-20T14:38:14","date_gmt":"2025-03-20T14:38:14","guid":{"rendered":"https:\/\/aromasentia.com\/product\/hempseed-1-litre\/"},"modified":"2025-12-31T15:52:49","modified_gmt":"2025-12-31T15:52:49","slug":"hampfroolja-1-liter","status":"publish","type":"product","link":"https:\/\/aromasentia.com\/sv\/hampfroolja-1-liter\/","title":{"rendered":"Hampfr\u00f6olja &#8211; 1 Liter"},"content":{"rendered":"<p><strong>Latinskt namn:&nbsp;<\/strong><em>Cannabis Sativa<\/em>&nbsp;<\/p>\n<p>V\u00e5r Hampfr\u00f6basolja \u00e4r perfekt f\u00f6r att sp\u00e4da ut eteriska oljor innan de anv\u00e4nds p\u00e5 huden. Alla v\u00e5ra basoljor best\u00e5r av 100% naturlig ren olja.&nbsp;<\/p>\n<p>Hampa har anv\u00e4nts \u00f6ver hela v\u00e4rlden i m\u00e5nga \u00e5r. Det \u00e4r en mycket anv\u00e4ndbar v\u00e4xt och anv\u00e4nds \u00e4n idag till allt fr\u00e5n h\u00f6gh\u00e5llfasta fibrer, plaster och br\u00e4nslen till jordrening och smycken. Den har bokstavligen s\u00e5 m\u00e5nga anv\u00e4ndningsomr\u00e5den att alla inte f\u00e5r plats p\u00e5 den h\u00e4r sidan.&nbsp;<\/p>\n<p>Hampfr\u00f6olja i sig \u00e4r lika anv\u00e4ndbar. I sin raffinerade form anv\u00e4nds den vanligtvis i kosmetiska och personliga v\u00e5rdprodukter och i aromaterapi. Det \u00e4r ocks\u00e5 en bra fuktkr\u00e4m f\u00f6r huden.&nbsp;<\/p>\n<p>V\u00e5r <strong>Hampfr\u00f6basolja i Grossistledet<\/strong> kommer fr\u00e5n Indonesien och tillverkas genom kallpressning.<\/p>\n","protected":false},"excerpt":{"rendered":"<p>Latinskt namn:&nbsp;Cannabis Sativa&nbsp; V\u00e5r Hampfr\u00f6basolja \u00e4r perfekt f\u00f6r att sp\u00e4da ut eteriska oljor innan de anv\u00e4nds p\u00e5 huden. Alla v\u00e5ra basoljor best\u00e5r av 100% naturlig ren olja.&nbsp; Hampa har anv\u00e4nts \u00f6ver hela v\u00e4rlden i m\u00e5nga \u00e5r. Det \u00e4r en mycket anv\u00e4ndbar v\u00e4xt och anv\u00e4nds \u00e4n idag till allt fr\u00e5n h\u00f6gh\u00e5llfasta fibrer, plaster och br\u00e4nslen till [&hellip;]<\/p>\n","protected":false},"featured_media":259543,"comment_status":"closed","ping_status":"open","template":"","meta":{"_angie_page":false},"product_brand":[27091],"product_cat":[11868,13718],"product_tag":[],"class_list":{"0":"post-217346","1":"product","2":"type-product","3":"status-publish","4":"has-post-thumbnail","6":"product_brand-ancient-wisdom","7":"product_cat-aromaterapi-och-rumsdofter","8":"product_cat-basoljor","9":"pa_collection-base-oils-1-litre-sv","10":"pa_made-in-nederlanderna","12":"first","13":"instock","14":"purchasable","15":"product-type-simple"},"supplier_id":null,"supplier_sku":"BOz-07","barcode":null,"atum_controlled":true,"out_stock_date":null,"out_stock_threshold":null,"inheritable":false,"inbound_stock":null,"stock_on_hold":0,"sold_today":0,"sales_last_days":0,"reserved_stock":null,"customer_returns":null,"warehouse_damage":null,"lost_in_post":null,"other_logs":null,"out_stock_days":0,"lost_sales":0,"has_location":null,"update_date":"2026-05-01T01:01:25","atum_locations":[],"atum_stock_status":"instock","restock_status":false,"low_stock_amount":"","sales_update_date":"2026-01-30T01:24:29","calc_backorders":null,"_links":{"self":[{"href":"https:\/\/aromasentia.com\/sv\/wp-json\/wp\/v2\/product\/217346","targetHints":{"allow":["GET"]}}],"collection":[{"href":"https:\/\/aromasentia.com\/sv\/wp-json\/wp\/v2\/product"}],"about":[{"href":"https:\/\/aromasentia.com\/sv\/wp-json\/wp\/v2\/types\/product"}],"replies":[{"embeddable":true,"href":"https:\/\/aromasentia.com\/sv\/wp-json\/wp\/v2\/comments?post=217346"}],"version-history":[{"count":0,"href":"https:\/\/aromasentia.com\/sv\/wp-json\/wp\/v2\/product\/217346\/revisions"}],"wp:featuredmedia":[{"embeddable":true,"href":"https:\/\/aromasentia.com\/sv\/wp-json\/wp\/v2\/media\/259543"}],"wp:attachment":[{"href":"https:\/\/aromasentia.com\/sv\/wp-json\/wp\/v2\/media?parent=217346"}],"wp:term":[{"taxonomy":"product_brand","embeddable":true,"href":"https:\/\/aromasentia.com\/sv\/wp-json\/wp\/v2\/product_brand?post=217346"},{"taxonomy":"product_cat","embeddable":true,"href":"https:\/\/aromasentia.com\/sv\/wp-json\/wp\/v2\/product_cat?post=217346"},{"taxonomy":"product_tag","embeddable":true,"href":"https:\/\/aromasentia.com\/sv\/wp-json\/wp\/v2\/product_tag?post=217346"}],"curies":[{"name":"wp","href":"https:\/\/api.w.org\/{rel}","templated":true}]}}