{"id":217344,"date":"2025-03-20T14:38:14","date_gmt":"2025-03-20T14:38:14","guid":{"rendered":"https:\/\/aromasentia.com\/product\/apricot-kernel-1-litre\/"},"modified":"2025-12-31T15:52:49","modified_gmt":"2025-12-31T15:52:49","slug":"aprikoskarnolja-1-liter","status":"publish","type":"product","link":"https:\/\/aromasentia.com\/sv\/aprikoskarnolja-1-liter\/","title":{"rendered":"Aprikosk\u00e4rnolja &#8211; 1 Liter"},"content":{"rendered":"<p>V\u00e5r <strong>Aprikosk\u00e4rnbasolja<\/strong> \u00e4r perfekt f\u00f6r att sp\u00e4da ut eteriska oljor innan de anv\u00e4nds p\u00e5 huden. Alla v\u00e5ra basoljor best\u00e5r av 100% naturlig ren olja.&nbsp;<\/p>\n<p>Sj\u00e4lva oljan kallpressas fr\u00e5n k\u00e4rnan eller fr\u00f6et i mitten av frukten. Den s\u00e4gs vara v\u00e4ldigt bra f\u00f6r huden och ge lindring mot kl\u00e5da och eksem. Den \u00e4r ocks\u00e5 v\u00e4ldigt bra f\u00f6r \u00e5ldrande hud och en bra olja f\u00f6r massage.&nbsp;<\/p>\n<p>Aprikosk\u00e4rnbasolja kommer fr\u00e5n Spanien och tillverkas med hj\u00e4lp av kallpressning. Vi \u00e4r en av Storbritanniens ledande grossister inom basoljor.<\/p>\n","protected":false},"excerpt":{"rendered":"<p>V\u00e5r Aprikosk\u00e4rnbasolja \u00e4r perfekt f\u00f6r att sp\u00e4da ut eteriska oljor innan de anv\u00e4nds p\u00e5 huden. Alla v\u00e5ra basoljor best\u00e5r av 100% naturlig ren olja.&nbsp; Sj\u00e4lva oljan kallpressas fr\u00e5n k\u00e4rnan eller fr\u00f6et i mitten av frukten. Den s\u00e4gs vara v\u00e4ldigt bra f\u00f6r huden och ge lindring mot kl\u00e5da och eksem. Den \u00e4r ocks\u00e5 v\u00e4ldigt bra f\u00f6r [&hellip;]<\/p>\n","protected":false},"featured_media":642300,"comment_status":"closed","ping_status":"open","template":"","meta":{"_angie_page":false},"product_brand":[27091],"product_cat":[11868,13718],"product_tag":[],"class_list":{"0":"post-217344","1":"product","2":"type-product","3":"status-publish","4":"has-post-thumbnail","6":"product_brand-ancient-wisdom","7":"product_cat-aromaterapi-och-rumsdofter","8":"product_cat-basoljor","9":"pa_collection-base-oils-1-litre-sv","10":"pa_made-in-spanien","12":"first","13":"instock","14":"purchasable","15":"product-type-simple"},"supplier_id":null,"supplier_sku":"BOz-05","barcode":null,"atum_controlled":true,"out_stock_date":null,"out_stock_threshold":null,"inheritable":false,"inbound_stock":0,"stock_on_hold":0,"sold_today":0,"sales_last_days":0,"reserved_stock":0,"customer_returns":0,"warehouse_damage":0,"lost_in_post":0,"other_logs":0,"out_stock_days":0,"lost_sales":0,"has_location":false,"update_date":"2026-04-27T19:09:48","atum_locations":[],"atum_stock_status":"instock","restock_status":false,"low_stock_amount":"","sales_update_date":"2025-10-09T03:26:50","calc_backorders":null,"_links":{"self":[{"href":"https:\/\/aromasentia.com\/sv\/wp-json\/wp\/v2\/product\/217344","targetHints":{"allow":["GET"]}}],"collection":[{"href":"https:\/\/aromasentia.com\/sv\/wp-json\/wp\/v2\/product"}],"about":[{"href":"https:\/\/aromasentia.com\/sv\/wp-json\/wp\/v2\/types\/product"}],"replies":[{"embeddable":true,"href":"https:\/\/aromasentia.com\/sv\/wp-json\/wp\/v2\/comments?post=217344"}],"version-history":[{"count":0,"href":"https:\/\/aromasentia.com\/sv\/wp-json\/wp\/v2\/product\/217344\/revisions"}],"wp:featuredmedia":[{"embeddable":true,"href":"https:\/\/aromasentia.com\/sv\/wp-json\/wp\/v2\/media\/642300"}],"wp:attachment":[{"href":"https:\/\/aromasentia.com\/sv\/wp-json\/wp\/v2\/media?parent=217344"}],"wp:term":[{"taxonomy":"product_brand","embeddable":true,"href":"https:\/\/aromasentia.com\/sv\/wp-json\/wp\/v2\/product_brand?post=217344"},{"taxonomy":"product_cat","embeddable":true,"href":"https:\/\/aromasentia.com\/sv\/wp-json\/wp\/v2\/product_cat?post=217344"},{"taxonomy":"product_tag","embeddable":true,"href":"https:\/\/aromasentia.com\/sv\/wp-json\/wp\/v2\/product_tag?post=217344"}],"curies":[{"name":"wp","href":"https:\/\/api.w.org\/{rel}","templated":true}]}}