{"id":217340,"date":"2025-03-20T14:38:14","date_gmt":"2025-03-20T14:38:14","guid":{"rendered":"https:\/\/aromasentia.com\/product\/grapeseed-1-litre\/"},"modified":"2025-12-31T15:52:42","modified_gmt":"2025-12-31T15:52:42","slug":"druvkarneolja-1-liter","status":"publish","type":"product","link":"https:\/\/aromasentia.com\/sv\/druvkarneolja-1-liter\/","title":{"rendered":"Druvk\u00e4rneolja &#8211; 1 Liter"},"content":{"rendered":"<p><strong>Latinskt namn:<\/strong> <em>Vitis Vinifera&nbsp;<\/em><\/p>\n<p>Som namnet antyder utvinns druvk\u00e4rneolja fr\u00e5n k\u00e4rnorna som finns i frukten av den vanliga vinrankan.&nbsp;<\/p>\n<p>Druvor har sk\u00f6rdats och anv\u00e4nts av m\u00e4nniskor till mat, medicin och diverse annat i \u00f6ver 10 000 \u00e5r. Olika delar av v\u00e4xten har tillskrivits ett brett spektrum av medicinska effekter fr\u00e5n att stoppa bl\u00f6dningar till att behandla smittkoppor.&nbsp;<\/p>\n<p>Oljan \u00e4r bra f\u00f6r huden, eftersom den inte \u00e4r fet och g\u00f6r huden mjuk. Den \u00e4r ocks\u00e5 bra f\u00f6r matlagning eftersom den inneh\u00e5ller noll kolesterol.&nbsp;<\/p>\n<p>V\u00e5r <strong>Druvk\u00e4rnebasolja i Grossistledet<\/strong> kommer fr\u00e5n Spanien och tillverkas genom kallpressning. <\/p>\n","protected":false},"excerpt":{"rendered":"<p>Latinskt namn: Vitis Vinifera&nbsp; Som namnet antyder utvinns druvk\u00e4rneolja fr\u00e5n k\u00e4rnorna som finns i frukten av den vanliga vinrankan.&nbsp; Druvor har sk\u00f6rdats och anv\u00e4nts av m\u00e4nniskor till mat, medicin och diverse annat i \u00f6ver 10 000 \u00e5r. Olika delar av v\u00e4xten har tillskrivits ett brett spektrum av medicinska effekter fr\u00e5n att stoppa bl\u00f6dningar till att [&hellip;]<\/p>\n","protected":false},"featured_media":259497,"comment_status":"closed","ping_status":"open","template":"","meta":{"_angie_page":false},"product_brand":[27091],"product_cat":[11868,13718],"product_tag":[],"class_list":{"0":"post-217340","1":"product","2":"type-product","3":"status-publish","4":"has-post-thumbnail","6":"product_brand-ancient-wisdom","7":"product_cat-aromaterapi-och-rumsdofter","8":"product_cat-basoljor","9":"pa_collection-base-oils-1-litre-sv","10":"pa_made-in-spanien","12":"first","13":"instock","14":"purchasable","15":"product-type-simple"},"supplier_id":null,"supplier_sku":"BOz-01","barcode":null,"atum_controlled":true,"out_stock_date":null,"out_stock_threshold":null,"inheritable":false,"inbound_stock":null,"stock_on_hold":0,"sold_today":0,"sales_last_days":0,"reserved_stock":null,"customer_returns":null,"warehouse_damage":null,"lost_in_post":null,"other_logs":null,"out_stock_days":0,"lost_sales":0,"has_location":null,"update_date":"2026-04-27T06:55:31","atum_locations":[],"atum_stock_status":"instock","restock_status":false,"low_stock_amount":"","sales_update_date":"2025-10-09T03:26:50","calc_backorders":null,"_links":{"self":[{"href":"https:\/\/aromasentia.com\/sv\/wp-json\/wp\/v2\/product\/217340","targetHints":{"allow":["GET"]}}],"collection":[{"href":"https:\/\/aromasentia.com\/sv\/wp-json\/wp\/v2\/product"}],"about":[{"href":"https:\/\/aromasentia.com\/sv\/wp-json\/wp\/v2\/types\/product"}],"replies":[{"embeddable":true,"href":"https:\/\/aromasentia.com\/sv\/wp-json\/wp\/v2\/comments?post=217340"}],"version-history":[{"count":0,"href":"https:\/\/aromasentia.com\/sv\/wp-json\/wp\/v2\/product\/217340\/revisions"}],"wp:featuredmedia":[{"embeddable":true,"href":"https:\/\/aromasentia.com\/sv\/wp-json\/wp\/v2\/media\/259497"}],"wp:attachment":[{"href":"https:\/\/aromasentia.com\/sv\/wp-json\/wp\/v2\/media?parent=217340"}],"wp:term":[{"taxonomy":"product_brand","embeddable":true,"href":"https:\/\/aromasentia.com\/sv\/wp-json\/wp\/v2\/product_brand?post=217340"},{"taxonomy":"product_cat","embeddable":true,"href":"https:\/\/aromasentia.com\/sv\/wp-json\/wp\/v2\/product_cat?post=217340"},{"taxonomy":"product_tag","embeddable":true,"href":"https:\/\/aromasentia.com\/sv\/wp-json\/wp\/v2\/product_tag?post=217340"}],"curies":[{"name":"wp","href":"https:\/\/api.w.org\/{rel}","templated":true}]}}