{"id":217329,"date":"2025-03-20T14:38:52","date_gmt":"2025-03-20T14:38:52","guid":{"rendered":"https:\/\/aromasentia.com\/product\/10ml-aromatherapy-car-blend-traffic-jam\/"},"modified":"2025-12-31T15:52:34","modified_gmt":"2025-12-31T15:52:34","slug":"10ml-aromaterapi-blandning-till-bilen-bilko","status":"publish","type":"product","link":"https:\/\/aromasentia.com\/sv\/10ml-aromaterapi-blandning-till-bilen-bilko\/","title":{"rendered":"10ml Aromaterapi Blandning till Bilen &#8211; Bilk\u00f6"},"content":{"rendered":"<p>Vi k\u00f6r till jobbet, till skolan, p\u00e5 semester och ibland hamnar vi i bilk\u00f6er. Med vardagsk\u00f6rning blir vi kanske lite stressade p\u00e5 v\u00e4garna, eller beh\u00f6ver lite uppmuntran under l\u00e5nga resor som str\u00e4cker sig l\u00e5ngt in p\u00e5 natten, eller s\u00e5 tenderar vi att bli lite \u00e5ksjuka.&nbsp;<\/p>\n<p>Men n\u00e5gra droppar eterisk olja kan vara allt du beh\u00f6ver f\u00f6r att f\u00f6rvandla din bil till en lugn oas och f\u00e5 din tid bakom ratten att handla mer om resan, inte bara destinationen.&nbsp;<\/p>\n<p>Du kanske t\u00e4nker p\u00e5 aromaterapioljor som n\u00e5got att njuta av i ditt hem eller under en spabehandling, men med lite omsorg och kunskap kan denna ur\u00e5ldriga konst ocks\u00e5 anv\u00e4ndas f\u00f6r att f\u00f6rb\u00e4ttra din k\u00f6rupplevelse och g\u00f6ra din resa trevligare, h\u00e4lsosammare och s\u00e4krare.<\/p>\n","protected":false},"excerpt":{"rendered":"<p>Vi k\u00f6r till jobbet, till skolan, p\u00e5 semester och ibland hamnar vi i bilk\u00f6er. Med vardagsk\u00f6rning blir vi kanske lite stressade p\u00e5 v\u00e4garna, eller beh\u00f6ver lite uppmuntran under l\u00e5nga resor som str\u00e4cker sig l\u00e5ngt in p\u00e5 natten, eller s\u00e5 tenderar vi att bli lite \u00e5ksjuka.&nbsp; Men n\u00e5gra droppar eterisk olja kan vara allt du beh\u00f6ver [&hellip;]<\/p>\n","protected":false},"featured_media":259918,"comment_status":"closed","ping_status":"open","template":"","meta":{"_angie_page":false},"product_brand":[],"product_cat":[11868,13957,26653,13648],"product_tag":[],"class_list":{"0":"post-217329","1":"product","2":"type-product","3":"status-publish","4":"has-post-thumbnail","6":"product_cat-aromaterapi-och-rumsdofter","7":"product_cat-bildofter","8":"product_cat-eteriska-oljeblandningar","9":"product_cat-eteriska-oljor","10":"pa_collection-aromatherapy-blends-for-car-diffusers-sv","11":"pa_made-in-frankrike","12":"pa_size-10ml","14":"first","15":"instock","16":"purchasable","17":"product-type-simple"},"supplier_id":null,"supplier_sku":"CarEO-05","barcode":null,"atum_controlled":true,"out_stock_date":null,"out_stock_threshold":null,"inheritable":false,"inbound_stock":null,"stock_on_hold":0,"sold_today":0,"sales_last_days":0,"reserved_stock":null,"customer_returns":null,"warehouse_damage":null,"lost_in_post":null,"other_logs":null,"out_stock_days":0,"lost_sales":0,"has_location":null,"update_date":"2026-04-27T06:55:59","atum_locations":[],"atum_stock_status":"instock","restock_status":false,"low_stock_amount":"","sales_update_date":"2026-02-06T00:01:54","calc_backorders":null,"_links":{"self":[{"href":"https:\/\/aromasentia.com\/sv\/wp-json\/wp\/v2\/product\/217329","targetHints":{"allow":["GET"]}}],"collection":[{"href":"https:\/\/aromasentia.com\/sv\/wp-json\/wp\/v2\/product"}],"about":[{"href":"https:\/\/aromasentia.com\/sv\/wp-json\/wp\/v2\/types\/product"}],"replies":[{"embeddable":true,"href":"https:\/\/aromasentia.com\/sv\/wp-json\/wp\/v2\/comments?post=217329"}],"version-history":[{"count":0,"href":"https:\/\/aromasentia.com\/sv\/wp-json\/wp\/v2\/product\/217329\/revisions"}],"wp:featuredmedia":[{"embeddable":true,"href":"https:\/\/aromasentia.com\/sv\/wp-json\/wp\/v2\/media\/259918"}],"wp:attachment":[{"href":"https:\/\/aromasentia.com\/sv\/wp-json\/wp\/v2\/media?parent=217329"}],"wp:term":[{"taxonomy":"product_brand","embeddable":true,"href":"https:\/\/aromasentia.com\/sv\/wp-json\/wp\/v2\/product_brand?post=217329"},{"taxonomy":"product_cat","embeddable":true,"href":"https:\/\/aromasentia.com\/sv\/wp-json\/wp\/v2\/product_cat?post=217329"},{"taxonomy":"product_tag","embeddable":true,"href":"https:\/\/aromasentia.com\/sv\/wp-json\/wp\/v2\/product_tag?post=217329"}],"curies":[{"name":"wp","href":"https:\/\/api.w.org\/{rel}","templated":true}]}}