{"id":217324,"date":"2025-03-20T14:38:52","date_gmt":"2025-03-20T14:38:52","guid":{"rendered":"https:\/\/aromasentia.com\/product\/batana-oil-1-litre\/"},"modified":"2025-12-31T15:52:34","modified_gmt":"2025-12-31T15:52:34","slug":"batanaolja-1-liter","status":"publish","type":"product","link":"https:\/\/aromasentia.com\/sv\/batanaolja-1-liter\/","title":{"rendered":"Batanaolja &#8211; 1 Liter"},"content":{"rendered":"<h5 style=\"text-align: justify;\">Vad \u00e4r Batanaolja?<\/h5>\n<p style=\"text-align: justify;\">Batanaolja, utvunnen fr\u00e5n n\u00f6tterna av det amerikanska palmtr\u00e4det (Elaeis oleifera), \u00e4r en lyxig och n\u00e4ringsrik olja k\u00e4nd f\u00f6r sina \u00e5terst\u00e4llande egenskaper. Denna gyllene olja \u00e4r traditionellt producerad av Miskito-folket i Centralamerika, och kallas f\u00f6r &quot;mirakelolja&quot; tack vare dess f\u00f6rm\u00e5ga att djupt v\u00e5rda, reparera och skydda h\u00e5r och hud.<\/p>\n<h5 style=\"text-align: justify;\">Batanaolja \u00e4r m\u00e5ngsidig och kan anv\u00e4ndas i sin rena form eller som en nyckelingrediens i olika formuleringar.<\/h5>\n<ul>\n<li style=\"text-align: justify;\"><strong>H\u00e5rv\u00e5rd:<\/strong> Batanaolja \u00e4r fantastisk f\u00f6r h\u00e5ret, d\u00e5 den hj\u00e4lper till att reparera skadade h\u00e5rstr\u00e5n, \u00e5terst\u00e4lla glans och fr\u00e4mja h\u00e5rv\u00e4xt. Den anv\u00e4nds ofta i schampon, balsam, h\u00e5rmasker och serum.<\/li>\n<li style=\"text-align: justify;\"><strong>Hudv\u00e5rd:<\/strong> Med sina \u00e5terfuktande och antiinflammatoriska egenskaper \u00e4r Batanaolja ett utm\u00e4rkt tillskott i lotioner, kr\u00e4mer och kroppssm\u00f6r. Den lugnar torr hud, minskar synligheten av \u00e4rr och fr\u00e4mjar en j\u00e4mn hudton.<\/li>\n<li style=\"text-align: justify;\"><strong>DIY-formuleringar:<\/strong> Batanaolja \u00e4r perfekt f\u00f6r skr\u00e4ddarsydda blandningar, och kan kombineras med eteriska oljor f\u00f6r att skapa personliga behandlingar f\u00f6r h\u00e5r och hud.<\/li>\n<\/ul>\n<h5 style=\"text-align: justify;\">Vad tros Batanaolja hj\u00e4lpa med?<\/h5>\n<p style=\"text-align: justify;\">Batanaolja uppskattas f\u00f6r sin unika f\u00f6rm\u00e5ga att l\u00f6sa olika h\u00e5r- och hudproblem:<\/p>\n<ul>\n<li style=\"text-align: justify;\"><strong>H\u00e5rv\u00e4xt:<\/strong> Den tros st\u00e4rka h\u00e5rs\u00e4ckar, minska slitage och fr\u00e4mja tillv\u00e4xt.<\/li>\n<li style=\"text-align: justify;\"><strong>Torrt och skadat h\u00e5r:&nbsp;<\/strong>Dess intensiva \u00e5terfuktning hj\u00e4lper till att \u00e5terst\u00e4lla fukt och reparera kluvna toppar.<\/li>\n<li style=\"text-align: justify;\"><strong>Hudv\u00e5rd:<\/strong> Den \u00e4r rik p\u00e5 fettsyror och antioxidanter, och den \u00e5terfuktar, lindrar irritation och skyddar mot milj\u00f6skador.<\/li>\n<li style=\"text-align: justify;\"><strong>H\u00e5rbottens h\u00e4lsa: <\/strong>K\u00e4nd f\u00f6r sina lugnande egenskaper, hj\u00e4lper Batanaolja till att lindra mj\u00e4ll och torrhet.<\/li>\n<\/ul>\n<p style=\"text-align: justify;\"><em>Vi rekommenderar att du g\u00f6r ett kompatibilitetstest innan du introducerar denna olja i dina formuleringar.<\/em><\/p>\n","protected":false},"excerpt":{"rendered":"<p>Vad \u00e4r Batanaolja? Batanaolja, utvunnen fr\u00e5n n\u00f6tterna av det amerikanska palmtr\u00e4det (Elaeis oleifera), \u00e4r en lyxig och n\u00e4ringsrik olja k\u00e4nd f\u00f6r sina \u00e5terst\u00e4llande egenskaper. Denna gyllene olja \u00e4r traditionellt producerad av Miskito-folket i Centralamerika, och kallas f\u00f6r &quot;mirakelolja&quot; tack vare dess f\u00f6rm\u00e5ga att djupt v\u00e5rda, reparera och skydda h\u00e5r och hud. Batanaolja \u00e4r m\u00e5ngsidig och [&hellip;]<\/p>\n","protected":false},"featured_media":259777,"comment_status":"closed","ping_status":"open","template":"","meta":{"_angie_page":false},"product_brand":[27091],"product_cat":[11868,13718],"product_tag":[],"class_list":{"0":"post-217324","1":"product","2":"type-product","3":"status-publish","4":"has-post-thumbnail","6":"product_brand-ancient-wisdom","7":"product_cat-aromaterapi-och-rumsdofter","8":"product_cat-basoljor","9":"pa_collection-base-oils-1-litre-sv","10":"pa_made-in-colombia","12":"first","13":"instock","14":"purchasable","15":"product-type-simple"},"supplier_id":null,"supplier_sku":"BOZ-35","barcode":null,"atum_controlled":true,"out_stock_date":null,"out_stock_threshold":null,"inheritable":false,"inbound_stock":null,"stock_on_hold":0,"sold_today":0,"sales_last_days":0,"reserved_stock":null,"customer_returns":null,"warehouse_damage":null,"lost_in_post":null,"other_logs":null,"out_stock_days":0,"lost_sales":0,"has_location":null,"update_date":"2026-04-27T06:55:40","atum_locations":[],"atum_stock_status":"instock","restock_status":false,"low_stock_amount":"","sales_update_date":"2025-10-09T03:26:59","calc_backorders":null,"_links":{"self":[{"href":"https:\/\/aromasentia.com\/sv\/wp-json\/wp\/v2\/product\/217324","targetHints":{"allow":["GET"]}}],"collection":[{"href":"https:\/\/aromasentia.com\/sv\/wp-json\/wp\/v2\/product"}],"about":[{"href":"https:\/\/aromasentia.com\/sv\/wp-json\/wp\/v2\/types\/product"}],"replies":[{"embeddable":true,"href":"https:\/\/aromasentia.com\/sv\/wp-json\/wp\/v2\/comments?post=217324"}],"version-history":[{"count":0,"href":"https:\/\/aromasentia.com\/sv\/wp-json\/wp\/v2\/product\/217324\/revisions"}],"wp:featuredmedia":[{"embeddable":true,"href":"https:\/\/aromasentia.com\/sv\/wp-json\/wp\/v2\/media\/259777"}],"wp:attachment":[{"href":"https:\/\/aromasentia.com\/sv\/wp-json\/wp\/v2\/media?parent=217324"}],"wp:term":[{"taxonomy":"product_brand","embeddable":true,"href":"https:\/\/aromasentia.com\/sv\/wp-json\/wp\/v2\/product_brand?post=217324"},{"taxonomy":"product_cat","embeddable":true,"href":"https:\/\/aromasentia.com\/sv\/wp-json\/wp\/v2\/product_cat?post=217324"},{"taxonomy":"product_tag","embeddable":true,"href":"https:\/\/aromasentia.com\/sv\/wp-json\/wp\/v2\/product_tag?post=217324"}],"curies":[{"name":"wp","href":"https:\/\/api.w.org\/{rel}","templated":true}]}}