{"id":217304,"date":"2025-03-20T14:39:52","date_gmt":"2025-03-20T14:39:52","guid":{"rendered":"https:\/\/aromasentia.com\/product\/ceramic-metal-square-stand\/"},"modified":"2025-12-31T15:52:20","modified_gmt":"2025-12-31T15:52:20","slug":"keramisk-brannare-med-fyrkantigt-stativ-metall","status":"publish","type":"product","link":"https:\/\/aromasentia.com\/sv\/keramisk-brannare-med-fyrkantigt-stativ-metall\/","title":{"rendered":"Keramisk Br\u00e4nnare med Fyrkantigt Stativ (Metall)"},"content":{"rendered":"<p style=\"text-align: justify;\">Var och en av dessa oljebr\u00e4nnare fungerar inte bara som ett funktionellt verktyg f\u00f6r att sprida dina favoritdofter utan fungerar ocks\u00e5 som ett f\u00e4ngslande konstverk som f\u00f6rh\u00f6jer atmosf\u00e4ren i ditt vardagsrum.&nbsp;<\/p>\n<p style=\"text-align: justify;\">Denna fyrkantiga oljebr\u00e4nnare utstr\u00e5lar en modern och konstn\u00e4rlig k\u00e4nsla, vilket g\u00f6r den till en unik prydnad i alla rum.<\/p>\n<p style=\"text-align: justify;\">Placera alltid oljebr\u00e4nnaren p\u00e5 en v\u00e4rmet\u00e5lig matta. Se till att det finns tillr\u00e4ckligt med vatten i beh\u00e5llaren ovanf\u00f6r br\u00e4nnaren. Anv\u00e4nd v\u00e4rmeljus av god kvalitet. L\u00e4mna den aldrig obevakad n\u00e4r den \u00e4r t\u00e4nd och h\u00e5ll borta fr\u00e5n gardiner. Om l\u00e5gan blir farlig, sl\u00e4ck med en fuktig trasa. F\u00f6rvara utom r\u00e4ckh\u00e5ll f\u00f6r barn.<\/p>\n","protected":false},"excerpt":{"rendered":"<p>Var och en av dessa oljebr\u00e4nnare fungerar inte bara som ett funktionellt verktyg f\u00f6r att sprida dina favoritdofter utan fungerar ocks\u00e5 som ett f\u00e4ngslande konstverk som f\u00f6rh\u00f6jer atmosf\u00e4ren i ditt vardagsrum.&nbsp; Denna fyrkantiga oljebr\u00e4nnare utstr\u00e5lar en modern och konstn\u00e4rlig k\u00e4nsla, vilket g\u00f6r den till en unik prydnad i alla rum. Placera alltid oljebr\u00e4nnaren p\u00e5 en [&hellip;]<\/p>\n","protected":false},"featured_media":260136,"comment_status":"closed","ping_status":"open","template":"","meta":{"_angie_page":false},"product_brand":[],"product_cat":[12345,11884],"product_tag":[],"class_list":{"0":"post-217304","1":"product","2":"type-product","3":"status-publish","4":"has-post-thumbnail","6":"product_cat-aromalampor","7":"product_cat-aromalampor-diffusers-och-doftpinnar","8":"pa_collection-cool-design-oil-burner-sv","9":"pa_made-in-kina","11":"first","12":"instock","13":"purchasable","14":"product-type-simple"},"supplier_id":null,"supplier_sku":"CDes-16","barcode":null,"atum_controlled":true,"out_stock_date":null,"out_stock_threshold":null,"inheritable":false,"inbound_stock":null,"stock_on_hold":0,"sold_today":0,"sales_last_days":0,"reserved_stock":null,"customer_returns":null,"warehouse_damage":null,"lost_in_post":null,"other_logs":null,"out_stock_days":0,"lost_sales":0,"has_location":null,"update_date":"2026-05-08T05:06:08","atum_locations":[],"atum_stock_status":"instock","restock_status":false,"low_stock_amount":"","sales_update_date":"2026-02-06T00:02:48","calc_backorders":null,"_links":{"self":[{"href":"https:\/\/aromasentia.com\/sv\/wp-json\/wp\/v2\/product\/217304","targetHints":{"allow":["GET"]}}],"collection":[{"href":"https:\/\/aromasentia.com\/sv\/wp-json\/wp\/v2\/product"}],"about":[{"href":"https:\/\/aromasentia.com\/sv\/wp-json\/wp\/v2\/types\/product"}],"replies":[{"embeddable":true,"href":"https:\/\/aromasentia.com\/sv\/wp-json\/wp\/v2\/comments?post=217304"}],"version-history":[{"count":0,"href":"https:\/\/aromasentia.com\/sv\/wp-json\/wp\/v2\/product\/217304\/revisions"}],"wp:featuredmedia":[{"embeddable":true,"href":"https:\/\/aromasentia.com\/sv\/wp-json\/wp\/v2\/media\/260136"}],"wp:attachment":[{"href":"https:\/\/aromasentia.com\/sv\/wp-json\/wp\/v2\/media?parent=217304"}],"wp:term":[{"taxonomy":"product_brand","embeddable":true,"href":"https:\/\/aromasentia.com\/sv\/wp-json\/wp\/v2\/product_brand?post=217304"},{"taxonomy":"product_cat","embeddable":true,"href":"https:\/\/aromasentia.com\/sv\/wp-json\/wp\/v2\/product_cat?post=217304"},{"taxonomy":"product_tag","embeddable":true,"href":"https:\/\/aromasentia.com\/sv\/wp-json\/wp\/v2\/product_tag?post=217304"}],"curies":[{"name":"wp","href":"https:\/\/api.w.org\/{rel}","templated":true}]}}